{"id":669207,"date":"2023-07-27T19:01:42","date_gmt":"2023-07-27T19:01:42","guid":{"rendered":"https:\/\/neuvee.com\/?post_type=product&#038;p=669207"},"modified":"2025-05-19T13:20:37","modified_gmt":"2025-05-19T13:20:37","slug":"conan-exiles-isle-of-siptah-4","status":"publish","type":"product","link":"https:\/\/neuvee.com\/pl\/product\/conan-exiles-isle-of-siptah-4\/","title":{"rendered":"CONAN EXILES: ISLE OF SIPTAH"},"content":{"rendered":"<p>Isle of Siptah to ogromny dodatek do survivalowej gry Conan Exiles, zawieraj\u0105cy now\u0105 rozleg\u0142\u0105 wysp\u0119 do eksploracji, nowych gro\u017anych przeciwnik\u00f3w do zabicia, nowe elementy budynk\u00f3w i&nbsp;zupe\u0142nie nowe funkcje rozgrywki. Walcz przeciw starszym rasom w nowych podziemiach. Pokonaj demoniczne stwory zrodzone z&nbsp;czystego chaosu. Staw czo\u0142a magicznej fali i&nbsp;we\u017a w niewol\u0119 ludzi, kt\u00f3rych przenios\u0142a z&nbsp;kontynentu.<\/p>\n<p>Na wysp\u0119 trafiasz jako samotny rozbitek. Poza strz\u0119pami ubioru nie masz nic, zaczynasz wi\u0119c&nbsp;od wykonania niezb\u0119dnych do przetrwania narz\u0119dzi. Z czasem od prostego obozowiska i&nbsp;prymitywnych kamiennych przyrz\u0105d\u00f3w dochodzisz do ogromnej fortecy i&nbsp;wielkich mieczy z&nbsp;utwardzonej stali b\u0105d\u017a&nbsp;obsydianu.<\/p>\n<p>Tw\u00f3j wzrok coraz cz\u0119\u015bciej zatrzymuje si\u0119 na usytuowanej w centrum wyspy, g\u00f3ruj\u0105cej nad krajobrazem mrocznej wie\u017cy. Wiruj\u0105ca wok\u00f3\u0142 niej gwa\u0142towna burza zdaje si\u0119 przybiera\u0107 na sile, a&nbsp;w jej wn\u0119trzu czaj\u0105 si\u0119 nieopisane koszmary. Mo\u017cliwe jednak, \u017ce twoim najgro\u017aniejszym przeciwnikiem s\u0105 inni ocale\u0144cy, gdy\u017c&nbsp;dost\u0119pne na wyspie zasoby s\u0105 ograniczone, a&nbsp;walka o&nbsp;przetrwanie zaciek\u0142a i&nbsp;brutalna.<\/p>\n<p>Nowa mapa \u2013 Wyspa Siptaha<\/p>\n<p>Rozpocznij zupe\u0142nie now\u0105 przygod\u0119 na ogromnej Wyspie Siptaha. Eksploruj sk\u0105pane w s\u0142o\u0144cu, zas\u0142ane szcz\u0105tkami statk\u00f3w pla\u017ce, przemierzaj g\u0119ste sekwojowe lasy oraz&nbsp;rozleg\u0142e doliny z&nbsp;achero\u0144skimi ruinami, penetruj koloni\u0119 stygijskich przesiedle\u0144c\u00f3w, opanowane przez gro\u017anych pirat\u00f3w obozowiska i&nbsp;z\u0142owieszcz\u0105 Wie\u017c\u0119 Siptaha w centrum wyspy.<\/p>\n<p>Nowy typ podziemi \u2013 krypty<\/p>\n<p>Zapu\u015b\u0107 si\u0119 w g\u0142\u0119biny dawno zapomnianych krypt i&nbsp;ujawnij \u015blady starszych ras z&nbsp;odleg\u0142ej przesz\u0142o\u015bci. Odkrywaj tajne pomieszczenia, rozwi\u0105zuj starodawne zagadki i&nbsp;walcz z&nbsp;czyhaj\u0105cymi w mroku czartami i&nbsp;demonami. Zdob\u0105d\u017a cenne skarby i&nbsp;okie\u0142znaj pot\u0119g\u0119 starszych ras.<\/p>\n<p>Nowa funkcja \u2013 malstrom<\/p>\n<p>Wok\u00f3\u0142 mrocznej wie\u017cy w centralnej cz\u0119\u015bci wyspy szaleje gwa\u0142towna burza. Z jej nap\u0119dzanych ponur\u0105 magi\u0105 odm\u0119t\u00f3w wynurzaj\u0105 si\u0119 przera\u017caj\u0105ce, pochodz\u0105ce z&nbsp;za\u015bwiat\u00f3w monstra, kt\u00f3re atakuj\u0105 ka\u017cdego, kto si\u0119 do nich zbli\u017cy. Pokonaj te koszmarne istoty, aby uzyska\u0107 dost\u0119p do nowego, cennego zasobu i&nbsp;zdoby\u0107 wyj\u0105tkowe nagrody.<\/p>\n<p>Nowa funkcja \u2013 fale czarnej magii<\/p>\n<p>Z Wie\u017cy Siptaha rozlewaj\u0105 si\u0119 po wyspie pot\u0119\u017cne fale zakazanej magii, kt\u00f3rej \u017ar\u00f3d\u0142em jest sam starszy b\u00f3g Nyarlathotep. Po ich przej\u015bciu pojawiaj\u0105 si\u0119 ludzie i&nbsp;stwory przeteleportowani w tajemniczy spos\u00f3b z&nbsp;innych \u015bwiat\u00f3w. Dzia\u0142aj szybko, by pojma\u0107 tych przybyszy, zanim zasil\u0105 armie innych graczy.<\/p>\n<p>Nosoro\u017cec do jazdy, zestawy budynk\u00f3w i&nbsp;wiele wi\u0119cej<\/p>\n<p>P\u0119d\u017a do boju i&nbsp;k\u0142ad\u017a trupem wrog\u00f3w, zasiadaj\u0105c na grzbiecie dzikiego nosoro\u017cca. Zbuduj niewielk\u0105 chatk\u0119 lub&nbsp;rozleg\u0142e miasto, posi\u0142kuj\u0105c si\u0119 dwoma nowymi zestawami budynk\u00f3w: ze szcz\u0105tk\u00f3w wyrzuconych na<\/p>\n<p>brzeg wrak\u00f3w oraz&nbsp;ze staro\u017cytnego, majestatycznego szk\u0142a burzowego. Korzystaj z&nbsp;nowych pot\u0119\u017cnych przedmiot\u00f3w, w tym nowych pancerzy, narz\u0119dzi i&nbsp;broni.<\/p>\n<p><\/p>","protected":false},"excerpt":{"rendered":"<p>Isle of Siptah to ogromny dodatek do survivalowej gry Conan Exiles, zawieraj\u0105cy now\u0105 rozleg\u0142\u0105 wysp\u0119 do eksploracji, nowych gro\u017anych przeciwnik\u00f3w do zabicia, nowe elementy budynk\u00f3w i&nbsp;zupe\u0142nie nowe funkcje rozgrywki. Walcz przeciw starszym rasom w nowych podziemiach. Pokonaj demoniczne stwory zrodzone z&nbsp;czystego chaosu. Staw czo\u0142a magicznej fali i&nbsp;we\u017a w niewol\u0119 ludzi, kt\u00f3rych przenios\u0142a z&nbsp;kontynentu. Na wysp\u0119 [&hellip;]<\/p>\n","protected":false},"featured_media":670001,"comment_status":"closed","ping_status":"closed","template":"","meta":{"ub_ctt_via":""},"product_cat":[263,88,127,89,78,222],"product_tag":[218],"class_list":["post-669207","product","type-product","status-publish","has-post-thumbnail","hentry","product_cat-massively-multiplayer","product_cat-action","product_cat-adventure","product_cat-rpg","product_cat-simulation","product_cat-strategy","product_tag-games","platform-steam-works"],"_links":{"self":[{"href":"https:\/\/neuvee.com\/pl\/wp-json\/wp\/v2\/product\/669207","targetHints":{"allow":["GET"]}}],"collection":[{"href":"https:\/\/neuvee.com\/pl\/wp-json\/wp\/v2\/product"}],"about":[{"href":"https:\/\/neuvee.com\/pl\/wp-json\/wp\/v2\/types\/product"}],"replies":[{"embeddable":true,"href":"https:\/\/neuvee.com\/pl\/wp-json\/wp\/v2\/comments?post=669207"}],"wp:featuredmedia":[{"embeddable":true,"href":"https:\/\/neuvee.com\/pl\/wp-json\/wp\/v2\/media\/670001"}],"wp:attachment":[{"href":"https:\/\/neuvee.com\/pl\/wp-json\/wp\/v2\/media?parent=669207"}],"wp:term":[{"taxonomy":"product_cat","embeddable":true,"href":"https:\/\/neuvee.com\/pl\/wp-json\/wp\/v2\/product_cat?post=669207"},{"taxonomy":"product_tag","embeddable":true,"href":"https:\/\/neuvee.com\/pl\/wp-json\/wp\/v2\/product_tag?post=669207"}],"curies":[{"name":"wp","href":"https:\/\/api.w.org\/{rel}","templated":true}]}}