{"id":669204,"date":"2023-07-27T19:00:12","date_gmt":"2023-07-27T19:00:12","guid":{"rendered":"https:\/\/neuvee.com\/?post_type=product&#038;p=669204"},"modified":"2025-05-19T13:21:08","modified_gmt":"2025-05-19T13:21:08","slug":"conan-exiles-treasures-of-turan-4","status":"publish","type":"product","link":"https:\/\/neuvee.com\/pl\/product\/conan-exiles-treasures-of-turan-4\/","title":{"rendered":"CONAN EXILES &#8211; TREASURES OF TURAN"},"content":{"rendered":"<p>Bogactwa wschodniego kr\u00f3lestwa Turanu czekaj\u0105! Budujcie ociekaj\u0105ce przepychem pa\u0142ace pe\u0142ne l\u015bni\u0105cych pos\u0105g\u00f3w! Oswajajcie nosoro\u017cce i&nbsp;s\u0142onie, by wam s\u0142u\u017cy\u0142y za zwierz\u0119ta juczne! Ubierajcie si\u0119 w ol\u015bniewaj\u0105ce zbroje tura\u0144skiej falangi!<br \/>\nNowy pakiet zawarto\u015bci udost\u0119pnia wyj\u0105tkowe elementy zwi\u0105zane z&nbsp;kultur\u0105 Turanu. W jego ramach dost\u0119pne s\u0105 nowe fragmenty budynk\u00f3w, obiekty do umieszczania, pancerze, bronie, barwy wojenne i&nbsp;zwierzaki!<br \/>\nPodarujcie sobie najbardziej wymy\u015blne wyposa\u017cenie i&nbsp;fragmenty budynk\u00f3w, jakie do tej pory pojawi\u0142y si\u0119 w Conan Exiles. Naciesz oko z\u0142otymi ozdobami fragment\u00f3w budynk\u00f3w oraz&nbsp;misternie dopracowanymi broniami i&nbsp;zbrojami.<br \/>\nZawarto\u015b\u0107 pakietu Skarby Turanu:<\/p>\n<p>&#8211; 39 nowych fragment\u00f3w budynk\u00f3w w stylu tura\u0144skim.<br \/>\nPe\u0142ny zestaw fragment\u00f3w budynk\u00f3w o&nbsp;takich samych statystykach jak na obecnym poziomie trzecim.<\/p>\n<p>&#8211; 15 nowych element\u00f3w zbroi w trzech zestawach, takich jak ci\u0119\u017cki pancerz tura\u0144skiego najemnika.<br \/>\nZestawy lekkich, \u015brednich i&nbsp;ci\u0119\u017ckich pancerzy wraz z&nbsp;ich spektakularnymi wersjami z&nbsp;rozgrywki ko\u0144cowej.<\/p>\n<p>&#8211; 9 nowych broni z&nbsp;jednego zestawu broni tura\u0144skiej.<br \/>\nSkuteczno\u015b\u0107 dor\u00f3wnuj\u0105ca broni \u017celaznej i&nbsp;spektakularne wersje broni z&nbsp;rozgrywki ko\u0144cowej.<\/p>\n<p>&#8211; 5 nowych tura\u0144skich barw wojennych.<br \/>\nOzdobne barwy wojenne nawi\u0105zuj\u0105ce do symboliki przepychu i&nbsp;chwa\u0142y.<\/p>\n<p>&#8211; 9 nowych obiekt\u00f3w do umieszczania takich jak lampa stoj\u0105ca czy kadzielnica.<br \/>\nMo\u017cna je stworzy\u0107 na nowym tura\u0144skim stole rzemie\u015blniczym.<\/p>\n<p>&#8211; 2 nowe, wyj\u0105tkowe juczne zwierzaki.<br \/>\nBogato przyozdobiony juczny nosoro\u017cec i&nbsp;s\u0142o\u0144.<br \/>\nCa\u0142a nowa zawarto\u015b\u0107 z&nbsp;Turanu dost\u0119pna jest tylko w tym pakiecie DLC i&nbsp;wprowadza wiele nowych opcji wizualnych, ale nie zapewnia \u017cadnej realnej przewagi w grze. Statystyki wszystkich nowych przedmiot\u00f3w s\u0105 por\u00f3wnywalne ze statystykami obecnie istniej\u0105cych przedmiot\u00f3w.<\/p>\n<p><\/p>","protected":false},"excerpt":{"rendered":"<p>Bogactwa wschodniego kr\u00f3lestwa Turanu czekaj\u0105! Budujcie ociekaj\u0105ce przepychem pa\u0142ace pe\u0142ne l\u015bni\u0105cych pos\u0105g\u00f3w! Oswajajcie nosoro\u017cce i&nbsp;s\u0142onie, by wam s\u0142u\u017cy\u0142y za zwierz\u0119ta juczne! Ubierajcie si\u0119 w ol\u015bniewaj\u0105ce zbroje tura\u0144skiej falangi! Nowy pakiet zawarto\u015bci udost\u0119pnia wyj\u0105tkowe elementy zwi\u0105zane z&nbsp;kultur\u0105 Turanu. W jego ramach dost\u0119pne s\u0105 nowe fragmenty budynk\u00f3w, obiekty do umieszczania, pancerze, bronie, barwy wojenne i&nbsp;zwierzaki! Podarujcie sobie [&hellip;]<\/p>\n","protected":false},"featured_media":669950,"comment_status":"closed","ping_status":"closed","template":"","meta":{"ub_ctt_via":""},"product_cat":[263,88,127,89,78,222],"product_tag":[218],"class_list":["post-669204","product","type-product","status-publish","has-post-thumbnail","hentry","product_cat-massively-multiplayer","product_cat-action","product_cat-adventure","product_cat-rpg","product_cat-simulation","product_cat-strategy","product_tag-games","platform-steam-works"],"_links":{"self":[{"href":"https:\/\/neuvee.com\/pl\/wp-json\/wp\/v2\/product\/669204","targetHints":{"allow":["GET"]}}],"collection":[{"href":"https:\/\/neuvee.com\/pl\/wp-json\/wp\/v2\/product"}],"about":[{"href":"https:\/\/neuvee.com\/pl\/wp-json\/wp\/v2\/types\/product"}],"replies":[{"embeddable":true,"href":"https:\/\/neuvee.com\/pl\/wp-json\/wp\/v2\/comments?post=669204"}],"wp:featuredmedia":[{"embeddable":true,"href":"https:\/\/neuvee.com\/pl\/wp-json\/wp\/v2\/media\/669950"}],"wp:attachment":[{"href":"https:\/\/neuvee.com\/pl\/wp-json\/wp\/v2\/media?parent=669204"}],"wp:term":[{"taxonomy":"product_cat","embeddable":true,"href":"https:\/\/neuvee.com\/pl\/wp-json\/wp\/v2\/product_cat?post=669204"},{"taxonomy":"product_tag","embeddable":true,"href":"https:\/\/neuvee.com\/pl\/wp-json\/wp\/v2\/product_tag?post=669204"}],"curies":[{"name":"wp","href":"https:\/\/api.w.org\/{rel}","templated":true}]}}