{"id":669200,"date":"2023-07-27T18:58:30","date_gmt":"2023-07-27T18:58:30","guid":{"rendered":"https:\/\/neuvee.com\/?post_type=product&#038;p=669200"},"modified":"2025-05-19T13:48:06","modified_gmt":"2025-05-19T13:48:06","slug":"conan-exiles-the-savage-frontier-pack-4","status":"publish","type":"product","link":"https:\/\/neuvee.com\/pl\/product\/conan-exiles-the-savage-frontier-pack-4\/","title":{"rendered":"CONAN EXILES &#8211; THE SAVAGE FRONTIER PACK"},"content":{"rendered":"<p>Poznaj ca\u0142kowicie now\u0105 zawarto\u015b\u0107 z&nbsp;dzikich rubie\u017cy cywilizacji, gdzie piktyjscy wojownicy naginaj\u0105 do swojej woli brutalne bestie.<br \/>\nZbuduj w\u0142asn\u0105 osad\u0119 i&nbsp;fortec\u0119 z&nbsp;nowego zestawu fragment\u00f3w budynk\u00f3w z&nbsp;Rubie\u017cy. Odpieraj najazdy bezlitosnych Pikt\u00f3w z&nbsp;pogranicznych krain Akwilonii.<br \/>\nWyposa\u017c si\u0119 w ca\u0142kiem nowe zestawy piktyjskich pancerzy, takich jak zbroja piktyjskiego czarownika. Wytwarzaj zestawy nowych, piktyjskich broni ozdobionych tajemnymi runami, futrem i&nbsp;czaszkami dzikich zwierz\u0105t. Zdob\u0105d\u017a pi\u0119\u0107 wyj\u0105tkowych sk\u00f3r zwierz\u0119cych, kt\u00f3rych mo\u017cna u\u017cywa\u0107 do zmieniania wygl\u0105du zwierz\u0105t oswojonych za pomoc\u0105 nowego systemu zwierzak\u00f3w. Ozdabiaj cia\u0142o nowymi barwami wojennymi.<br \/>\nPakiet Dzikich Rubie\u017cy zawiera:<\/p>\n<p>&#8211; 39 nowych fragment\u00f3w budynk\u00f3w.<br \/>\nPe\u0142ny zestaw fragment\u00f3w budynk\u00f3w o&nbsp;takich samych statystykach jak na obecnym poziomie trzecim. <\/p>\n<p>&#8211; 15 nowych element\u00f3w zbroi w trzech zestawach, takich jak ci\u0119\u017cki pancerz piktyjskiego wodza.<br \/>\nZestawy lekkich, \u015brednich i&nbsp;ci\u0119\u017ckich pancerzy wraz z&nbsp;ich spektakularnymi wersjami z&nbsp;rozgrywki ko\u0144cowej.<\/p>\n<p>&#8211; 9 nowych, przera\u017caj\u0105cych piktyjskich broni.<br \/>\nSkuteczno\u015b\u0107 dor\u00f3wnuj\u0105ca broni \u017celaznej i&nbsp;spektakularne wersje broni z&nbsp;rozgrywki ko\u0144cowej.<\/p>\n<p>&#8211; 5 ca\u0142kowicie nowych sk\u00f3r zwierz\u0119cych, kt\u00f3rych mo\u017cna u\u017cywa\u0107 w nowym systemie zwierzak\u00f3w.<br \/>\nMiej w\u0142asnego, oswojonego wilka, nied\u017awiedzia lub&nbsp;panter\u0119 o&nbsp;wyj\u0105tkowym wygl\u0105dzie.<\/p>\n<p>&#8211; 5 nowych barw wojennych w piktyjskim stylu.<br \/>\n\u015awietnie wygl\u0105daj\u0105ce barwy wojenne krokodyla, w\u0119\u017ca lub&nbsp;kruka.<br \/>\nCa\u0142a nowa zawarto\u015b\u0107 Dzikich Rubie\u017cy dost\u0119pna jest tylko w tym pakiecie DLC i&nbsp;wprowadza wiele nowych opcji wizualnych, ale nie zapewnia \u017cadnej realnej przewagi w grze. Statystyki wszystkich nowych przedmiot\u00f3w s\u0105 por\u00f3wnywalne ze statystykami obecnie istniej\u0105cych przedmiot\u00f3w.<\/p>\n<p><\/p>","protected":false},"excerpt":{"rendered":"<p>Poznaj ca\u0142kowicie now\u0105 zawarto\u015b\u0107 z&nbsp;dzikich rubie\u017cy cywilizacji, gdzie piktyjscy wojownicy naginaj\u0105 do swojej woli brutalne bestie. Zbuduj w\u0142asn\u0105 osad\u0119 i&nbsp;fortec\u0119 z&nbsp;nowego zestawu fragment\u00f3w budynk\u00f3w z&nbsp;Rubie\u017cy. Odpieraj najazdy bezlitosnych Pikt\u00f3w z&nbsp;pogranicznych krain Akwilonii. Wyposa\u017c si\u0119 w ca\u0142kiem nowe zestawy piktyjskich pancerzy, takich jak zbroja piktyjskiego czarownika. Wytwarzaj zestawy nowych, piktyjskich broni ozdobionych tajemnymi runami, futrem i&nbsp;czaszkami [&hellip;]<\/p>\n","protected":false},"featured_media":670418,"comment_status":"closed","ping_status":"closed","template":"","meta":{"ub_ctt_via":""},"product_cat":[263,88,127,89,78,222],"product_tag":[218],"class_list":["post-669200","product","type-product","status-publish","has-post-thumbnail","hentry","product_cat-massively-multiplayer","product_cat-action","product_cat-adventure","product_cat-rpg","product_cat-simulation","product_cat-strategy","product_tag-games","platform-steam-works"],"_links":{"self":[{"href":"https:\/\/neuvee.com\/pl\/wp-json\/wp\/v2\/product\/669200","targetHints":{"allow":["GET"]}}],"collection":[{"href":"https:\/\/neuvee.com\/pl\/wp-json\/wp\/v2\/product"}],"about":[{"href":"https:\/\/neuvee.com\/pl\/wp-json\/wp\/v2\/types\/product"}],"replies":[{"embeddable":true,"href":"https:\/\/neuvee.com\/pl\/wp-json\/wp\/v2\/comments?post=669200"}],"wp:featuredmedia":[{"embeddable":true,"href":"https:\/\/neuvee.com\/pl\/wp-json\/wp\/v2\/media\/670418"}],"wp:attachment":[{"href":"https:\/\/neuvee.com\/pl\/wp-json\/wp\/v2\/media?parent=669200"}],"wp:term":[{"taxonomy":"product_cat","embeddable":true,"href":"https:\/\/neuvee.com\/pl\/wp-json\/wp\/v2\/product_cat?post=669200"},{"taxonomy":"product_tag","embeddable":true,"href":"https:\/\/neuvee.com\/pl\/wp-json\/wp\/v2\/product_tag?post=669200"}],"curies":[{"name":"wp","href":"https:\/\/api.w.org\/{rel}","templated":true}]}}