{"id":669196,"date":"2023-07-27T18:56:21","date_gmt":"2023-07-27T18:56:21","guid":{"rendered":"https:\/\/neuvee.com\/?post_type=product&#038;p=669196"},"modified":"2025-05-19T13:54:45","modified_gmt":"2025-05-19T13:54:45","slug":"conan-exiles-the-riddle-of-steel-4","status":"publish","type":"product","link":"https:\/\/neuvee.com\/pl\/product\/conan-exiles-the-riddle-of-steel-4\/","title":{"rendered":"CONAN EXILES &#8211; THE RIDDLE OF STEEL"},"content":{"rendered":"<p>Pami\u0119tacie legendarny film z&nbsp;lat 80. pt. \u201eConan Barbarzy\u0144ca\u201d? Teraz mo\u017cecie zdoby\u0107 kilka niepowtarzalnych przedmiot\u00f3w oraz&nbsp;wiele r\u00f3\u017cnych pos\u0105\u017ck\u00f3w i&nbsp;figurek pami\u0119tnych postaci z&nbsp;tego filmu.<br \/>\nPostawcie pos\u0105gi Arnolda Schwarzeneggera w roli Conana Barbarzy\u0144cy w swoich zamkach i&nbsp;zas\u0105d\u017acie na wspania\u0142ym lwim tronie z&nbsp;filmu! Ubierzcie swoje postacie w he\u0142my Conana i&nbsp;na\u0142\u00f3\u017ccie takie same barwy wojenne, jakie nosz\u0105 bohaterowie z&nbsp;filmu.<br \/>\nTajemnica Stali nie wchodzi w sk\u0142ad czterech podstawowych pakiet\u00f3w DLC z&nbsp;2019 r. W zwi\u0105zku z&nbsp;tym nie nale\u017cy te\u017c do przepustki sezonowej z&nbsp;2. roku.<br \/>\nZawarto\u015b\u0107 pakietu Tajemnica Stali: <\/p>\n<p>&#8211; 18 pos\u0105g\u00f3w i&nbsp;figurek Arnolda Schwarzeneggera w roli Conana.<br \/>\nPos\u0105gi i&nbsp;figurki w trzech pozach, wszystkie z&nbsp;trzech r\u00f3\u017cnych materia\u0142\u00f3w.<\/p>\n<p>&#8211; 5 niezwyk\u0142ych he\u0142m\u00f3w z&nbsp;filmu, noszonych przez takie postacie jak Thulsa Doom czy Rexor.<br \/>\nTak samo mocne jak he\u0142my \u017celazne oraz&nbsp;ich spektakularne wersje z&nbsp;rozgrywki ko\u0144cowej.<\/p>\n<p>&#8211; 5 stworzonych na podstawie filmu unikatowych obiekt\u00f3w do umieszczania takich jak atlantydzki tron.<br \/>\nMo\u017cliwo\u015b\u0107 stworzenia lwiego tronu kr\u00f3la Conana oraz&nbsp;pos\u0105g\u00f3w kultu Seta.<\/p>\n<p>&#8211; 6 pos\u0105g\u00f3w i&nbsp;figurek Valerii z&nbsp;filmu \u201eConan Barbarzy\u0144ca\u201d.<br \/>\nPos\u0105gi i&nbsp;figurki mo\u017cna wykona\u0107 z&nbsp;trzech r\u00f3\u017cnych materia\u0142\u00f3w.<\/p>\n<p>&#8211; 6 pos\u0105g\u00f3w i&nbsp;figurek Subotaia \u2013 hyrka\u0144skiego \u0142ucznika.<br \/>\nPos\u0105gi i&nbsp;figurki mo\u017cna wykona\u0107 z&nbsp;trzech r\u00f3\u017cnych materia\u0142\u00f3w.<\/p>\n<p>&#8211; 3 ozdobne barwy wojenne z&nbsp;filmu.<br \/>\nNa\u0142\u00f3\u017ccie barwy Conana, Valerii czy Subotaia, przygotowuj\u0105c si\u0119 do ataku na wyznawc\u00f3w Seta.<br \/>\nCa\u0142a zawarto\u015b\u0107 z&nbsp;Tajemnicy Stali dost\u0119pna jest tylko w tym pakiecie DLC i&nbsp;wprowadza wiele nowych opcji wizualnych, ale nie zapewnia \u017cadnej realnej przewagi w grze. Statystyki wszystkich nowych przedmiot\u00f3w s\u0105 por\u00f3wnywalne ze statystykami obecnie istniej\u0105cych przedmiot\u00f3w.<\/p>\n<p><\/p>","protected":false},"excerpt":{"rendered":"<p>Pami\u0119tacie legendarny film z&nbsp;lat 80. pt. \u201eConan Barbarzy\u0144ca\u201d? Teraz mo\u017cecie zdoby\u0107 kilka niepowtarzalnych przedmiot\u00f3w oraz&nbsp;wiele r\u00f3\u017cnych pos\u0105\u017ck\u00f3w i&nbsp;figurek pami\u0119tnych postaci z&nbsp;tego filmu. Postawcie pos\u0105gi Arnolda Schwarzeneggera w roli Conana Barbarzy\u0144cy w swoich zamkach i&nbsp;zas\u0105d\u017acie na wspania\u0142ym lwim tronie z&nbsp;filmu! Ubierzcie swoje postacie w he\u0142my Conana i&nbsp;na\u0142\u00f3\u017ccie takie same barwy wojenne, jakie nosz\u0105 bohaterowie z&nbsp;filmu. Tajemnica [&hellip;]<\/p>\n","protected":false},"featured_media":670167,"comment_status":"closed","ping_status":"closed","template":"","meta":{"ub_ctt_via":""},"product_cat":[263,88,127,89,78,222],"product_tag":[218],"class_list":["post-669196","product","type-product","status-publish","has-post-thumbnail","hentry","product_cat-massively-multiplayer","product_cat-action","product_cat-adventure","product_cat-rpg","product_cat-simulation","product_cat-strategy","product_tag-games","platform-steam-works"],"_links":{"self":[{"href":"https:\/\/neuvee.com\/pl\/wp-json\/wp\/v2\/product\/669196","targetHints":{"allow":["GET"]}}],"collection":[{"href":"https:\/\/neuvee.com\/pl\/wp-json\/wp\/v2\/product"}],"about":[{"href":"https:\/\/neuvee.com\/pl\/wp-json\/wp\/v2\/types\/product"}],"replies":[{"embeddable":true,"href":"https:\/\/neuvee.com\/pl\/wp-json\/wp\/v2\/comments?post=669196"}],"wp:featuredmedia":[{"embeddable":true,"href":"https:\/\/neuvee.com\/pl\/wp-json\/wp\/v2\/media\/670167"}],"wp:attachment":[{"href":"https:\/\/neuvee.com\/pl\/wp-json\/wp\/v2\/media?parent=669196"}],"wp:term":[{"taxonomy":"product_cat","embeddable":true,"href":"https:\/\/neuvee.com\/pl\/wp-json\/wp\/v2\/product_cat?post=669196"},{"taxonomy":"product_tag","embeddable":true,"href":"https:\/\/neuvee.com\/pl\/wp-json\/wp\/v2\/product_tag?post=669196"}],"curies":[{"name":"wp","href":"https:\/\/api.w.org\/{rel}","templated":true}]}}