{"id":669190,"date":"2023-07-27T18:54:50","date_gmt":"2023-07-27T18:54:50","guid":{"rendered":"https:\/\/neuvee.com\/?post_type=product&#038;p=669190"},"modified":"2025-05-19T13:30:46","modified_gmt":"2025-05-19T13:30:46","slug":"conan-exiles-the-imperial-east-pack-4","status":"publish","type":"product","link":"https:\/\/neuvee.com\/pl\/product\/conan-exiles-the-imperial-east-pack-4\/","title":{"rendered":"CONAN EXILES &#8211; THE IMPERIAL EAST PACK"},"content":{"rendered":"<p>U\u017cyj nowego zestawu kita\u0144skich element\u00f3w konstrukcyjnych, aby zbudowa\u0107 wspania\u0142e pa\u0142ace lub&nbsp;pot\u0119\u017cne twierdze. Twoje budowle b\u0119d\u0105 absolutnie niepodobne do tego, co mo\u017cna by\u0142o dot\u0105d zobaczy\u0107 w Conan Exiles. Szykuj si\u0119 do walki w trzech nowych zbrojach i&nbsp;z nowym zestawem broni. Ozd\u00f3b swoje domostwo wieloma nowymi przedmiotami do umieszczenia \u2013 kocio\u0142kami, dywanami, sto\u0142ami czy rusztami. Zmie\u0144 tak\u017ce wygl\u0105d swojej postaci dzi\u0119ki nowym barwom wojennym.<br \/>\nPakiet \u201eImperium Wschodu\u201d zawiera:<\/p>\n<p>&#8211; 39 nowych element\u00f3w konstrukcyjnych w kita\u0144skim stylu.<br \/>\nKompletny zestaw element\u00f3w konstrukcyjnych o&nbsp;statystykach istniej\u0105cych element\u00f3w poziomu trzeciego. <\/p>\n<p>&#8211; 15 nowych cz\u0119\u015bci zbroi podzielonych na trzy zestawy, np. zbroja kita\u0144skiego oficera.<br \/>\nPancerze lekki, \u015bredni i&nbsp;ci\u0119\u017cki, z&nbsp;kt\u00f3rych ka\u017cdy ma tak\u017ce epick\u0105 wersj\u0119 na koniec gry.<\/p>\n<p>&#8211; 9 nowych broni tworz\u0105cych kompletny zestaw kita\u0144skiego uzbrojenia.<br \/>\nMoc identyczna do broni \u017celaznej. Ka\u017cda bro\u0144 ma te\u017c sw\u00f3j epicki odpowiednik na koniec gry.<\/p>\n<p>&#8211; 5 nowych barw wojennych w kita\u0144skim stylu.<br \/>\nOzdobne barwy wojenne w odcieniach jadeitu, czerni, bieli i&nbsp;czerwieni.<\/p>\n<p>&#8211; 25 nowych przedmiot\u00f3w do umieszczenia, takich jak statuetka smoka czy podwieszane lampiony.<br \/>\nMo\u017cna je stworzy\u0107 przy nowo dodanym stanowisku kita\u0144skiego rzemie\u015blnika.<br \/>\nCa\u0142a nowa zawarto\u015b\u0107 z&nbsp;Kitaju jest dost\u0119pna wy\u0142\u0105cznie w ramach pakietu dodatkowej zawarto\u015bci do pobrania. Pakiet ten obejmuje szereg dodatk\u00f3w wizualnych, ale nie daje graczom \u017cadnej przewagi nad innymi. Nowe przedmioty maj\u0105 cechy por\u00f3wnywalne do tych, kt\u00f3re s\u0105 ju\u017c dost\u0119pne.<\/p>\n<p><\/p>","protected":false},"excerpt":{"rendered":"<p>U\u017cyj nowego zestawu kita\u0144skich element\u00f3w konstrukcyjnych, aby zbudowa\u0107 wspania\u0142e pa\u0142ace lub&nbsp;pot\u0119\u017cne twierdze. Twoje budowle b\u0119d\u0105 absolutnie niepodobne do tego, co mo\u017cna by\u0142o dot\u0105d zobaczy\u0107 w Conan Exiles. Szykuj si\u0119 do walki w trzech nowych zbrojach i&nbsp;z nowym zestawem broni. Ozd\u00f3b swoje domostwo wieloma nowymi przedmiotami do umieszczenia \u2013 kocio\u0142kami, dywanami, sto\u0142ami czy rusztami. Zmie\u0144 tak\u017ce [&hellip;]<\/p>\n","protected":false},"featured_media":670188,"comment_status":"closed","ping_status":"closed","template":"","meta":{"ub_ctt_via":""},"product_cat":[263,88,127,89,222],"product_tag":[218],"class_list":["post-669190","product","type-product","status-publish","has-post-thumbnail","hentry","product_cat-massively-multiplayer","product_cat-action","product_cat-adventure","product_cat-rpg","product_cat-strategy","product_tag-games","platform-steam-works"],"_links":{"self":[{"href":"https:\/\/neuvee.com\/pl\/wp-json\/wp\/v2\/product\/669190","targetHints":{"allow":["GET"]}}],"collection":[{"href":"https:\/\/neuvee.com\/pl\/wp-json\/wp\/v2\/product"}],"about":[{"href":"https:\/\/neuvee.com\/pl\/wp-json\/wp\/v2\/types\/product"}],"replies":[{"embeddable":true,"href":"https:\/\/neuvee.com\/pl\/wp-json\/wp\/v2\/comments?post=669190"}],"wp:featuredmedia":[{"embeddable":true,"href":"https:\/\/neuvee.com\/pl\/wp-json\/wp\/v2\/media\/670188"}],"wp:attachment":[{"href":"https:\/\/neuvee.com\/pl\/wp-json\/wp\/v2\/media?parent=669190"}],"wp:term":[{"taxonomy":"product_cat","embeddable":true,"href":"https:\/\/neuvee.com\/pl\/wp-json\/wp\/v2\/product_cat?post=669190"},{"taxonomy":"product_tag","embeddable":true,"href":"https:\/\/neuvee.com\/pl\/wp-json\/wp\/v2\/product_tag?post=669190"}],"curies":[{"name":"wp","href":"https:\/\/api.w.org\/{rel}","templated":true}]}}