{"id":669188,"date":"2023-07-27T18:53:20","date_gmt":"2023-07-27T18:53:20","guid":{"rendered":"https:\/\/neuvee.com\/?post_type=product&#038;p=669188"},"modified":"2025-05-19T13:27:47","modified_gmt":"2025-05-19T13:27:47","slug":"conan-exiles-seekers-of-the-dawn-pack-4","status":"publish","type":"product","link":"https:\/\/neuvee.com\/pl\/product\/conan-exiles-seekers-of-the-dawn-pack-4\/","title":{"rendered":"CONAN EXILES &#8211; SEEKERS OF THE DAWN PACK"},"content":{"rendered":"<p>Ju\u017c jest dost\u0119pna dodatkowa zawarto\u015b\u0107 obejmuj\u0105ca Yamatai \u2013 tajemnicze, dalekowschodnie, zamieszkane przez mocarnych wojownik\u00f3w kr\u00f3lestwo na wyspie na kra\u0144cu \u015bwiata.<br \/>\nW walce pojawi\u0105 si\u0119 pot\u0119\u017cne katany \u2013 bro\u0144 z&nbsp;nowymi animacjami udost\u0119pniaj\u0105ca szybki atak z&nbsp;doskoku, kt\u00f3ry ca\u0142kowicie zmieni oblicze bitwy. B\u0119dziecie mogli zbudowa\u0107 nowe domy, u\u017cywaj\u0105c yamatajskich fragment\u00f3w budynk\u00f3w z&nbsp;bia\u0142ego kamienia, z&nbsp;pi\u0119knymi drewnianymi belkami i&nbsp;z\u0142otymi zdobieniami.<br \/>\nDost\u0119pne b\u0119d\u0105 te\u017c nowe zestawy pancerzy takich jak przera\u017caj\u0105ce yamatajskie demoniczne \u015brednie pancerze oraz&nbsp;dwana\u015bcie nowych typ\u00f3w broni, w tym trzy katany! B\u0119dzie mo\u017cna przystroi\u0107 cia\u0142a postaci pi\u0119cioma nowymi barwami wojennymi i&nbsp;zdoby\u0107 pi\u0119\u0107 r\u00f3\u017cnych pupil\u00f3w, kt\u00f3rych oswojenie b\u0119dzie mo\u017cliwe dzi\u0119ki nowemu systemowi zwierzak\u00f3w.<br \/>\nPakiet Poszukiwaczy Brzasku zawiera:<\/p>\n<p>&#8211; 39 nowych fragment\u00f3w budynk\u00f3w.<br \/>\nPe\u0142ny zestaw fragment\u00f3w budynk\u00f3w o&nbsp;takich samych statystykach jak na obecnym poziomie trzecim. <\/p>\n<p>&#8211; 15 nowych element\u00f3w zbroi w trzech zestawach, takich jak ci\u0119\u017cki pancerz yamatajskiego wata\u017cki.<br \/>\nZestawy lekkich, \u015brednich i&nbsp;ci\u0119\u017ckich pancerzy wraz z&nbsp;ich spektakularnymi wersjami z&nbsp;rozgrywki ko\u0144cowej.<\/p>\n<p>&#8211; 12 nowych typ\u00f3w broni w stylu yamatajskim.<br \/>\nSkuteczno\u015b\u0107 dor\u00f3wnuj\u0105ca broni \u017celaznej i&nbsp;spektakularne wersje broni z&nbsp;rozgrywki ko\u0144cowej.<\/p>\n<p>&#8211; 5 r\u00f3\u017cnych sk\u00f3rek zwierzak\u00f3w.<br \/>\nUnikatowe wersje tygrys\u00f3w (w tym szabloz\u0119bnych) i&nbsp;krokodyli.<\/p>\n<p>&#8211; 5 nowych yamatajskich barw wojennych.<br \/>\n\u015awietnie wygl\u0105daj\u0105ce barwy wojenne ksi\u0119\u017cyca, \u017curawia lub&nbsp;smoka.<br \/>\nCa\u0142a nowa zawarto\u015b\u0107 Poszukiwaczy Brzasku dost\u0119pna jest tylko w tym pakiecie DLC i&nbsp;wprowadza wiele nowych opcji wizualnych, ale nie zapewnia \u017cadnej realnej przewagi w grze. Statystyki wszystkich nowych przedmiot\u00f3w s\u0105 por\u00f3wnywalne ze statystykami obecnie istniej\u0105cych przedmiot\u00f3w.<\/p>\n<p><\/p>","protected":false},"excerpt":{"rendered":"<p>Ju\u017c jest dost\u0119pna dodatkowa zawarto\u015b\u0107 obejmuj\u0105ca Yamatai \u2013 tajemnicze, dalekowschodnie, zamieszkane przez mocarnych wojownik\u00f3w kr\u00f3lestwo na wyspie na kra\u0144cu \u015bwiata. W walce pojawi\u0105 si\u0119 pot\u0119\u017cne katany \u2013 bro\u0144 z&nbsp;nowymi animacjami udost\u0119pniaj\u0105ca szybki atak z&nbsp;doskoku, kt\u00f3ry ca\u0142kowicie zmieni oblicze bitwy. B\u0119dziecie mogli zbudowa\u0107 nowe domy, u\u017cywaj\u0105c yamatajskich fragment\u00f3w budynk\u00f3w z&nbsp;bia\u0142ego kamienia, z&nbsp;pi\u0119knymi drewnianymi belkami i&nbsp;z\u0142otymi zdobieniami. [&hellip;]<\/p>\n","protected":false},"featured_media":669500,"comment_status":"closed","ping_status":"closed","template":"","meta":{"ub_ctt_via":""},"product_cat":[263,88,127,89,78,222],"product_tag":[218],"class_list":["post-669188","product","type-product","status-publish","has-post-thumbnail","hentry","product_cat-massively-multiplayer","product_cat-action","product_cat-adventure","product_cat-rpg","product_cat-simulation","product_cat-strategy","product_tag-games","platform-steam-works"],"_links":{"self":[{"href":"https:\/\/neuvee.com\/pl\/wp-json\/wp\/v2\/product\/669188","targetHints":{"allow":["GET"]}}],"collection":[{"href":"https:\/\/neuvee.com\/pl\/wp-json\/wp\/v2\/product"}],"about":[{"href":"https:\/\/neuvee.com\/pl\/wp-json\/wp\/v2\/types\/product"}],"replies":[{"embeddable":true,"href":"https:\/\/neuvee.com\/pl\/wp-json\/wp\/v2\/comments?post=669188"}],"wp:featuredmedia":[{"embeddable":true,"href":"https:\/\/neuvee.com\/pl\/wp-json\/wp\/v2\/media\/669500"}],"wp:attachment":[{"href":"https:\/\/neuvee.com\/pl\/wp-json\/wp\/v2\/media?parent=669188"}],"wp:term":[{"taxonomy":"product_cat","embeddable":true,"href":"https:\/\/neuvee.com\/pl\/wp-json\/wp\/v2\/product_cat?post=669188"},{"taxonomy":"product_tag","embeddable":true,"href":"https:\/\/neuvee.com\/pl\/wp-json\/wp\/v2\/product_tag?post=669188"}],"curies":[{"name":"wp","href":"https:\/\/api.w.org\/{rel}","templated":true}]}}