{"id":669163,"date":"2023-07-27T18:39:59","date_gmt":"2023-07-27T18:39:59","guid":{"rendered":"https:\/\/neuvee.com\/?post_type=product&#038;p=669163"},"modified":"2025-05-19T14:30:52","modified_gmt":"2025-05-19T14:30:52","slug":"conan-exiles-riders-of-hyboria-4","status":"publish","type":"product","link":"https:\/\/neuvee.com\/pl\/product\/conan-exiles-riders-of-hyboria-4\/","title":{"rendered":"CONAN EXILES &#8211; RIDERS OF HYBORIA"},"content":{"rendered":"<p>W Conan Exiles pojawi\u0142y si\u0119 wierzchowce! Aktualizacja wprowadzaj\u0105ca wierzchowce jest darmowa, jednak&nbsp;Pakiet Je\u017ad\u017acy Hyborii zapewnia mn\u00f3stwo nowej zawarto\u015bci i&nbsp;wi\u0119cej opcji w ramach tej nowej funkcji.<br \/>\nTeraz b\u0119dziecie mogli pokaza\u0107 klas\u0119 i&nbsp;swoj\u0105 dominacj\u0119 na Ziemiach Wygna\u0144c\u00f3w oraz&nbsp;mia\u017cd\u017cy\u0107 wrog\u00f3w straszliwymi szar\u017cami kawaleryjskimi. Nadziewajcie przeciwnik\u00f3w na szpice lanc lub&nbsp;likwidujcie ich z&nbsp;daleka, strzelaj\u0105c z&nbsp;siod\u0142a.<br \/>\nDzi\u0119ki pakietowi Je\u017ad\u017acy Hyborii b\u0119dziecie mogli za\u0142o\u017cy\u0107 na swoje wierzchowce nowe, niezwyk\u0142e siod\u0142a oraz&nbsp;wyposa\u017cy\u0107 swoje postacie w rycerskie bronie i&nbsp;zbroje z&nbsp;Poitainu.<br \/>\nDzi\u0119ki nowym fragmentom budynk\u00f3w mo\u017cliwe b\u0119dzie te\u017c zbudowanie stajni dla koni i&nbsp;przyozdobienie jej obiektami do umieszczania takimi jak wozy, stogi siana czy taczki.<br \/>\nZawarto\u015b\u0107 pakietu Je\u017ad\u017acy Hyborii:<\/p>\n<p>&#8211; \t2 dost\u0119pne tylko w tym pakiecie sk\u00f3rki dla wierzchowc\u00f3w<br \/>\nDosi\u0105d\u017acie czarnego lub&nbsp;bia\u0142ego konia!<\/p>\n<p>&#8211; \t6 nowych siode\u0142 dla wierzchowc\u00f3w<br \/>\nWyposa\u017ccie swojego konia w siod\u0142o Milcz\u0105cego Legionu!<\/p>\n<p>&#8211; \t25 nowych fragment\u00f3w budynk\u00f3w zwi\u0105zanych z&nbsp;nowymi wierzchowcami<br \/>\nFragmenty budynk\u00f3w specjalnie do budowy stajni.<\/p>\n<p>&#8211; \t15 element\u00f3w zbroi w trzech zestawach takich jak poitai\u0144ska zbroja kawaleryjska<br \/>\nZestawy lekkich, \u015brednich i&nbsp;ci\u0119\u017ckich pancerzy wraz z&nbsp;ich wersjami z&nbsp;rozgrywki ko\u0144cowej.<\/p>\n<p>&#8211; \t11 nowych broni z&nbsp;poitai\u0144skich zestaw\u00f3w, w tym lance i&nbsp;kopie<br \/>\nSkuteczno\u015b\u0107 dor\u00f3wnuj\u0105ca broni \u017celaznej i&nbsp;epickie wersje broni z&nbsp;rozgrywki ko\u0144cowej.<\/p>\n<p>&#8211; \t14 nowych obiekt\u00f3w do stajni<br \/>\nUdekorujcie swoje stajnie nowymi obiektami do umieszczania takimi jak wiatrowskazy!<br \/>\nZawarto\u015b\u0107 pakietu Je\u017ad\u017acy Hyborii dost\u0119pna jest wy\u0142\u0105cznie w nim i&nbsp;wprowadza wiele opcji wizualnych, ale nie zapewnia \u017cadnej realnej przewagi w grze. Statystyki nowych przedmiot\u00f3w s\u0105 por\u00f3wnywalne ze statystykami obecnie istniej\u0105cych przedmiot\u00f3w.<\/p>\n<p><\/p>","protected":false},"excerpt":{"rendered":"<p>W Conan Exiles pojawi\u0142y si\u0119 wierzchowce! Aktualizacja wprowadzaj\u0105ca wierzchowce jest darmowa, jednak&nbsp;Pakiet Je\u017ad\u017acy Hyborii zapewnia mn\u00f3stwo nowej zawarto\u015bci i&nbsp;wi\u0119cej opcji w ramach tej nowej funkcji. Teraz b\u0119dziecie mogli pokaza\u0107 klas\u0119 i&nbsp;swoj\u0105 dominacj\u0119 na Ziemiach Wygna\u0144c\u00f3w oraz&nbsp;mia\u017cd\u017cy\u0107 wrog\u00f3w straszliwymi szar\u017cami kawaleryjskimi. Nadziewajcie przeciwnik\u00f3w na szpice lanc lub&nbsp;likwidujcie ich z&nbsp;daleka, strzelaj\u0105c z&nbsp;siod\u0142a. Dzi\u0119ki pakietowi Je\u017ad\u017acy Hyborii b\u0119dziecie [&hellip;]<\/p>\n","protected":false},"featured_media":670718,"comment_status":"closed","ping_status":"closed","template":"","meta":{"ub_ctt_via":""},"product_cat":[263,88,127,89,78,222],"product_tag":[218],"class_list":["post-669163","product","type-product","status-publish","has-post-thumbnail","hentry","product_cat-massively-multiplayer","product_cat-action","product_cat-adventure","product_cat-rpg","product_cat-simulation","product_cat-strategy","product_tag-games","platform-steam-works"],"_links":{"self":[{"href":"https:\/\/neuvee.com\/pl\/wp-json\/wp\/v2\/product\/669163","targetHints":{"allow":["GET"]}}],"collection":[{"href":"https:\/\/neuvee.com\/pl\/wp-json\/wp\/v2\/product"}],"about":[{"href":"https:\/\/neuvee.com\/pl\/wp-json\/wp\/v2\/types\/product"}],"replies":[{"embeddable":true,"href":"https:\/\/neuvee.com\/pl\/wp-json\/wp\/v2\/comments?post=669163"}],"wp:featuredmedia":[{"embeddable":true,"href":"https:\/\/neuvee.com\/pl\/wp-json\/wp\/v2\/media\/670718"}],"wp:attachment":[{"href":"https:\/\/neuvee.com\/pl\/wp-json\/wp\/v2\/media?parent=669163"}],"wp:term":[{"taxonomy":"product_cat","embeddable":true,"href":"https:\/\/neuvee.com\/pl\/wp-json\/wp\/v2\/product_cat?post=669163"},{"taxonomy":"product_tag","embeddable":true,"href":"https:\/\/neuvee.com\/pl\/wp-json\/wp\/v2\/product_tag?post=669163"}],"curies":[{"name":"wp","href":"https:\/\/api.w.org\/{rel}","templated":true}]}}