{"id":669159,"date":"2023-07-27T18:37:55","date_gmt":"2023-07-27T18:37:55","guid":{"rendered":"https:\/\/neuvee.com\/?post_type=product&#038;p=669159"},"modified":"2025-05-19T14:04:24","modified_gmt":"2025-05-19T14:04:24","slug":"conan-exiles-people-of-the-dragon-pack-4","status":"publish","type":"product","link":"https:\/\/neuvee.com\/pl\/product\/conan-exiles-people-of-the-dragon-pack-4\/","title":{"rendered":"CONAN EXILES &#8211; PEOPLE OF THE DRAGON PACK"},"content":{"rendered":"<p>Buduj ogromne zamki i&nbsp;wysokie fortece z&nbsp;pakietem Smoczy Ludzie. Ciesz si\u0119 nowym \u015bredniowiecznym stylem z&nbsp;kilkoma zupe\u0142nie nowymi fragmentami budynk\u00f3w, na przyk\u0142ad wysokimi iglicami, nowym typem umocnionego okna i&nbsp;spadzistym dachem z&nbsp;oknem.<br \/>\nFragmenty budynk\u00f3w, uzbrojenie, bronie, rekwizyty i&nbsp;siod\u0142a z&nbsp;tego pakietu pochodz\u0105 z&nbsp;pot\u0119\u017cnego kr\u00f3lestwa Nemedii. W przepastnych lasach i&nbsp;wysokich g\u00f3rach na wsch\u00f3d od Akwilonii znajduj\u0105 si\u0119 dominuj\u0105ce nad krajobrazem twierdze Nemedii. Teraz mo\u017cesz zbudowa\u0107 w\u0142asn\u0105 na Ziemiach Wygna\u0144c\u00f3w!<br \/>\nOzd\u00f3b sw\u00f3j zamek niezwyk\u0142ymi sklepieniami, kt\u00f3rym\u015b z&nbsp;mn\u00f3stwa dost\u0119pnych dywan\u00f3w, reliefami, przytulnym kominkiem, pi\u0119knymi ksi\u0119gami, figurkami, zapieraj\u0105c\u0105 dech statu\u0105 dzika lub&nbsp;ogromnym proporcem smoka.<br \/>\nPakiet Smoczy Ludzie zawiera:<\/p>\n<p>&#8211; 48 nowych nemedyjskich fragment\u00f3w budowli, w tym nowe opcje.<br \/>\nRozszerzony zestaw element\u00f3w do budowania o&nbsp;statystykach dost\u0119pnych fragment\u00f3w trzeciopoziomowych.<\/p>\n<p>&#8211; 15 element\u00f3w zbroi w trzech zestawach takich jak zbroja nemedyjskiej piechoty.<br \/>\nZestawy lekkich, \u015brednich i&nbsp;ci\u0119\u017ckich pancerzy wraz z&nbsp;ich spektakularnymi wersjami z&nbsp;rozgrywki ko\u0144cowej.<\/p>\n<p>&#8211; 12 nowych nemedyjskich broni, w tym tarcz\u0119.<br \/>\nSkuteczno\u015b\u0107 dor\u00f3wnuj\u0105ca broni \u017celaznej i&nbsp;spektakularne wersje broni z&nbsp;rozgrywki ko\u0144cowej.<\/p>\n<p>&#8211; 32 nowe rekwizyty: mi\u0119dzy innymi ksi\u0105\u017cki, flag\u0119, \u0142\u00f3\u017cko i&nbsp;kominek.<br \/>\nStw\u00f3rz je przy u\u017cyciu nowego nemedyjskiego sto\u0142u rzemie\u015blniczego.<\/p>\n<p>&#8211; 3 nowe nemedyjskie siod\u0142a.<br \/>\nZa\u0142\u00f3\u017c wierzchowcowi lekkie, \u015brednie lub&nbsp;ci\u0119\u017ckie siod\u0142o.<br \/>\nZawarto\u015b\u0107 pakietu Smoczy Ludzie dost\u0119pna jest wy\u0142\u0105cznie w nim i&nbsp;wprowadza wiele opcji wizualnych, ale nie zapewnia \u017cadnej realnej przewagi w grze. Statystyki nowych przedmiot\u00f3w s\u0105 por\u00f3wnywalne ze statystykami obecnie istniej\u0105cych przedmiot\u00f3w.<\/p>\n<p><\/p>","protected":false},"excerpt":{"rendered":"<p>Buduj ogromne zamki i&nbsp;wysokie fortece z&nbsp;pakietem Smoczy Ludzie. Ciesz si\u0119 nowym \u015bredniowiecznym stylem z&nbsp;kilkoma zupe\u0142nie nowymi fragmentami budynk\u00f3w, na przyk\u0142ad wysokimi iglicami, nowym typem umocnionego okna i&nbsp;spadzistym dachem z&nbsp;oknem. Fragmenty budynk\u00f3w, uzbrojenie, bronie, rekwizyty i&nbsp;siod\u0142a z&nbsp;tego pakietu pochodz\u0105 z&nbsp;pot\u0119\u017cnego kr\u00f3lestwa Nemedii. W przepastnych lasach i&nbsp;wysokich g\u00f3rach na wsch\u00f3d od Akwilonii znajduj\u0105 si\u0119 dominuj\u0105ce nad krajobrazem [&hellip;]<\/p>\n","protected":false},"featured_media":669835,"comment_status":"closed","ping_status":"closed","template":"","meta":{"ub_ctt_via":""},"product_cat":[263,88,127,89,78,222],"product_tag":[218],"class_list":["post-669159","product","type-product","status-publish","has-post-thumbnail","hentry","product_cat-massively-multiplayer","product_cat-action","product_cat-adventure","product_cat-rpg","product_cat-simulation","product_cat-strategy","product_tag-games","platform-steam-works"],"_links":{"self":[{"href":"https:\/\/neuvee.com\/pl\/wp-json\/wp\/v2\/product\/669159","targetHints":{"allow":["GET"]}}],"collection":[{"href":"https:\/\/neuvee.com\/pl\/wp-json\/wp\/v2\/product"}],"about":[{"href":"https:\/\/neuvee.com\/pl\/wp-json\/wp\/v2\/types\/product"}],"replies":[{"embeddable":true,"href":"https:\/\/neuvee.com\/pl\/wp-json\/wp\/v2\/comments?post=669159"}],"wp:featuredmedia":[{"embeddable":true,"href":"https:\/\/neuvee.com\/pl\/wp-json\/wp\/v2\/media\/669835"}],"wp:attachment":[{"href":"https:\/\/neuvee.com\/pl\/wp-json\/wp\/v2\/media?parent=669159"}],"wp:term":[{"taxonomy":"product_cat","embeddable":true,"href":"https:\/\/neuvee.com\/pl\/wp-json\/wp\/v2\/product_cat?post=669159"},{"taxonomy":"product_tag","embeddable":true,"href":"https:\/\/neuvee.com\/pl\/wp-json\/wp\/v2\/product_tag?post=669159"}],"curies":[{"name":"wp","href":"https:\/\/api.w.org\/{rel}","templated":true}]}}