{"id":669155,"date":"2023-07-27T18:36:11","date_gmt":"2023-07-27T18:36:11","guid":{"rendered":"https:\/\/neuvee.com\/?post_type=product&#038;p=669155"},"modified":"2025-05-19T14:11:51","modified_gmt":"2025-05-19T14:11:51","slug":"conan-exiles-jewel-of-the-west-pack-4","status":"publish","type":"product","link":"https:\/\/neuvee.com\/pl\/product\/conan-exiles-jewel-of-the-west-pack-4\/","title":{"rendered":"CONAN EXILES &#8211; JEWEL OF THE WEST PACK"},"content":{"rendered":"<p>Zdob\u0105d\u017a zupe\u0142nie nowe elementy konstrukcyjne, obiekty do umieszczania, bro\u0144, zbroje i&nbsp;barwy wojenne pochodz\u0105ce z&nbsp;pot\u0119\u017cnego kr\u00f3lestwa Akwilonii!<br \/>\nZestaw zawiera akwilo\u0144skie elementy konstrukcyjne do budowy wyj\u0105tkowych dom\u00f3w i&nbsp;osad. Wznie\u015b w swojej siedzibie budynki o&nbsp;\u015bcianach pokrytych g\u0142adkim marmurem.<br \/>\nZa\u0142\u00f3\u017c trzy nowe zestawy zbroi, na przyk\u0142ad lekk\u0105 zbroj\u0119 akwilo\u0144skiego zwiadowcy, i&nbsp;wypr\u00f3buj w boju akwilo\u0144sk\u0105 bu\u0142aw\u0119 z&nbsp;g\u0142ow\u0105 lwa oraz&nbsp;inne uzbrojenie. Na\u0142\u00f3\u017c nowe barwy wojenne i&nbsp;stw\u00f3rz wiele nowych obiekt\u00f3w do umieszczania, takich jak akwilo\u0144skie pos\u0105gi, kadzielnice czy s\u0142oje.<br \/>\nPakiet \u201eKlejnot Zachodu\u201d zawiera:<\/p>\n<p>&#8211; 39 nowych element\u00f3w konstrukcyjnych w akwilo\u0144skim stylu.<br \/>\nKompletny zestaw element\u00f3w konstrukcyjnych o&nbsp;cechach identycznych do istniej\u0105cych element\u00f3w poziomu trzeciego. <\/p>\n<p>&#8211; 15 nowych cz\u0119\u015bci zbroi podzielonych na trzy zestawy, np. zbroja Czarnych Smok\u00f3w.<br \/>\nPancerze lekki, \u015bredni i&nbsp;ci\u0119\u017cki, z&nbsp;kt\u00f3rych ka\u017cdy ma tak\u017ce epick\u0105 wersj\u0119 na koniec gry.<\/p>\n<p>&#8211; 9 nowych broni sk\u0142adaj\u0105cych si\u0119 na kompletny zestaw akwilo\u0144skiego uzbrojenia.<br \/>\nMoc identyczna do broni \u017celaznej. Ka\u017cda bro\u0144 ma te\u017c sw\u00f3j epicki odpowiednik na koniec gry.<\/p>\n<p>&#8211; 5 nowych akwilo\u0144skich barw wojennych.<br \/>\nOzdobne barwy wojenne symbolizuj\u0105ce mi\u0119dzy innymi w\u0142adz\u0119 lub&nbsp;odwag\u0119.<\/p>\n<p>&#8211; 25 nowych obiekt\u00f3w do umieszczania, w tym harf\u0119 i&nbsp;krzes\u0142o rajcy.<br \/>\nStw\u00f3rz je przy nowym stanowisku akwilo\u0144skiego rzemie\u015blnika.<br \/>\nCa\u0142a nowa zawarto\u015b\u0107 z&nbsp;Akwilonii jest dost\u0119pna wy\u0142\u0105cznie w ramach pakietu dodatkowej zawarto\u015bci do pobrania. Pakiet ten obejmuje szereg dodatk\u00f3w wizualnych, ale nie daje graczom \u017cadnej przewagi nad innymi. Nowe przedmioty maj\u0105 cechy por\u00f3wnywalne do tych, kt\u00f3re s\u0105 ju\u017c dost\u0119pne.<\/p>\n<p><\/p>","protected":false},"excerpt":{"rendered":"<p>Zdob\u0105d\u017a zupe\u0142nie nowe elementy konstrukcyjne, obiekty do umieszczania, bro\u0144, zbroje i&nbsp;barwy wojenne pochodz\u0105ce z&nbsp;pot\u0119\u017cnego kr\u00f3lestwa Akwilonii! Zestaw zawiera akwilo\u0144skie elementy konstrukcyjne do budowy wyj\u0105tkowych dom\u00f3w i&nbsp;osad. Wznie\u015b w swojej siedzibie budynki o&nbsp;\u015bcianach pokrytych g\u0142adkim marmurem. Za\u0142\u00f3\u017c trzy nowe zestawy zbroi, na przyk\u0142ad lekk\u0105 zbroj\u0119 akwilo\u0144skiego zwiadowcy, i&nbsp;wypr\u00f3buj w boju akwilo\u0144sk\u0105 bu\u0142aw\u0119 z&nbsp;g\u0142ow\u0105 lwa oraz&nbsp;inne uzbrojenie. [&hellip;]<\/p>\n","protected":false},"featured_media":669760,"comment_status":"closed","ping_status":"closed","template":"","meta":{"ub_ctt_via":""},"product_cat":[263,88,127,89,78,222],"product_tag":[218],"class_list":["post-669155","product","type-product","status-publish","has-post-thumbnail","hentry","product_cat-massively-multiplayer","product_cat-action","product_cat-adventure","product_cat-rpg","product_cat-simulation","product_cat-strategy","product_tag-games","platform-steam-works"],"_links":{"self":[{"href":"https:\/\/neuvee.com\/pl\/wp-json\/wp\/v2\/product\/669155","targetHints":{"allow":["GET"]}}],"collection":[{"href":"https:\/\/neuvee.com\/pl\/wp-json\/wp\/v2\/product"}],"about":[{"href":"https:\/\/neuvee.com\/pl\/wp-json\/wp\/v2\/types\/product"}],"replies":[{"embeddable":true,"href":"https:\/\/neuvee.com\/pl\/wp-json\/wp\/v2\/comments?post=669155"}],"wp:featuredmedia":[{"embeddable":true,"href":"https:\/\/neuvee.com\/pl\/wp-json\/wp\/v2\/media\/669760"}],"wp:attachment":[{"href":"https:\/\/neuvee.com\/pl\/wp-json\/wp\/v2\/media?parent=669155"}],"wp:term":[{"taxonomy":"product_cat","embeddable":true,"href":"https:\/\/neuvee.com\/pl\/wp-json\/wp\/v2\/product_cat?post=669155"},{"taxonomy":"product_tag","embeddable":true,"href":"https:\/\/neuvee.com\/pl\/wp-json\/wp\/v2\/product_tag?post=669155"}],"curies":[{"name":"wp","href":"https:\/\/api.w.org\/{rel}","templated":true}]}}