{"id":669151,"date":"2023-07-27T18:33:28","date_gmt":"2023-07-27T18:33:28","guid":{"rendered":"https:\/\/neuvee.com\/?post_type=product&#038;p=669151"},"modified":"2025-05-19T14:26:10","modified_gmt":"2025-05-19T14:26:10","slug":"conan-exiles-debaucheries-of-derketo-pack-4","status":"publish","type":"product","link":"https:\/\/neuvee.com\/pl\/product\/conan-exiles-debaucheries-of-derketo-pack-4\/","title":{"rendered":"CONAN EXILES &#8211; DEBAUCHERIES OF DERKETO PACK"},"content":{"rendered":"<p>Oddajcie si\u0119 swoim pierwotnym potrzebom \u2013 \u017c\u0105dzy i&nbsp;swawoli \u2013 dzi\u0119ki pakietowi Rozpusty Derketo.<br \/>\nZbudujcie w\u0142asn\u0105 tawern\u0119 z&nbsp;nowym, bogatym wyposa\u017ceniem. Lej si\u0119, chmielu! Organizujcie gry na sto\u0142ach lub&nbsp;postawcie scen\u0119 dla przykuwaj\u0105cych wzrok tancerek i&nbsp;artyst\u00f3w.<br \/>\nZaimponujcie s\u0105siadom niesamowitym domkiem na drzewie dzi\u0119ki nowym fundamentom, mostom linowym, a&nbsp;nawet pe\u0142n\u0105 przepychu sypialni\u0105 z&nbsp;czerwonymi zas\u0142onami i&nbsp;luksusowym \u0142o\u017cem.<br \/>\nBawcie si\u0119 dwunastoma nowymi emotkami dost\u0119pnymi tylko w tym dodatku, np. \u017conglowaniem, czy ciskaniem kuflem o&nbsp;ziemi\u0119 po wypiciu jego zawarto\u015bci jednym haustem. Za\u0142\u00f3\u017ccie now\u0105 l\u015bni\u0105c\u0105 bi\u017cuteri\u0119, poka\u017ccie si\u0119 w stroju dla tancerki, szlachcica albo&nbsp;karczmarza, je\u015bli wolicie osobi\u015bcie obs\u0142ugiwa\u0107 klient\u00f3w w swojej tawernie.<br \/>\nZawarto\u015b\u0107 pakietu Rozpusty Derketo:<\/p>\n<p>&#8211; 10 nowych fragment\u00f3w budynk\u00f3w.<br \/>\nElementy do budowy most\u00f3w linowych, scen i&nbsp;fundament\u00f3w domku na drzewie.<\/p>\n<p>&#8211; 10 element\u00f3w zbroi w dw\u00f3ch zestawach takich jak pancerz Mrocznego Templariusza.<br \/>\nDwa zestawy ci\u0119\u017ckich pancerzy wraz z&nbsp;ich wersjami z&nbsp;rozgrywki ko\u0144cowej.<\/p>\n<p>&#8211; 12 nowych emotek dost\u0119pnych tylko w tym pakiecie DLC.<br \/>\n\u017bonglowanie, \u017c\u0142opanie piwa, nonszalancja, z\u0142o\u015b\u0107 i&nbsp;inne.<\/p>\n<p>&#8211; 10 nowych cz\u0119\u015bci stroj\u00f3w takich jak karczmarski czy szlachecki.<br \/>\nOzdobne stroje idealne do rozgrywek fabularnych.<\/p>\n<p>&#8211; 6 nowych barw wojennych.<br \/>\nOzdobne barwy wojenne przedstawiaj\u0105ce emocje takie jak pasja czy \u017c\u0105dza.<\/p>\n<p>&#8211; 29 nowych obiekt\u00f3w do umieszczania,<br \/>\nm.in<br \/>\n. wystr\u00f3j wn\u0119trza tawerny.<br \/>\nStojaki na wino, zas\u0142ony, kontuary do tawerny i&nbsp;zestawy szachowe.<\/p>\n<p>&#8211; 10 nowych cz\u0119\u015bci bi\u017cuterii.<br \/>\nDwa zestawy bi\u017cuterii \u2013 jeden z\u0142oty i&nbsp;jeden srebrny.<br \/>\nCa\u0142a nowa zawarto\u015b\u0107 pakietu Rozpusty Derketo dost\u0119pna jest tylko w tym pakiecie DLC i&nbsp;wprowadza wiele nowych opcji wizualnych, ale nie zapewnia \u017cadnej realnej przewagi w grze. Statystyki nowych przedmiot\u00f3w s\u0105 por\u00f3wnywalne ze statystykami obecnie istniej\u0105cych przedmiot\u00f3w.<\/p>\n<p><\/p>","protected":false},"excerpt":{"rendered":"<p>Oddajcie si\u0119 swoim pierwotnym potrzebom \u2013 \u017c\u0105dzy i&nbsp;swawoli \u2013 dzi\u0119ki pakietowi Rozpusty Derketo. Zbudujcie w\u0142asn\u0105 tawern\u0119 z&nbsp;nowym, bogatym wyposa\u017ceniem. Lej si\u0119, chmielu! Organizujcie gry na sto\u0142ach lub&nbsp;postawcie scen\u0119 dla przykuwaj\u0105cych wzrok tancerek i&nbsp;artyst\u00f3w. Zaimponujcie s\u0105siadom niesamowitym domkiem na drzewie dzi\u0119ki nowym fundamentom, mostom linowym, a&nbsp;nawet pe\u0142n\u0105 przepychu sypialni\u0105 z&nbsp;czerwonymi zas\u0142onami i&nbsp;luksusowym \u0142o\u017cem. Bawcie si\u0119 dwunastoma [&hellip;]<\/p>\n","protected":false},"featured_media":669633,"comment_status":"closed","ping_status":"closed","template":"","meta":{"ub_ctt_via":""},"product_cat":[263,88,127,89,78,222],"product_tag":[218],"class_list":["post-669151","product","type-product","status-publish","has-post-thumbnail","hentry","product_cat-massively-multiplayer","product_cat-action","product_cat-adventure","product_cat-rpg","product_cat-simulation","product_cat-strategy","product_tag-games","platform-steam-works"],"_links":{"self":[{"href":"https:\/\/neuvee.com\/pl\/wp-json\/wp\/v2\/product\/669151","targetHints":{"allow":["GET"]}}],"collection":[{"href":"https:\/\/neuvee.com\/pl\/wp-json\/wp\/v2\/product"}],"about":[{"href":"https:\/\/neuvee.com\/pl\/wp-json\/wp\/v2\/types\/product"}],"replies":[{"embeddable":true,"href":"https:\/\/neuvee.com\/pl\/wp-json\/wp\/v2\/comments?post=669151"}],"wp:featuredmedia":[{"embeddable":true,"href":"https:\/\/neuvee.com\/pl\/wp-json\/wp\/v2\/media\/669633"}],"wp:attachment":[{"href":"https:\/\/neuvee.com\/pl\/wp-json\/wp\/v2\/media?parent=669151"}],"wp:term":[{"taxonomy":"product_cat","embeddable":true,"href":"https:\/\/neuvee.com\/pl\/wp-json\/wp\/v2\/product_cat?post=669151"},{"taxonomy":"product_tag","embeddable":true,"href":"https:\/\/neuvee.com\/pl\/wp-json\/wp\/v2\/product_tag?post=669151"}],"curies":[{"name":"wp","href":"https:\/\/api.w.org\/{rel}","templated":true}]}}