{"id":669147,"date":"2023-07-27T18:26:27","date_gmt":"2023-07-27T18:26:27","guid":{"rendered":"https:\/\/neuvee.com\/?post_type=product&#038;p=669147"},"modified":"2025-05-19T13:49:37","modified_gmt":"2025-05-19T13:49:37","slug":"conan-exiles-blood-and-sand-4","status":"publish","type":"product","link":"https:\/\/neuvee.com\/pl\/product\/conan-exiles-blood-and-sand-4\/","title":{"rendered":"CONAN EXILES &#8211; BLOOD AND SAND"},"content":{"rendered":"<p>Bitwa o&nbsp;Ziemie Wygna\u0144c\u00f3w jest krwawa i&nbsp;bezlitosna. Pakiet Krew i&nbsp;Piach pozwoli unicestwia\u0107 wrog\u00f3w w sklepionych korytarzach i&nbsp;arenach przy pomocy nowych pancerzy i&nbsp;broni.<br \/>\nDo gry wprowadzono dwur\u0119czne topory i&nbsp;kr\u00f3tkie miecze, a&nbsp;z pakietem Krew i&nbsp;Piach otrzymacie do dyspozycji 5 wielkich topor\u00f3w i&nbsp;5 kr\u00f3tkich mieczy.<br \/>\nB\u0119dzie mo\u017cna budowa\u0107<br \/>\nm.in<br \/>\n. nowe areny i&nbsp;wstawia\u0107 do nich proporce wojenne, sklepienia oraz&nbsp;wiele innych element\u00f3w!<br \/>\nZawarto\u015b\u0107 pakietu Krew i&nbsp;Piach:<\/p>\n<p>&#8211; 29 fragment\u00f3w budynk\u00f3w<br \/>\nNowe fragmenty budynk\u00f3w do konstruowania aren i&nbsp;sklepie\u0144 <\/p>\n<p>&#8211; 15 element\u00f3w zbroi w trzech zestawach,<br \/>\nm.in<br \/>\n. pancerz nied\u017awiedziego szamana.<br \/>\n[Zestawy lekkich, \u015brednich i&nbsp;ci\u0119\u017ckich pancerzy wraz z&nbsp;ich wersjami z&nbsp;rozgrywki ko\u0144cowej. <\/p>\n<p>&#8211; 19 broni z&nbsp;zestawu Wykrwawiacza oraz&nbsp;ca\u0142kiem nowa bro\u0144<br \/>\nSkuteczno\u015b\u0107 dor\u00f3wnuj\u0105ca broni \u017celaznej i&nbsp;epickie wersje broni z&nbsp;rozgrywki ko\u0144cowej. <\/p>\n<p>&#8211; 15 nowych obiekt\u00f3w do umieszczania \u2013 proporc\u00f3w wojennych.<br \/>\nTo pozwoli udekorowa\u0107 zbudowane areny i&nbsp;zamki proporcami wojennymi.<\/p>\n<p>Zawarto\u015b\u0107 pakietu Krew i&nbsp;Piach dost\u0119pna jest wy\u0142\u0105cznie w nim i&nbsp;wprowadza wiele opcji wizualnych, ale nie zapewnia \u017cadnej realnej przewagi w grze. Statystyki nowych przedmiot\u00f3w s\u0105 por\u00f3wnywalne ze statystykami obecnie istniej\u0105cych przedmiot\u00f3w.<\/p>\n<p><\/p>","protected":false},"excerpt":{"rendered":"<p>Bitwa o&nbsp;Ziemie Wygna\u0144c\u00f3w jest krwawa i&nbsp;bezlitosna. Pakiet Krew i&nbsp;Piach pozwoli unicestwia\u0107 wrog\u00f3w w sklepionych korytarzach i&nbsp;arenach przy pomocy nowych pancerzy i&nbsp;broni. Do gry wprowadzono dwur\u0119czne topory i&nbsp;kr\u00f3tkie miecze, a&nbsp;z pakietem Krew i&nbsp;Piach otrzymacie do dyspozycji 5 wielkich topor\u00f3w i&nbsp;5 kr\u00f3tkich mieczy. B\u0119dzie mo\u017cna budowa\u0107 m.in . nowe areny i&nbsp;wstawia\u0107 do nich proporce wojenne, sklepienia oraz&nbsp;wiele [&hellip;]<\/p>\n","protected":false},"featured_media":669295,"comment_status":"closed","ping_status":"closed","template":"","meta":{"ub_ctt_via":""},"product_cat":[263,88,127,89,78,222],"product_tag":[218],"class_list":["post-669147","product","type-product","status-publish","has-post-thumbnail","hentry","product_cat-massively-multiplayer","product_cat-action","product_cat-adventure","product_cat-rpg","product_cat-simulation","product_cat-strategy","product_tag-games","platform-steam-works"],"_links":{"self":[{"href":"https:\/\/neuvee.com\/pl\/wp-json\/wp\/v2\/product\/669147","targetHints":{"allow":["GET"]}}],"collection":[{"href":"https:\/\/neuvee.com\/pl\/wp-json\/wp\/v2\/product"}],"about":[{"href":"https:\/\/neuvee.com\/pl\/wp-json\/wp\/v2\/types\/product"}],"replies":[{"embeddable":true,"href":"https:\/\/neuvee.com\/pl\/wp-json\/wp\/v2\/comments?post=669147"}],"wp:featuredmedia":[{"embeddable":true,"href":"https:\/\/neuvee.com\/pl\/wp-json\/wp\/v2\/media\/669295"}],"wp:attachment":[{"href":"https:\/\/neuvee.com\/pl\/wp-json\/wp\/v2\/media?parent=669147"}],"wp:term":[{"taxonomy":"product_cat","embeddable":true,"href":"https:\/\/neuvee.com\/pl\/wp-json\/wp\/v2\/product_cat?post=669147"},{"taxonomy":"product_tag","embeddable":true,"href":"https:\/\/neuvee.com\/pl\/wp-json\/wp\/v2\/product_tag?post=669147"}],"curies":[{"name":"wp","href":"https:\/\/api.w.org\/{rel}","templated":true}]}}