{"id":669143,"date":"2023-07-27T18:24:32","date_gmt":"2023-07-27T18:24:32","guid":{"rendered":"https:\/\/neuvee.com\/?post_type=product&#038;p=669143"},"modified":"2025-05-19T14:28:54","modified_gmt":"2025-05-19T14:28:54","slug":"conan-exiles-architects-of-argos-4","status":"publish","type":"product","link":"https:\/\/neuvee.com\/pl\/product\/conan-exiles-architects-of-argos-4\/","title":{"rendered":"CONAN EXILES &#8211; ARCHITECTS OF ARGOS"},"content":{"rendered":"<p>Budujcie niezwyk\u0142e miasta i&nbsp;imponuj\u0105ce \u015bwi\u0105tynie z&nbsp;bia\u0142ego marmuru dzi\u0119ki pakietowi Architekci Argos. Postawcie w swojej bazie ozdobne pos\u0105gi i&nbsp;imponuj\u0105ce fontanny.<br \/>\nArgosa\u0144ska architektura jest wyj\u0105tkowo bogata. Udost\u0119pnia wymy\u015blne sklepienia i&nbsp;now\u0105 metod\u0119 budowy wysokich kolumn (z dolnymi, \u015brodkowymi i&nbsp;g\u00f3rnymi cz\u0119\u015bciami), a&nbsp;wn\u0119trza wr\u0119cz ociekaj\u0105 przepychem.<br \/>\nOtrzymacie te\u017c do dyspozycji trzy nowe, stylowe zbroje dla koni, trzy zestawy pancerzy i&nbsp;dziewi\u0119\u0107 nowych broni takich jak argosa\u0144ski wielki top\u00f3r.<br \/>\nZawarto\u015b\u0107 pakietuArchitekci Argos<\/p>\n<p>&#8211; 49 nowych, wyj\u0105tkowych fragment\u00f3w budynk\u00f3w.<br \/>\nZdobione elementy takie jak wymy\u015blne sklepienia.<\/p>\n<p>&#8211; 18 nowych, eleganckich obiekt\u00f3w do umieszczania<br \/>\nKlasyczne pos\u0105gi i&nbsp;fontanny do ozdabiania bazy<\/p>\n<p>&#8211; 3 nowe siod\u0142a dla wierzchowc\u00f3w<br \/>\nWyposa\u017ccie swojego konia w argosa\u0144skie siod\u0142o wojenne!<\/p>\n<p>&#8211; 15 element\u00f3w zbroi w trzech zestawach takich jak zbroja Falangi.<br \/>\nZestawy lekkich, \u015brednich i&nbsp;ci\u0119\u017ckich pancerzy wraz z&nbsp;ich wersjami z&nbsp;rozgrywki ko\u0144cowej.<\/p>\n<p>&#8211; 9 nowych argosa\u0144skich broni<br \/>\nSkuteczno\u015b\u0107 dor\u00f3wnuj\u0105ca broni \u017celaznej i&nbsp;epickie wersje broni z&nbsp;rozgrywki ko\u0144cowej.<br \/>\nZawarto\u015b\u0107 pakietu Architekci Argos dost\u0119pna jest wy\u0142\u0105cznie w nim i&nbsp;wprowadza wiele opcji wizualnych, ale nie zapewnia \u017cadnej realnej przewagi w grze. Statystyki nowych przedmiot\u00f3w s\u0105 por\u00f3wnywalne ze statystykami obecnie istniej\u0105cych przedmiot\u00f3w.<\/p>\n<p><\/p>","protected":false},"excerpt":{"rendered":"<p>Budujcie niezwyk\u0142e miasta i&nbsp;imponuj\u0105ce \u015bwi\u0105tynie z&nbsp;bia\u0142ego marmuru dzi\u0119ki pakietowi Architekci Argos. Postawcie w swojej bazie ozdobne pos\u0105gi i&nbsp;imponuj\u0105ce fontanny. Argosa\u0144ska architektura jest wyj\u0105tkowo bogata. Udost\u0119pnia wymy\u015blne sklepienia i&nbsp;now\u0105 metod\u0119 budowy wysokich kolumn (z dolnymi, \u015brodkowymi i&nbsp;g\u00f3rnymi cz\u0119\u015bciami), a&nbsp;wn\u0119trza wr\u0119cz ociekaj\u0105 przepychem. Otrzymacie te\u017c do dyspozycji trzy nowe, stylowe zbroje dla koni, trzy zestawy pancerzy i&nbsp;dziewi\u0119\u0107 [&hellip;]<\/p>\n","protected":false},"featured_media":670094,"comment_status":"closed","ping_status":"closed","template":"","meta":{"ub_ctt_via":""},"product_cat":[263,88,127,89,78,222],"product_tag":[218],"class_list":["post-669143","product","type-product","status-publish","has-post-thumbnail","hentry","product_cat-massively-multiplayer","product_cat-action","product_cat-adventure","product_cat-rpg","product_cat-simulation","product_cat-strategy","product_tag-games","platform-steam-works"],"_links":{"self":[{"href":"https:\/\/neuvee.com\/pl\/wp-json\/wp\/v2\/product\/669143","targetHints":{"allow":["GET"]}}],"collection":[{"href":"https:\/\/neuvee.com\/pl\/wp-json\/wp\/v2\/product"}],"about":[{"href":"https:\/\/neuvee.com\/pl\/wp-json\/wp\/v2\/types\/product"}],"replies":[{"embeddable":true,"href":"https:\/\/neuvee.com\/pl\/wp-json\/wp\/v2\/comments?post=669143"}],"wp:featuredmedia":[{"embeddable":true,"href":"https:\/\/neuvee.com\/pl\/wp-json\/wp\/v2\/media\/670094"}],"wp:attachment":[{"href":"https:\/\/neuvee.com\/pl\/wp-json\/wp\/v2\/media?parent=669143"}],"wp:term":[{"taxonomy":"product_cat","embeddable":true,"href":"https:\/\/neuvee.com\/pl\/wp-json\/wp\/v2\/product_cat?post=669143"},{"taxonomy":"product_tag","embeddable":true,"href":"https:\/\/neuvee.com\/pl\/wp-json\/wp\/v2\/product_tag?post=669143"}],"curies":[{"name":"wp","href":"https:\/\/api.w.org\/{rel}","templated":true}]}}