{"id":669137,"date":"2023-07-27T18:17:30","date_gmt":"2023-07-27T18:17:30","guid":{"rendered":"https:\/\/neuvee.com\/?post_type=product&#038;p=669137"},"modified":"2025-05-19T13:31:41","modified_gmt":"2025-05-19T13:31:41","slug":"children-of-morta-paws-and-claws-4","status":"publish","type":"product","link":"https:\/\/neuvee.com\/pl\/product\/children-of-morta-paws-and-claws-4\/","title":{"rendered":"CHILDREN OF MORTA: PAWS AND CLAWS"},"content":{"rendered":"<p>Uwaga: 100% dochod\u00f3w 11 bit studios oraz&nbsp;Dead Mage zostanie przekazane organizacji Humane Society International!<br \/>\nOd momentu wydania Children of Morta: Paws and Claws zebra\u0142o ju\u017c ponad 300 000 dolar\u00f3w na pomoc zwierz\u0119tom.<br \/>\nNocni \u0142owcy, stworzenia dnia. Wyj\u0105, warcz\u0105, sycz\u0105 i&nbsp;mrucz\u0105 \u2013 ale przede wszystkim czuj\u0105 i&nbsp;my\u015bl\u0105, podobnie jak my. A ich \u017cycie jest r\u00f3wnie cenne co nasze. Ten dodatek wprowadza do gry nowe elementy \u2013 takie jak zagroda dla zwierz\u0105t, nowe premie, animacje czy wydarzenia \u2013 ale jest te\u017c czym\u015b znacznie istotniejszym. Bezpo\u015brednio pomaga bowiem zwierz\u0119tom w potrzebie \u2013 nie tym wirtualnym, lecz&nbsp;prawdziwym. 100% dochod\u00f3w 11 bit studios oraz&nbsp;Dead Mage z&nbsp;dodatku \u201ePaws and Claws\u201d (\u201e\u0141apy i&nbsp;szpony\u201d) zostanie przekazane organizacji Humane Society International, kt\u00f3rej g\u0142\u00f3wn\u0105 misj\u0105 jest pomoc zwierz\u0119tom na ca\u0142ym \u015bwiecie.<br \/>\nDodatek \u201e\u0141apy i&nbsp;szpony\u201d \u2013 najwa\u017cniejsze nowe elementy:<br \/>\n\u2013 Zagroda dla zwierz\u0105t \u2013 kt\u00f3ra stanowi zupe\u0142nie now\u0105 cz\u0119\u015b\u0107 domu!<br \/>\n\u2013 Dom rodziny Bergson\u00f3w odwiedzi\u0142y r\u00f3\u017cne zwierz\u0119ta, mi\u0119dzy innymi jele\u0144, lis i&nbsp;ptaki.<br \/>\n\u2013 Nowa mechanika: karm zwierz\u0119ta i&nbsp;dbaj o&nbsp;nie.<br \/>\n\u2013 Nowe, zwi\u0105zane ze zwierz\u0119tami premie dla cz\u0142onk\u00f3w rodziny Bergson\u00f3w (mi\u0119dzy innymi do zdobywanych PD i&nbsp;pr\u0119dko\u015bci ruchu).<br \/>\n\u2013 Nowe atrakcje w domu Bergson\u00f3w.<br \/>\n\u2013 Ponad 100 r\u00f3\u017cnorodnych nowych animacji, dzi\u0119ki kt\u00f3rym o\u017cyj\u0105 twoi nowi zwierz\u0119cy przyjaciele!<\/p>\n<p><\/p>","protected":false},"excerpt":{"rendered":"<p>Uwaga: 100% dochod\u00f3w 11 bit studios oraz&nbsp;Dead Mage zostanie przekazane organizacji Humane Society International! Od momentu wydania Children of Morta: Paws and Claws zebra\u0142o ju\u017c ponad 300 000 dolar\u00f3w na pomoc zwierz\u0119tom. Nocni \u0142owcy, stworzenia dnia. Wyj\u0105, warcz\u0105, sycz\u0105 i&nbsp;mrucz\u0105 \u2013 ale przede wszystkim czuj\u0105 i&nbsp;my\u015bl\u0105, podobnie jak my. A ich \u017cycie jest r\u00f3wnie cenne [&hellip;]<\/p>\n","protected":false},"featured_media":669855,"comment_status":"closed","ping_status":"closed","template":"","meta":{"ub_ctt_via":""},"product_cat":[88,127,221,89],"product_tag":[218],"class_list":["post-669137","product","type-product","status-publish","has-post-thumbnail","hentry","product_cat-action","product_cat-adventure","product_cat-indie","product_cat-rpg","product_tag-games","platform-steam-works"],"_links":{"self":[{"href":"https:\/\/neuvee.com\/pl\/wp-json\/wp\/v2\/product\/669137","targetHints":{"allow":["GET"]}}],"collection":[{"href":"https:\/\/neuvee.com\/pl\/wp-json\/wp\/v2\/product"}],"about":[{"href":"https:\/\/neuvee.com\/pl\/wp-json\/wp\/v2\/types\/product"}],"replies":[{"embeddable":true,"href":"https:\/\/neuvee.com\/pl\/wp-json\/wp\/v2\/comments?post=669137"}],"wp:featuredmedia":[{"embeddable":true,"href":"https:\/\/neuvee.com\/pl\/wp-json\/wp\/v2\/media\/669855"}],"wp:attachment":[{"href":"https:\/\/neuvee.com\/pl\/wp-json\/wp\/v2\/media?parent=669137"}],"wp:term":[{"taxonomy":"product_cat","embeddable":true,"href":"https:\/\/neuvee.com\/pl\/wp-json\/wp\/v2\/product_cat?post=669137"},{"taxonomy":"product_tag","embeddable":true,"href":"https:\/\/neuvee.com\/pl\/wp-json\/wp\/v2\/product_tag?post=669137"}],"curies":[{"name":"wp","href":"https:\/\/api.w.org\/{rel}","templated":true}]}}