{"id":669133,"date":"2023-07-27T18:15:59","date_gmt":"2023-07-27T18:15:59","guid":{"rendered":"https:\/\/neuvee.com\/?post_type=product&#038;p=669133"},"modified":"2025-05-19T14:14:37","modified_gmt":"2025-05-19T14:14:37","slug":"children-of-morta-complete-edition-4","status":"publish","type":"product","link":"https:\/\/neuvee.com\/pl\/product\/children-of-morta-complete-edition-4\/","title":{"rendered":"CHILDREN OF MORTA: COMPLETE EDITION"},"content":{"rendered":"<p>Children of Morta: Complete Edition sk\u0142ada si\u0119 z:<\/p>\n<p>Pe\u0142nej podstawowej wersji gry Children of Morta, wraz ze wszystkimi darmowymi aktualizacjami:<br \/>\n\u2013 Pr\u00f3by rodzinne (Family Trials) \u2013 tryb gry oddzielony od g\u0142\u00f3wnej kampanii fabularnej;<br \/>\n\u2013 Nowe ustawienia trudno\u015bci;<br \/>\n\u2013 Tryb nowej gry+;<br \/>\n\u2013 Nowa dost\u0119pna posta\u0107: Apan<br \/>\n\u2013 Zestaw nowych przedmiot\u00f3w.<br \/>\n\u2013 Tryb wsp\u00f3\u0142pracy \u2013 online i&nbsp;lokalny!<br \/>\nAncient Spirits to dodatek, w kt\u00f3rym pojawia si\u0119 Yajouj\u2019Majouj: nowa dost\u0119pna posta\u0107 o&nbsp;dw\u00f3ch formach, nowe sk\u00f3rki dla ka\u017cdego bohatera, a&nbsp;tak\u017ce paczka zawarto\u015bci w grze, z&nbsp;nowymi reliktami, talizmanami i&nbsp;b\u0142ogos\u0142awie\u0144stwami.<br \/>\nPaws &#038; Claws to dodatek wprowadzaj\u0105cy nowe funkcje gry, takie jak system zagr\u00f3d dla zwierz\u0105t, nowe premie, animacje i&nbsp;wydarzenia.<br \/>\nFamily Fireside Fables to zestaw sze\u015bciu przeuroczych opowie\u015bci o&nbsp;przygodzie, tajemnicy, i&nbsp;nie tylko \u2013 czytane przez nikogo innego jak Eda Kelly\u2019ego.<\/p>\n<p>&#8212;<\/p>\n<p>Children of Morta to fabularna gra akcji z&nbsp;rozwojem postaci jak w grach rogue-lite, gdzie nie grasz jednym bohaterem, a&nbsp;ca\u0142\u0105 wyj\u0105tkow\u0105 rodzin\u0105. Przedrzyj si\u0119 przez hordy przeciwnik\u00f3w w losowo generowanych lochach, jaskiniach i&nbsp;krainach. Poprowad\u017a rodzin\u0119 Bergson\u00f3w, z&nbsp;wszystkimi jej s\u0142abo\u015bciami i&nbsp;cnotami, naprzeciw nadchodz\u0105cemu Zespuciu.<br \/>\nLista g\u0142\u00f3wnych cech:<br \/>\nGra rogue-lite z&nbsp;g\u0142\u0119bok\u0105 fabu\u0142\u0105;<br \/>\n7 dost\u0119pnych postaci;<br \/>\nTryb wsp\u00f3\u0142pracy \u2013 online i&nbsp;lokalny;<br \/>\nGenerowane losowo lochy;<br \/>\nZr\u00f3\u017cnicowany zestaw umiej\u0119tno\u015bci;<br \/>\nPrzedmioty dzia\u0142aj\u0105ce pasywnie i&nbsp;aktywnie, wp\u0142ywaj\u0105ce na ka\u017cd\u0105 rozgrywk\u0119;<br \/>\nEmocjonalna opowie\u015b\u0107 o&nbsp;bohaterskiej rodzinie;<br \/>\nPr\u00f3by rodzinne (Family Trials) \u2013 tryb gry oddzielony od g\u0142\u00f3wnej kampanii fabularnej, oferuj\u0105cy nowe systemy, przedmioty, cele, mo\u017cliwo\u015bci budowania postaci i&nbsp;znacznie wi\u0119cej \u2013 a&nbsp;wszystko to w formie serii ca\u0142kowicie losowych loch\u00f3w.<\/p>\n<p><\/p>","protected":false},"excerpt":{"rendered":"<p>Children of Morta: Complete Edition sk\u0142ada si\u0119 z: Pe\u0142nej podstawowej wersji gry Children of Morta, wraz ze wszystkimi darmowymi aktualizacjami: \u2013 Pr\u00f3by rodzinne (Family Trials) \u2013 tryb gry oddzielony od g\u0142\u00f3wnej kampanii fabularnej; \u2013 Nowe ustawienia trudno\u015bci; \u2013 Tryb nowej gry+; \u2013 Nowa dost\u0119pna posta\u0107: Apan \u2013 Zestaw nowych przedmiot\u00f3w. \u2013 Tryb wsp\u00f3\u0142pracy \u2013 online [&hellip;]<\/p>\n","protected":false},"featured_media":669913,"comment_status":"closed","ping_status":"closed","template":"","meta":{"ub_ctt_via":""},"product_cat":[88,127,221,89],"product_tag":[218],"class_list":["post-669133","product","type-product","status-publish","has-post-thumbnail","hentry","product_cat-action","product_cat-adventure","product_cat-indie","product_cat-rpg","product_tag-games","platform-steam-works"],"_links":{"self":[{"href":"https:\/\/neuvee.com\/pl\/wp-json\/wp\/v2\/product\/669133","targetHints":{"allow":["GET"]}}],"collection":[{"href":"https:\/\/neuvee.com\/pl\/wp-json\/wp\/v2\/product"}],"about":[{"href":"https:\/\/neuvee.com\/pl\/wp-json\/wp\/v2\/types\/product"}],"replies":[{"embeddable":true,"href":"https:\/\/neuvee.com\/pl\/wp-json\/wp\/v2\/comments?post=669133"}],"wp:featuredmedia":[{"embeddable":true,"href":"https:\/\/neuvee.com\/pl\/wp-json\/wp\/v2\/media\/669913"}],"wp:attachment":[{"href":"https:\/\/neuvee.com\/pl\/wp-json\/wp\/v2\/media?parent=669133"}],"wp:term":[{"taxonomy":"product_cat","embeddable":true,"href":"https:\/\/neuvee.com\/pl\/wp-json\/wp\/v2\/product_cat?post=669133"},{"taxonomy":"product_tag","embeddable":true,"href":"https:\/\/neuvee.com\/pl\/wp-json\/wp\/v2\/product_tag?post=669133"}],"curies":[{"name":"wp","href":"https:\/\/api.w.org\/{rel}","templated":true}]}}