{"id":669130,"date":"2023-07-27T18:14:12","date_gmt":"2023-07-27T18:14:12","guid":{"rendered":"https:\/\/neuvee.com\/?post_type=product&#038;p=669130"},"modified":"2025-05-19T13:24:58","modified_gmt":"2025-05-19T13:24:58","slug":"children-of-morta-ancient-spirits-4","status":"publish","type":"product","link":"https:\/\/neuvee.com\/pl\/product\/children-of-morta-ancient-spirits-4\/","title":{"rendered":"CHILDREN OF MORTA: ANCIENT SPIRITS"},"content":{"rendered":"<p>Ancient Spirits to nowy dodatek do Children of Morta, wprowadzaj\u0105cy szereg element\u00f3w: posta\u0107 o&nbsp;dw\u00f3ch formach zwan\u0105 Yajouj\u2019Majouj, nowe sk\u00f3rki dla ka\u017cdego bohatera, oraz&nbsp;nowe relikty, talizmany i&nbsp;b\u0142ogos\u0142awie\u0144stwa.<\/p>\n<p>Yajouj i&nbsp;Majouj<br \/>\nPradawna legenda ludzi po\u0142udnia m\u00f3wi o&nbsp;zakazanej mi\u0142o\u015bci cz\u0142owieka i&nbsp;goblinki. Cz\u0142owiek imieniem Yajouj zakocha\u0142 si\u0119 w goblince imieniem Majouj. Wed\u0142ug opowie\u015bci Majouj zosta\u0142a si\u0142\u0105 wyci\u0105gni\u0119ta z&nbsp;domu Yajouja i&nbsp;zgin\u0119\u0142a wtr\u0105cona w niesko\u0144czon\u0105 otch\u0142a\u0144. Yajouj &#8211; nie\u015bwiadom tragedii &#8211; wyrusza na poszukiwania ukochanej. Niestety, gubi si\u0119 w zwodniczej otch\u0142ani i&nbsp;umiera goni\u0105c do ostatniego tchu za utracon\u0105 mi\u0142o\u015bci\u0105. To jednak&nbsp;nie koniec legendy. Zb\u0142\u0105kane dusze cz\u0142owieka i&nbsp;goblinki ostatecznie \u0142\u0105czy \u015bmier\u0107. Dwoje kochank\u00f3w mo\u017ce wreszcie r\u0119ka w r\u0119k\u0119 pokona\u0107 otch\u0142a\u0144, a&nbsp;nast\u0119pnie szuka\u0107 drogi powrotnej.<\/p>\n<p>Sprawd\u017a pe\u0142n\u0105 list\u0119 zawarto\u015bci Children of Morta: Ancient Spirits!<\/p>\n<p>Nowa dost\u0119pna posta\u0107 Yajouj\u2019Majouj, gotowa do walki z&nbsp;u\u017cyciem unikalnych umiej\u0119tno\u015bci w trybie rodzinnych pr\u00f3b. Yajouj\u2019Majouj, w przeciwie\u0144stwie do rodu Bergson\u00f3w, ma dwie formy. Potrafi p\u0142ynnie i&nbsp;w ka\u017cdej chwili przechodzi\u0107 z&nbsp;jednej w drug\u0105, czego owocem jest wyj\u0105tkowy styl walki. Przeplatanie atak\u00f3w obu form pozwala na i\u015bcie \u015bmierciono\u015bne uderzenia!<\/p>\n<p>System sk\u00f3rek \u2013 wprowadza zupe\u0142nie now\u0105 sekcj\u0119 do menu wyboru postaci, w kt\u00f3rym b\u0119dzie mo\u017cna dobra\u0107 specjalne maski dla bohater\u00f3w.<\/p>\n<p>5 nowych b\u0142ogos\u0142awie\u0144stw: Krwawa szar\u017ca, Szybkie \u0142apki i&nbsp;inne.<\/p>\n<p>5 nowych talizman\u00f3w: Pot\u0119ga za pot\u0119g\u0119, Krwawa ofiara i&nbsp;inne.<\/p>\n<p>5 nowych boskich relikt\u00f3w: Wezwanie do broni, Grzmi\u0105ca chmura i&nbsp;inne.<\/p>\n<p><\/p>","protected":false},"excerpt":{"rendered":"<p>Ancient Spirits to nowy dodatek do Children of Morta, wprowadzaj\u0105cy szereg element\u00f3w: posta\u0107 o&nbsp;dw\u00f3ch formach zwan\u0105 Yajouj\u2019Majouj, nowe sk\u00f3rki dla ka\u017cdego bohatera, oraz&nbsp;nowe relikty, talizmany i&nbsp;b\u0142ogos\u0142awie\u0144stwa. Yajouj i&nbsp;Majouj Pradawna legenda ludzi po\u0142udnia m\u00f3wi o&nbsp;zakazanej mi\u0142o\u015bci cz\u0142owieka i&nbsp;goblinki. Cz\u0142owiek imieniem Yajouj zakocha\u0142 si\u0119 w goblince imieniem Majouj. Wed\u0142ug opowie\u015bci Majouj zosta\u0142a si\u0142\u0105 wyci\u0105gni\u0119ta z&nbsp;domu Yajouja i&nbsp;zgin\u0119\u0142a [&hellip;]<\/p>\n","protected":false},"featured_media":669394,"comment_status":"closed","ping_status":"closed","template":"","meta":{"ub_ctt_via":""},"product_cat":[88,127,221,89],"product_tag":[218],"class_list":["post-669130","product","type-product","status-publish","has-post-thumbnail","hentry","product_cat-action","product_cat-adventure","product_cat-indie","product_cat-rpg","product_tag-games","platform-steam-works"],"_links":{"self":[{"href":"https:\/\/neuvee.com\/pl\/wp-json\/wp\/v2\/product\/669130","targetHints":{"allow":["GET"]}}],"collection":[{"href":"https:\/\/neuvee.com\/pl\/wp-json\/wp\/v2\/product"}],"about":[{"href":"https:\/\/neuvee.com\/pl\/wp-json\/wp\/v2\/types\/product"}],"replies":[{"embeddable":true,"href":"https:\/\/neuvee.com\/pl\/wp-json\/wp\/v2\/comments?post=669130"}],"wp:featuredmedia":[{"embeddable":true,"href":"https:\/\/neuvee.com\/pl\/wp-json\/wp\/v2\/media\/669394"}],"wp:attachment":[{"href":"https:\/\/neuvee.com\/pl\/wp-json\/wp\/v2\/media?parent=669130"}],"wp:term":[{"taxonomy":"product_cat","embeddable":true,"href":"https:\/\/neuvee.com\/pl\/wp-json\/wp\/v2\/product_cat?post=669130"},{"taxonomy":"product_tag","embeddable":true,"href":"https:\/\/neuvee.com\/pl\/wp-json\/wp\/v2\/product_tag?post=669130"}],"curies":[{"name":"wp","href":"https:\/\/api.w.org\/{rel}","templated":true}]}}