{"id":669124,"date":"2023-07-27T18:12:31","date_gmt":"2023-07-27T18:12:31","guid":{"rendered":"https:\/\/neuvee.com\/?post_type=product&#038;p=669124"},"modified":"2025-05-19T14:13:21","modified_gmt":"2025-05-19T14:13:21","slug":"children-of-morta-4","status":"publish","type":"product","link":"https:\/\/neuvee.com\/pl\/product\/children-of-morta-4\/","title":{"rendered":"CHILDREN OF MORTA"},"content":{"rendered":"<p>MAMY TO WE KRWI<br \/>\nW Children of Morta, grze RPG akcji charakteryzuj\u0105cej si\u0119 podej\u015bciem do rozwoju postaci znanym z&nbsp;gatunku rogue-lite, wcielasz si\u0119 nie w jedn\u0105 posta\u0107, lecz&nbsp;w ca\u0142\u0105 wyj\u0105tkow\u0105 rodzin\u0119 bohater\u00f3w. Powalaj hordy wrog\u00f3w w i\u015bcie hackandslashowym stylu, przedzieraj\u0105c si\u0119 przez proceduralnie generowane lochy, jaskinie i&nbsp;krainy, i&nbsp;poprowad\u017a rodzin\u0119 Bergson\u00f3w, ze wszystkimi ich wadami i&nbsp;zaletami, do walki przeciwko nadci\u0105gaj\u0105cemu Zepsuciu.<br \/>\nCECHY GRY<br \/>\nTRYB WSP\u00d3\u0141PRACY ONLINE jest ju\u017c dost\u0119pny w grze i&nbsp;daje ci okazj\u0119 gry ze znajomym z&nbsp;daleka! Dost\u0119pny zar\u00f3wno w fabule, jak i&nbsp;pr\u00f3bach rodzinnych (Family Trials), tryb wsp\u00f3\u0142pracy online daje ci szans\u0119 stworzenia dru\u017cyny i&nbsp;wsp\u00f3lnej walki z&nbsp;Zepsuciem. Dost\u0119pny jest te\u017c lokalny tryb wsp\u00f3\u0142pracy!<br \/>\nROZGRYWKA<br \/>\nRozgrywka w Children of Morta to unikalna kombinacja przygodowego RPG akcji, hack and slasha i&nbsp;gry rogue-lite. Zdobywaj\u0105c kolejne poziomy, wzmacniasz nie tylko poszczeg\u00f3lne postacie, ale r\u00f3wnie\u017c ca\u0142\u0105 rodzin\u0119. Bohaterowie nie gin\u0105 na dobre, a&nbsp;w ka\u017cdym lochu mo\u017cesz pokierowa\u0107 dowolnym z&nbsp;nich.<br \/>\nFABU\u0141A<br \/>\nTa opowie\u015b\u0107 rozgrywa si\u0119 w dalekiej krainie, ale opowiada o&nbsp;emocjach znanych nam wszystkim: o&nbsp;mi\u0142o\u015bci i&nbsp;nadziei, o&nbsp;t\u0119sknocie i&nbsp;niepewno\u015bci, a&nbsp;nieuchronnie r\u00f3wnie\u017c o&nbsp;stracie i&nbsp;o tym, co jeste\u015bmy w stanie po\u015bwi\u0119ci\u0107, by ochroni\u0107 tych, na kt\u00f3rych nam zale\u017cy. To opowie\u015b\u0107 o&nbsp;rodzinie bohater\u00f3w, kt\u00f3ra staje przeciwko si\u0142om mroku.<br \/>\nLOCHY<br \/>\nWszystkie lochy w grze s\u0105 generowane proceduralnie, co oznacza, \u017ce w ka\u017cdej kolejnej przygodzie ich u\u0142o\u017cenie jest inne. Ka\u017cdy loch ma od dw\u00f3ch do czterech poziom\u00f3w i&nbsp;ko\u0144czy si\u0119 walk\u0105 z&nbsp;unikalnym bossem. W dowolnej chwili mo\u017cesz cofn\u0105\u0107 si\u0119 do poprzedniego lochu, by zdoby\u0107 dodatkowe PD i&nbsp;uko\u0144czy\u0107 misje poboczne.<br \/>\nPOSTACIE I UMIEJ\u0118TNO\u015aCI<br \/>\nAtaki dystansowe, zakl\u0119cia, bloki, og\u0142uszenia, zdolno\u015bci uzdrawiaj\u0105ce, uniki, umiej\u0119tno\u015bci pasywne \u2013 wszystkie czekaj\u0105 na odkrycie, odblokowanie i&nbsp;ulepszenie. Masz do wyboru siedmiu cz\u0142onk\u00f3w rodziny, a&nbsp;ka\u017cdy z&nbsp;nich ma w\u0142asny zestaw umiej\u0119tno\u015bci. Ojciec John to strzeg\u0105cy rodziny wojownik z&nbsp;mieczem i&nbsp;tarcz\u0105, starsza c\u00f3rka Linda \u2013 wyborowa \u0142uczniczka, Kevin \u2013 cichy wojownik z&nbsp;ostrymi sztyletami, Lucy \u2013 \u017cywio\u0142owa czarodziejka ognia z&nbsp;i\u015bcie wybuchowym temperamentem, Mark \u2013 rozwa\u017cny sztukmistrz walki, Joey \u2013 pos\u0142uguj\u0105cy si\u0119 m\u0142otem postrach wrog\u00f3w oraz&nbsp;najnowsza cz\u0142onkini rodziny Bergson\u00f3w, Apan \u2013 pot\u0119\u017cna uzdrowicielka i&nbsp;zaciek\u0142a obro\u0144czyni w jednym.<br \/>\nSTYL GRAFICZNY<br \/>\nDzi\u0119ki kombinacji odr\u0119cznego pixel artu i&nbsp;animacji poklatkowej oraz&nbsp;zastosowaniu nowoczesnych technik o\u015bwietlenia zatrwa\u017caj\u0105co pi\u0119kny \u015bwiat Children of Morta wype\u0142nia si\u0119 \u017cyciem!<br \/>\nSPE\u0141NIONO WSZYSTKIE ZA\u0141O\u017bENIA PLANU ROZWOJU GRY<br \/>\nDotarli\u015bmy do ko\u0144ca staro\u017cytnej mapy rozwoju gry. Dzi\u0119ki temu gra zyska\u0142a dodatkow\u0105 zawarto\u015b\u0107 \u2013 w tym nowe postacie, nowe przedmioty, nowe mechaniki i&nbsp;wiele wi\u0119cej! Ostatni punkt \u2013 Fellowship Sanctuary \u2013 zosta\u0142 osi\u0105gni\u0119ty, a&nbsp;na miejscu czeka\u0142a bezp\u0142atna aktualizacja \u2013 tryb wsp\u00f3\u0142pracy online. Tryb wsp\u00f3\u0142pracy online dost\u0119pny jest w fabule i&nbsp;pr\u00f3bach rodzinnych, i&nbsp;tak jak lokalny tryb wsp\u00f3\u0142pracy oferuje liczne style gry \u2013 w ko\u0144cu ka\u017cdy wojownik w Children of Morta dysponuje unikatowym stylem walki.<\/p>\n<p><\/p>","protected":false},"excerpt":{"rendered":"<p>MAMY TO WE KRWI W Children of Morta, grze RPG akcji charakteryzuj\u0105cej si\u0119 podej\u015bciem do rozwoju postaci znanym z&nbsp;gatunku rogue-lite, wcielasz si\u0119 nie w jedn\u0105 posta\u0107, lecz&nbsp;w ca\u0142\u0105 wyj\u0105tkow\u0105 rodzin\u0119 bohater\u00f3w. Powalaj hordy wrog\u00f3w w i\u015bcie hackandslashowym stylu, przedzieraj\u0105c si\u0119 przez proceduralnie generowane lochy, jaskinie i&nbsp;krainy, i&nbsp;poprowad\u017a rodzin\u0119 Bergson\u00f3w, ze wszystkimi ich wadami i&nbsp;zaletami, do [&hellip;]<\/p>\n","protected":false},"featured_media":669172,"comment_status":"closed","ping_status":"closed","template":"","meta":{"ub_ctt_via":""},"product_cat":[88,127,221,89],"product_tag":[218],"class_list":["post-669124","product","type-product","status-publish","has-post-thumbnail","hentry","product_cat-action","product_cat-adventure","product_cat-indie","product_cat-rpg","product_tag-games","platform-steam-works"],"_links":{"self":[{"href":"https:\/\/neuvee.com\/pl\/wp-json\/wp\/v2\/product\/669124","targetHints":{"allow":["GET"]}}],"collection":[{"href":"https:\/\/neuvee.com\/pl\/wp-json\/wp\/v2\/product"}],"about":[{"href":"https:\/\/neuvee.com\/pl\/wp-json\/wp\/v2\/types\/product"}],"replies":[{"embeddable":true,"href":"https:\/\/neuvee.com\/pl\/wp-json\/wp\/v2\/comments?post=669124"}],"wp:featuredmedia":[{"embeddable":true,"href":"https:\/\/neuvee.com\/pl\/wp-json\/wp\/v2\/media\/669172"}],"wp:attachment":[{"href":"https:\/\/neuvee.com\/pl\/wp-json\/wp\/v2\/media?parent=669124"}],"wp:term":[{"taxonomy":"product_cat","embeddable":true,"href":"https:\/\/neuvee.com\/pl\/wp-json\/wp\/v2\/product_cat?post=669124"},{"taxonomy":"product_tag","embeddable":true,"href":"https:\/\/neuvee.com\/pl\/wp-json\/wp\/v2\/product_tag?post=669124"}],"curies":[{"name":"wp","href":"https:\/\/api.w.org\/{rel}","templated":true}]}}