{"id":669121,"date":"2023-07-27T18:10:20","date_gmt":"2023-07-27T18:10:20","guid":{"rendered":"https:\/\/neuvee.com\/?post_type=product&#038;p=669121"},"modified":"2025-05-19T14:06:47","modified_gmt":"2025-05-19T14:06:47","slug":"beat-cop","status":"publish","type":"product","link":"https:\/\/neuvee.com\/pl\/product\/beat-cop\/","title":{"rendered":"BEAT COP"},"content":{"rendered":"<p>Nowy Jork to bardziej bestia ni\u017c miasto. Odkryj jego tajemnice przemierzaj\u0105c najmroczniejsze zau\u0142ki jako Jack Kelly &#8211; by\u0142y detektyw wrobiony w morderstwo. Zdegradowany i&nbsp;opuszczony przez bliskich, masz ostatni\u0105 szans\u0119 by odkry\u0107 prawd\u0119 i&nbsp;posprz\u0105ta\u0107 ca\u0142e to bagno raz na zawsze. Jest tylko jeden problem\u2026 C\u00f3\u017c\u2026 w zasadzie to jest ich kilka. Tw\u00f3j nowy szef traktuje Ci\u0119 jak \u015bmiecia, twoja \u017cona to wysysaj\u0105ca pieni\u0105dze pijawka z&nbsp;piek\u0142a rodem, a&nbsp;lokalna mafia chce zobaczy\u0107 twoj\u0105 g\u0142ow\u0119 na srebrnej tacy.<\/p>\n<p>Nieliniowa fabu\u0142a z&nbsp;wieloma zako\u0144czeniami<br \/>\nJeste\u015b niewinny, ale obchodzi to tylko i&nbsp;wy\u0142\u0105cznie ciebie. Teraz musisz powyciera\u0107 si\u0119 po najgorszych zakamarkach tego miasta, aby dowiedzie\u0107 si\u0119, kto Ci\u0119 wrobi\u0142. Im wi\u0119cej brakuj\u0105cych poszlak znajdziesz, tym bli\u017cszy b\u0119dziesz odkrycia prawdy. Uwa\u017caj jednak, aby nie nast\u0105pi\u0107 komu\u015b na odcisk. Pewne sprawy wygodniej po prostu przemilcze\u0107.<\/p>\n<p>Klimat film\u00f3w policyjnych z&nbsp;lat 80tych<br \/>\nPami\u0119tasz swoich idoli z&nbsp;czwartkowych seriali sensacyjnych? Teraz masz szans\u0119 godnie ich zast\u0105pi\u0107. B\u0105d\u017a seksowniejszy ni\u017c Sonny Crocket i&nbsp;twardszy ni\u017c Brudny Harry. Zab\u0142y\u015bnij w towarzystwie ci\u0119t\u0105 ripost\u0105 i&nbsp;\u017celazn\u0105 logik\u0105. Je\u017celi to nie podzia\u0142a &#8211; pami\u0119taj, \u017ce zawsze mo\u017cna komu\u015b bezceremonialnie skopa\u0107 ty\u0142ek. W ko\u0144cu to wspania\u0142e lata osiemdziesi\u0105te!<\/p>\n<p>\u017barty, kt\u00f3re nie spodoba\u0142yby si\u0119 twojej mamie<br \/>\nSarkazm, czarny humor i&nbsp;niestosowne dowcipy &#8211; wszystko to znajdziesz w naszej grze. Na \u015bwiecie s\u0105 tysi\u0105ce rzeczy, z&nbsp;kt\u00f3rych mo\u017cna si\u0119 \u015bmia\u0107 i&nbsp;jeszcze wi\u0119cej takich, z&nbsp;kt\u00f3rych \u015bmia\u0107 si\u0119 nie powinno, ale kogo to obchodzi? \u017bycie to ci\u0119\u017cki kawa\u0142ek chleba i&nbsp;czasem po prostu trzeba znale\u017a\u0107 spos\u00f3b, aby spu\u015bci\u0107 troch\u0119 pary.<\/p>\n<p><\/p>","protected":false},"excerpt":{"rendered":"<p>Nowy Jork to bardziej bestia ni\u017c miasto. Odkryj jego tajemnice przemierzaj\u0105c najmroczniejsze zau\u0142ki jako Jack Kelly &#8211; by\u0142y detektyw wrobiony w morderstwo. Zdegradowany i&nbsp;opuszczony przez bliskich, masz ostatni\u0105 szans\u0119 by odkry\u0107 prawd\u0119 i&nbsp;posprz\u0105ta\u0107 ca\u0142e to bagno raz na zawsze. Jest tylko jeden problem\u2026 C\u00f3\u017c\u2026 w zasadzie to jest ich kilka. Tw\u00f3j nowy szef traktuje Ci\u0119 [&hellip;]<\/p>\n","protected":false},"featured_media":670243,"comment_status":"closed","ping_status":"closed","template":"","meta":{"ub_ctt_via":""},"product_cat":[127,221,78],"product_tag":[218],"class_list":["post-669121","product","type-product","status-publish","has-post-thumbnail","hentry","product_cat-adventure","product_cat-indie","product_cat-simulation","product_tag-games","platform-steam-works"],"_links":{"self":[{"href":"https:\/\/neuvee.com\/pl\/wp-json\/wp\/v2\/product\/669121","targetHints":{"allow":["GET"]}}],"collection":[{"href":"https:\/\/neuvee.com\/pl\/wp-json\/wp\/v2\/product"}],"about":[{"href":"https:\/\/neuvee.com\/pl\/wp-json\/wp\/v2\/types\/product"}],"replies":[{"embeddable":true,"href":"https:\/\/neuvee.com\/pl\/wp-json\/wp\/v2\/comments?post=669121"}],"wp:featuredmedia":[{"embeddable":true,"href":"https:\/\/neuvee.com\/pl\/wp-json\/wp\/v2\/media\/670243"}],"wp:attachment":[{"href":"https:\/\/neuvee.com\/pl\/wp-json\/wp\/v2\/media?parent=669121"}],"wp:term":[{"taxonomy":"product_cat","embeddable":true,"href":"https:\/\/neuvee.com\/pl\/wp-json\/wp\/v2\/product_cat?post=669121"},{"taxonomy":"product_tag","embeddable":true,"href":"https:\/\/neuvee.com\/pl\/wp-json\/wp\/v2\/product_tag?post=669121"}],"curies":[{"name":"wp","href":"https:\/\/api.w.org\/{rel}","templated":true}]}}