{"id":669119,"date":"2023-07-27T18:10:00","date_gmt":"2023-07-27T18:10:00","guid":{"rendered":"https:\/\/neuvee.com\/?post_type=product&#038;p=669119"},"modified":"2025-05-19T14:04:20","modified_gmt":"2025-05-19T14:04:20","slug":"anomaly-warzone-earth","status":"publish","type":"product","link":"https:\/\/neuvee.com\/pl\/product\/anomaly-warzone-earth\/","title":{"rendered":"ANOMALY WARZONE EARTH"},"content":{"rendered":"<p>Anomaly: Warzone Earth to oryginalna mieszanka akcji i&nbsp;strategii w odwr\u00f3conej formule tower defense, w kt\u00f3rej Ty jeste\u015b stron\u0105 atakuj\u0105c\u0105! Gra przenosi Ci\u0119 do nieodleg\u0142ej przysz\u0142o\u015bci, kiedy to ma miejsce inwazja obcych na Ziemi\u0119. Twoim zadaniem jest powstrzymanie ataku bezwzgl\u0119dnych intruz\u00f3w, kt\u00f3rzy zajmuj\u0105 najwi\u0119ksze miasta \u015bwiata i&nbsp;stawiaj\u0105 olbrzymie maszyny demoluj\u0105ce wszystko w zasi\u0119gu wzroku. Do Ciebie nale\u017cy dowodzenie pancernym oddzia\u0142em w walkach na ulicach Tokio i&nbsp;Bagdadu, planowanie trasy oddzia\u0142u i&nbsp;taktyczne dobieranie jednostek w oddziale w taki spos\u00f3b, aby zmia\u017cd\u017cy\u0107 wroga. Wcielasz si\u0119 w rol\u0119 Dow\u00f3dcy, kt\u00f3rego specjalne zdolno\u015bci bojowe i&nbsp;szybkie my\u015blenie b\u0119d\u0105 kluczowe we wspieraniu oddzia\u0142u w walce. Tylko od Ciebie zale\u017cy jak szalone tempo b\u0119dzie mia\u0142a kampania fabularna oraz&nbsp;dwa tryby Squad Assault!<\/p>\n<p>W skr\u00f3cie:<\/p>\n<p>&#8211; Zasmakuj innowacyjnej gry \u2013 mieszaniny akcji i&nbsp;strategii w odwr\u00f3conej formule tower defence \u2013 Ty jeste\u015b stron\u0105 atakuj\u0105c\u0105!<\/p>\n<p>&#8211; Wciel si\u0119 w dow\u00f3dc\u0119, kt\u00f3rego specjalne zdolno\u015bci i&nbsp;szybkie my\u015blenie s\u0105 kluczowe we wspieraniu oddzia\u0142u w walce o&nbsp;zwyci\u0119stwo.<\/p>\n<p>&#8211; My\u015bl taktycznie i&nbsp;strategicznie, wybieraj\u0105c odpowiedni oddzia\u0142 i&nbsp;najlepsz\u0105 tras\u0119 do ulicznej walki.<\/p>\n<p>&#8211; Zwi\u0119ksz pul\u0119 mo\u017cliwo\u015bci taktycznych poprzez zebranie surowc\u00f3w niezb\u0119dnych do kupowania nowych jednostek i&nbsp;ulepszania oddzia\u0142u w bitwie.<\/p>\n<p>&#8211; Odkryj tajemnic\u0119 Anomalii w trybie kampanii fabularnej i&nbsp;stw\u00f3rz niezniszczalne oddzia\u0142y w dw\u00f3ch trybach Squad Assault.<\/p>\n<p>&#8211; Wejd\u017a do \u015bwiata, w kt\u00f3rym zobaczysz bajeczn\u0105 grafik\u0119 i&nbsp;pos\u0142uchasz klimatycznej muzyki.<\/p>\n<p>&#8211; Posiada wsparcie dla ekran\u00f3w dotykowych kompatybilnych z&nbsp;Windows 7! Stukaj w ekran i&nbsp;ciesz si\u0119 w pe\u0142ni taktycznym do\u015bwiadczeniem.<\/p>\n<p><\/p>","protected":false},"excerpt":{"rendered":"<p>Anomaly: Warzone Earth to oryginalna mieszanka akcji i&nbsp;strategii w odwr\u00f3conej formule tower defense, w kt\u00f3rej Ty jeste\u015b stron\u0105 atakuj\u0105c\u0105! Gra przenosi Ci\u0119 do nieodleg\u0142ej przysz\u0142o\u015bci, kiedy to ma miejsce inwazja obcych na Ziemi\u0119. Twoim zadaniem jest powstrzymanie ataku bezwzgl\u0119dnych intruz\u00f3w, kt\u00f3rzy zajmuj\u0105 najwi\u0119ksze miasta \u015bwiata i&nbsp;stawiaj\u0105 olbrzymie maszyny demoluj\u0105ce wszystko w zasi\u0119gu wzroku. Do Ciebie [&hellip;]<\/p>\n","protected":false},"featured_media":669164,"comment_status":"closed","ping_status":"closed","template":"","meta":{"ub_ctt_via":""},"product_cat":[88,221,222],"product_tag":[218],"class_list":["post-669119","product","type-product","status-publish","has-post-thumbnail","hentry","product_cat-action","product_cat-indie","product_cat-strategy","product_tag-games","platform-steam-works"],"_links":{"self":[{"href":"https:\/\/neuvee.com\/pl\/wp-json\/wp\/v2\/product\/669119","targetHints":{"allow":["GET"]}}],"collection":[{"href":"https:\/\/neuvee.com\/pl\/wp-json\/wp\/v2\/product"}],"about":[{"href":"https:\/\/neuvee.com\/pl\/wp-json\/wp\/v2\/types\/product"}],"replies":[{"embeddable":true,"href":"https:\/\/neuvee.com\/pl\/wp-json\/wp\/v2\/comments?post=669119"}],"wp:featuredmedia":[{"embeddable":true,"href":"https:\/\/neuvee.com\/pl\/wp-json\/wp\/v2\/media\/669164"}],"wp:attachment":[{"href":"https:\/\/neuvee.com\/pl\/wp-json\/wp\/v2\/media?parent=669119"}],"wp:term":[{"taxonomy":"product_cat","embeddable":true,"href":"https:\/\/neuvee.com\/pl\/wp-json\/wp\/v2\/product_cat?post=669119"},{"taxonomy":"product_tag","embeddable":true,"href":"https:\/\/neuvee.com\/pl\/wp-json\/wp\/v2\/product_tag?post=669119"}],"curies":[{"name":"wp","href":"https:\/\/api.w.org\/{rel}","templated":true}]}}