{"id":668676,"date":"2023-07-10T09:09:50","date_gmt":"2023-07-10T09:09:50","guid":{"rendered":"https:\/\/neuvee.com\/?post_type=product&#038;p=668676"},"modified":"2025-05-19T14:27:30","modified_gmt":"2025-05-19T14:27:30","slug":"clive-n-wrench","status":"publish","type":"product","link":"https:\/\/neuvee.com\/pl\/product\/clive-n-wrench\/","title":{"rendered":"CLIVE 'N&#8217; WRENCH"},"content":{"rendered":"<p>Clive \u2018N\u2019 Wrench to platform\u00f3wka 3D z&nbsp;kr\u00f3likiem Clive&#8217;em i&nbsp;Wrenchem, czyli&nbsp;ma\u0142p\u0105 wisz\u0105c\u0105 mu na plecach, w rolach g\u0142\u00f3wnych. Ich szalona przygoda w czasie wewn\u0105trz lod\u00f3wki z&nbsp;lat 50. zabierze graczy na heroiczn\u0105 misj\u0119, \u017ceby pokrzy\u017cowa\u0107 niecne plany doktora Daucusa.<br \/>\nPewnego feralnego poranka profesor Nancy Merricarp budzi si\u0119, by odkry\u0107, \u017ce jej plany podr\u00f3\u017cy w czasie zosta\u0142y buchni\u0119te przez diabolicznego doktora Daucusa! Chwil\u0119 potem nag\u0142y, fioletowy b\u0142ysk roz\u015bwietla niebo, ujawniaj\u0105c portal! Doktor Daucus i&nbsp;jego towarzyszka, genera\u0142 Olga Chestycough, wskakuj\u0105 do portalu i&nbsp;portal znika r\u00f3wnie szybko, jak si\u0119 pojawi\u0142. Na szcz\u0119\u015bcie kuzyn Nancy, Clive, oraz&nbsp;jego podopieczny Wrench przybywaj\u0105 na pomoc i&nbsp;rzucaj\u0105 si\u0119 w \u015blad za nikczemnym doktorem, aby udaremni\u0107 jego straszliwe plany! \u017beby tego dokona\u0107, przyjdzie im jednak&nbsp;wyruszy\u0107 w podr\u00f3\u017c w czasie!<\/p>\n<p>&#8211; Udaj si\u0119 w podr\u00f3\u017c w czasie.<br \/>\nDoktor Daucus lekkomy\u015blnie przemieszcza si\u0119 w czasie w poszukiwaniu prastarych kamieni, kt\u00f3re zapewni\u0105 mu wielk\u0105 moc. Na szcz\u0119\u015bcie nasi bohaterowie s\u0105 w stanie uratowa\u0107 sytuacj\u0119! Twoja przygoda poprowadzi graczy przez 11 zr\u00f3\u017cnicowanych \u015bwiat\u00f3w w r\u00f3\u017cnych okresach historii.<br \/>\nPrzenie\u015b si\u0119 w zachwycaj\u0105co szczeg\u00f3\u0142owe \u015bwiaty i&nbsp;lokacje, takie jak grobowce Tempusa w staro\u017cytnym Egipcie czy mro\u017ane szczyty epoki lodowcowej. Napotkaj barwn\u0105 galeri\u0119 postaci, zar\u00f3wno z&nbsp;czas\u00f3w wsp\u00f3\u0142czesnych, jak i&nbsp;z kart historii. W ka\u017cdej ekscytuj\u0105cej epoce czeka na ciebie przygoda! <\/p>\n<p>&#8211; Zgrabne ruchy.<br \/>\nZar\u00f3wno Clive, jak i&nbsp;Wrench dysponuj\u0105 zr\u00f3\u017cnicowanym zestawem ruch\u00f3w, co pozwala im z&nbsp;gracj\u0105 i&nbsp;stylem przemierza\u0107 ka\u017cd\u0105 epok\u0119. Clive jest wysportowany i&nbsp;ma du\u017ce do\u015bwiadczenie w sztuce parkouru, doskonale uzupe\u0142niaj\u0105c si\u0119 z&nbsp;Wrenchem, kt\u00f3ry jest niezwykle gibki i&nbsp;silny. Razem mog\u0105 przedosta\u0107 si\u0119 w dowolne miejsce i&nbsp;stawi\u0107 czo\u0142a wszelkim przeszkodom, jakie ma w zanadrzu z\u0142y doktor Daucus i&nbsp;jego armia historycznych s\u0142ug!<br \/>\nDzie\u0142o \u017cycia. Clive \u2018N\u2019 Wrench to prawdziwe dzie\u0142o \u017cycia tw\u00f3rcy gier, Roba Wassa, wiernego fana gatunku platform\u00f3wek 3D. <\/p>\n<p>&#8211; \tPrzygodowa gra platformowa w 3D dla jednego gracza<\/p>\n<p>&#8211; \t11 ekscytuj\u0105cych \u015bwiat\u00f3w, osadzonych w r\u00f3\u017cnych epokach<\/p>\n<p>&#8211; \tZnajd\u017aki na ka\u017cdym poziomie \u2013 zegarki kieszonkowe, klucze i&nbsp;prastare kamienie<\/p>\n<p>&#8211; \tZakr\u0119ceni bohaterowie i&nbsp;mn\u00f3stwo poziom\u00f3w ze zr\u00f3\u017cnicowanymi bossami<\/p>\n<p>&#8211; \tBarwna galeria dynamicznych i&nbsp;zapadaj\u0105cych w pami\u0119\u0107 postaci \u2013 zar\u00f3wno dobrych, jak i&nbsp;z\u0142ych<\/p>\n<p>&#8211; \tZr\u00f3\u017cnicowany zestaw ruch\u00f3w, w tym zwinny parkour i&nbsp;jedyne w swoim rodzaju \u201ema\u0142pie \u015bmig\u0142o<\/p>\n<p><\/p>","protected":false},"excerpt":{"rendered":"<p>Clive \u2018N\u2019 Wrench to platform\u00f3wka 3D z&nbsp;kr\u00f3likiem Clive&#8217;em i&nbsp;Wrenchem, czyli&nbsp;ma\u0142p\u0105 wisz\u0105c\u0105 mu na plecach, w rolach g\u0142\u00f3wnych. Ich szalona przygoda w czasie wewn\u0105trz lod\u00f3wki z&nbsp;lat 50. zabierze graczy na heroiczn\u0105 misj\u0119, \u017ceby pokrzy\u017cowa\u0107 niecne plany doktora Daucusa. Pewnego feralnego poranka profesor Nancy Merricarp budzi si\u0119, by odkry\u0107, \u017ce jej plany podr\u00f3\u017cy w czasie zosta\u0142y buchni\u0119te [&hellip;]<\/p>\n","protected":false},"featured_media":668708,"comment_status":"closed","ping_status":"closed","template":"","meta":{"ub_ctt_via":""},"product_cat":[88,127],"product_tag":[218],"class_list":["post-668676","product","type-product","status-publish","has-post-thumbnail","hentry","product_cat-action","product_cat-adventure","product_tag-games","platform-steam-works"],"_links":{"self":[{"href":"https:\/\/neuvee.com\/pl\/wp-json\/wp\/v2\/product\/668676","targetHints":{"allow":["GET"]}}],"collection":[{"href":"https:\/\/neuvee.com\/pl\/wp-json\/wp\/v2\/product"}],"about":[{"href":"https:\/\/neuvee.com\/pl\/wp-json\/wp\/v2\/types\/product"}],"replies":[{"embeddable":true,"href":"https:\/\/neuvee.com\/pl\/wp-json\/wp\/v2\/comments?post=668676"}],"wp:featuredmedia":[{"embeddable":true,"href":"https:\/\/neuvee.com\/pl\/wp-json\/wp\/v2\/media\/668708"}],"wp:attachment":[{"href":"https:\/\/neuvee.com\/pl\/wp-json\/wp\/v2\/media?parent=668676"}],"wp:term":[{"taxonomy":"product_cat","embeddable":true,"href":"https:\/\/neuvee.com\/pl\/wp-json\/wp\/v2\/product_cat?post=668676"},{"taxonomy":"product_tag","embeddable":true,"href":"https:\/\/neuvee.com\/pl\/wp-json\/wp\/v2\/product_tag?post=668676"}],"curies":[{"name":"wp","href":"https:\/\/api.w.org\/{rel}","templated":true}]}}