{"id":665621,"date":"2023-07-08T21:08:49","date_gmt":"2023-07-08T21:08:49","guid":{"rendered":"https:\/\/neuvee.com\/?post_type=product&#038;p=665621"},"modified":"2025-05-19T14:40:28","modified_gmt":"2025-05-19T14:40:28","slug":"kingdom-eighties-3","status":"publish","type":"product","link":"https:\/\/neuvee.com\/pl\/product\/kingdom-eighties-3\/","title":{"rendered":"KINGDOM EIGHTIES"},"content":{"rendered":"<p>Kingdom Eighties to samodzielny dodatek do wyr\u00f3\u017cnionej nagrodami serii Kingdom: przygoda dla jednego gracza w \u015bwiecie mikrostrategii budowania bazy, inspirowana neonowymi latami 80. <\/p>\n<p>Wcielasz si\u0119 w posta\u0107 przyw\u00f3dcy, m\u0142odego opiekuna na obozie, kt\u00f3ry musi ochroni\u0107 rodzin\u0119 i&nbsp;ca\u0142e miasteczko przed bezlitosnym atakiem tajemniczej Chciwo\u015bci. Co to za potwory i&nbsp;dlaczego pr\u00f3buj\u0105 ukra\u015b\u0107 odziedziczon\u0105 przez ciebie Koron\u0119 Stworzenia?<\/p>\n<p>Werbuj dzieciaki z&nbsp;s\u0105siedztwa i&nbsp;przydzielaj im role \u017co\u0142nierzy i&nbsp;budowniczych. Wydawaj monety na budow\u0119 i&nbsp;poszerzanie swojego kr\u00f3lestwa, kt\u00f3re obronisz wysokimi murami i&nbsp;wie\u017cami. Przygotuj si\u0119 za dnia na nadchodz\u0105cy ze zmrokiem atak bezlitosnej Chciwo\u015bci. Je\u015bli stracisz koron\u0119, wszystko przepadnie! <\/p>\n<p>Ka\u017cda gra w serii Kingdom kryje tajemnice. Poznawaj \u015bwiat, by odblokowa\u0107 wierzchowce, odkrywaj ulepszenia technologiczne i&nbsp;bronie, a&nbsp;przede wszystkim naucz si\u0119 m\u0105drze rozporz\u0105dza\u0107 zasobami, by przetrwa\u0107.<\/p>\n<p>KINGDOM DLA WETERAN\u00d3W I NOWICJUSZY<br \/>\nKingdom Eighties wykorzystuje dobrze znane mechaniki poprzednich gier z&nbsp;serii, skupiaj\u0105c si\u0119 na jej \u015bwiecie i&nbsp;budowaniu kr\u00f3lestwa. A je\u015bli dopiero zaczynasz przygod\u0119 z&nbsp;Kingdom, elementy fabularne p\u0142ynnie poprowadz\u0105 ci\u0119 przez mechanik\u0119 rozgrywki. <\/p>\n<p>POZNAJ SWOICH TOWARZYSZY<br \/>\nSpotkasz trzy postacie poboczne: Magika, Spryciul\u0119 i&nbsp;Mistrza. Ka\u017cda z&nbsp;nich ma inne zdolno\u015bci, kt\u00f3re mo\u017cesz \u0142\u0105czy\u0107, by rozwi\u0105zywa\u0107 \u0142amig\u0142\u00f3wki i&nbsp;znajdowa\u0107 rozwi\u0105zania kolejnych poziom\u00f3w. <\/p>\n<p>PEDA\u0141UJ W DOBRYM STYLU<br \/>\nOb\u00f3z letni to dopiero pocz\u0105tek! Przejedziesz przez r\u00f3\u017cne lokalizacje, kt\u00f3rych w serii Kingdom jeszcze nie by\u0142o. Znajd\u017a nowe k\u00f3\u0142ka w skateparku, odwied\u017a sklepy w centrum i&nbsp;uwolnij galeri\u0119 od Chciwo\u015bci.<\/p>\n<p>GRAFIKA PIKSELOWA I SYNTH<br \/>\nCharakterystyczny, r\u0119cznie rysowany styl Kingdom powraca, tym razem ze szczypt\u0105 neonowych lat 80. Wczuj si\u0119 w klimat synthwave \u015bcie\u017cki d\u017awi\u0119kowej od Andreasa Halda i&nbsp;wr\u00f3\u0107 do czas\u00f3w letnich oboz\u00f3w i&nbsp;jazdy na rowerach, kiedy wszystko wydawa\u0142o si\u0119 mo\u017cliwe.<\/p>\n<p><\/p>","protected":false},"excerpt":{"rendered":"<p>Kingdom Eighties to samodzielny dodatek do wyr\u00f3\u017cnionej nagrodami serii Kingdom: przygoda dla jednego gracza w \u015bwiecie mikrostrategii budowania bazy, inspirowana neonowymi latami 80. Wcielasz si\u0119 w posta\u0107 przyw\u00f3dcy, m\u0142odego opiekuna na obozie, kt\u00f3ry musi ochroni\u0107 rodzin\u0119 i&nbsp;ca\u0142e miasteczko przed bezlitosnym atakiem tajemniczej Chciwo\u015bci. Co to za potwory i&nbsp;dlaczego pr\u00f3buj\u0105 ukra\u015b\u0107 odziedziczon\u0105 przez ciebie Koron\u0119 Stworzenia? [&hellip;]<\/p>\n","protected":false},"featured_media":666631,"comment_status":"closed","ping_status":"closed","template":"","meta":{"ub_ctt_via":""},"product_cat":[15],"product_tag":[218],"class_list":["post-665621","product","type-product","status-publish","has-post-thumbnail","hentry","product_cat-uncategorized","product_tag-games","platform-steam-works"],"_links":{"self":[{"href":"https:\/\/neuvee.com\/pl\/wp-json\/wp\/v2\/product\/665621","targetHints":{"allow":["GET"]}}],"collection":[{"href":"https:\/\/neuvee.com\/pl\/wp-json\/wp\/v2\/product"}],"about":[{"href":"https:\/\/neuvee.com\/pl\/wp-json\/wp\/v2\/types\/product"}],"replies":[{"embeddable":true,"href":"https:\/\/neuvee.com\/pl\/wp-json\/wp\/v2\/comments?post=665621"}],"wp:featuredmedia":[{"embeddable":true,"href":"https:\/\/neuvee.com\/pl\/wp-json\/wp\/v2\/media\/666631"}],"wp:attachment":[{"href":"https:\/\/neuvee.com\/pl\/wp-json\/wp\/v2\/media?parent=665621"}],"wp:term":[{"taxonomy":"product_cat","embeddable":true,"href":"https:\/\/neuvee.com\/pl\/wp-json\/wp\/v2\/product_cat?post=665621"},{"taxonomy":"product_tag","embeddable":true,"href":"https:\/\/neuvee.com\/pl\/wp-json\/wp\/v2\/product_tag?post=665621"}],"curies":[{"name":"wp","href":"https:\/\/api.w.org\/{rel}","templated":true}]}}