{"id":665616,"date":"2023-07-08T21:01:54","date_gmt":"2023-07-08T21:01:54","guid":{"rendered":"https:\/\/neuvee.com\/?post_type=product&#038;p=665616"},"modified":"2025-05-19T14:11:03","modified_gmt":"2025-05-19T14:11:03","slug":"hellcard-early-access","status":"publish","type":"product","link":"https:\/\/neuvee.com\/pl\/product\/hellcard-early-access\/","title":{"rendered":"HELLCARD &#8211; EARLY ACCESS"},"content":{"rendered":"<p>Hellcard jest kooperacyjn\u0105 gr\u0105 karcian\u0105, roguelikem i&nbsp;deckbuilderem w jednym, z&nbsp;trybem Singleplayer lub&nbsp;dla wielu graczy. Akcja toczy si\u0119 w papierowych podziemiach znanych z&nbsp;Book of Demons, jednak&nbsp;tym razem gra oparta jest na budowaniu talii kart i&nbsp;na dynamicznych turowych potyczkach. <\/p>\n<p>Tym, co wyr\u00f3\u017cnia HELLCARD od innych gier tego typu, jak Slay the Spire, jest to, \u017ce umieszczenie potwor\u00f3w na planszy ma znaczenie \u2013 mo\u017cesz je wykorzysta\u0107 na swoj\u0105 korzy\u015b\u0107.<\/p>\n<p>W HELLCARD planujemy doda\u0107 tryb dla wielu graczy, dzi\u0119ki czemu do 3 bohater\u00f3w b\u0119dzie mog\u0142o razem stawi\u0107 czo\u0142a hordom Arcydemona. Udaj si\u0119 do podziemi w pojedynk\u0119, zrekrutuj kompan\u00f3w sterowanych przez komputer lub&nbsp;do\u0142\u0105cz do grupy (nie)znajomych w walce z&nbsp;si\u0142ami z\u0142a. <\/p>\n<p>Brzmi ciekawie? W takim razie dodaj Hellcard na list\u0119 \u017cycze\u0144 Steam ju\u017c dzi\u015b. Wolisz poczeka\u0107? Nie czujesz, \u017ceby to by\u0142 Tw\u00f3j typ gry? Nic nie szkodzi \u2013 mimo wszystko zach\u0119camy Ci\u0119 do dodania gry na list\u0119 \u017cycze\u0144. Kto wie, mo\u017ce jeszcze zmienisz zdanie!<\/p>\n<p><\/p>","protected":false},"excerpt":{"rendered":"<p>Hellcard jest kooperacyjn\u0105 gr\u0105 karcian\u0105, roguelikem i&nbsp;deckbuilderem w jednym, z&nbsp;trybem Singleplayer lub&nbsp;dla wielu graczy. Akcja toczy si\u0119 w papierowych podziemiach znanych z&nbsp;Book of Demons, jednak&nbsp;tym razem gra oparta jest na budowaniu talii kart i&nbsp;na dynamicznych turowych potyczkach. Tym, co wyr\u00f3\u017cnia HELLCARD od innych gier tego typu, jak Slay the Spire, jest to, \u017ce umieszczenie potwor\u00f3w [&hellip;]<\/p>\n","protected":false},"featured_media":666740,"comment_status":"closed","ping_status":"closed","template":"","meta":{"ub_ctt_via":""},"product_cat":[225,261,127,221,222],"product_tag":[218],"class_list":["post-665616","product","type-product","status-publish","has-post-thumbnail","hentry","product_cat-role-playing","product_cat-steam-deck-compatibility-playable","product_cat-adventure","product_cat-indie","product_cat-strategy","product_tag-games","platform-steam-works"],"_links":{"self":[{"href":"https:\/\/neuvee.com\/pl\/wp-json\/wp\/v2\/product\/665616","targetHints":{"allow":["GET"]}}],"collection":[{"href":"https:\/\/neuvee.com\/pl\/wp-json\/wp\/v2\/product"}],"about":[{"href":"https:\/\/neuvee.com\/pl\/wp-json\/wp\/v2\/types\/product"}],"replies":[{"embeddable":true,"href":"https:\/\/neuvee.com\/pl\/wp-json\/wp\/v2\/comments?post=665616"}],"wp:featuredmedia":[{"embeddable":true,"href":"https:\/\/neuvee.com\/pl\/wp-json\/wp\/v2\/media\/666740"}],"wp:attachment":[{"href":"https:\/\/neuvee.com\/pl\/wp-json\/wp\/v2\/media?parent=665616"}],"wp:term":[{"taxonomy":"product_cat","embeddable":true,"href":"https:\/\/neuvee.com\/pl\/wp-json\/wp\/v2\/product_cat?post=665616"},{"taxonomy":"product_tag","embeddable":true,"href":"https:\/\/neuvee.com\/pl\/wp-json\/wp\/v2\/product_tag?post=665616"}],"curies":[{"name":"wp","href":"https:\/\/api.w.org\/{rel}","templated":true}]}}