{"id":665605,"date":"2023-07-08T20:58:49","date_gmt":"2023-07-08T20:58:49","guid":{"rendered":"https:\/\/neuvee.com\/?post_type=product&#038;p=665605"},"modified":"2025-05-19T14:30:44","modified_gmt":"2025-05-19T14:30:44","slug":"friends-vs-friends-4","status":"publish","type":"product","link":"https:\/\/neuvee.com\/pl\/product\/friends-vs-friends-4\/","title":{"rendered":"FRIENDS VS FRIENDS"},"content":{"rendered":"<p>Graj 1 na 1 albo&nbsp;2 na 2 w dynamicznej, chaotycznej strzelance online! Zdobywaj poziomy i&nbsp;nowe karty oraz&nbsp;ulepszaj ju\u017c posiadane i&nbsp;poznaj ca\u0142y wachlarz r\u00f3\u017cnorodnych postaci z&nbsp;wyj\u0105tkowymi zdolno\u015bciami pasywnymi. A co najlepsze? Przy tej cenie mo\u017cesz zaprosi\u0107 na rozwa\u0142k\u0119 wszystkich znajomych, bez wyrzut\u00f3w sumienia! <\/p>\n<p>FEATURES: <\/p>\n<p>Friends vs Friends: Partnerzy do gry z&nbsp;ca\u0142ego \u015bwiata w trybach 1 na 1 i&nbsp;2 na 2 \u2013 albo&nbsp;prywatne starcia ze znajomymi. Potrzebujesz pomocy? Zapro\u015b znajomych do ogl\u0105dania w trybie obserwatora! <\/p>\n<p>Gra z&nbsp;charakterem: Wiele stylowych postaci do wyboru, z&nbsp;kt\u00f3rych ka\u017cda ma zdolno\u015bci wspomagaj\u0105ce interakcje kart z&nbsp;talii. <\/p>\n<p>Niska cena + wysoka jako\u015b\u0107 = Jak to mo\u017cliwe?! Ot\u00f3\u017c pilnujemy, by koszt by\u0142 przyst\u0119pny dla ka\u017cdego, by z&nbsp;ekipy nikt nie odpad\u0142. Do\u0142\u0105czenie do nas to sprytne posuni\u0119cie. <\/p>\n<p>Awansuj i&nbsp;imponuj! Rozgrywaj kolejne walki i&nbsp;wyzwania na czas, by zdobywa\u0107 kolejne poziomy, nowe karty i&nbsp;bronie.  <\/p>\n<p>Wzmacniaj tali\u0119: Zbieraj karty broni, pu\u0142apek i&nbsp;kl\u0105tw, po czym podno\u015b ich poziomy, \u017ceby by\u0142y jeszcze pot\u0119\u017cniejsze. <\/p>\n<p>Aktualizacje i&nbsp;zawarto\u015b\u0107 sezonowa: Po premierze wprowadzimy nowe, wyj\u0105tkowe postacie, karty, mapy i&nbsp;ulepszenia twojej bazy. <\/p>\n<p>Przebieraj si\u0119: Odblokuj super dodatki, takie jak sk\u00f3rki i&nbsp;warianty kart, \u017ceby chwali\u0107 si\u0119 nimi przed znajomymi! <\/p>\n<p>\u0106wicz, \u0107wicz i&nbsp;jeszcze raz \u0107wicz: Trenuj z&nbsp;botami, by testowa\u0107 nowe po\u0142\u0105czenia kart i&nbsp;szlifowa\u0107 umiej\u0119tno\u015bci.<\/p>\n<p><\/p>","protected":false},"excerpt":{"rendered":"<p>Graj 1 na 1 albo&nbsp;2 na 2 w dynamicznej, chaotycznej strzelance online! Zdobywaj poziomy i&nbsp;nowe karty oraz&nbsp;ulepszaj ju\u017c posiadane i&nbsp;poznaj ca\u0142y wachlarz r\u00f3\u017cnorodnych postaci z&nbsp;wyj\u0105tkowymi zdolno\u015bciami pasywnymi. A co najlepsze? Przy tej cenie mo\u017cesz zaprosi\u0107 na rozwa\u0142k\u0119 wszystkich znajomych, bez wyrzut\u00f3w sumienia! FEATURES: Friends vs Friends: Partnerzy do gry z&nbsp;ca\u0142ego \u015bwiata w trybach 1 na [&hellip;]<\/p>\n","protected":false},"featured_media":668741,"comment_status":"closed","ping_status":"closed","template":"","meta":{"ub_ctt_via":""},"product_cat":[257,236,116],"product_tag":[218],"class_list":["post-665605","product","type-product","status-publish","has-post-thumbnail","hentry","product_cat-deckbuilding","product_cat-platform","product_cat-shooter","product_tag-games","platform-steam-works"],"_links":{"self":[{"href":"https:\/\/neuvee.com\/pl\/wp-json\/wp\/v2\/product\/665605","targetHints":{"allow":["GET"]}}],"collection":[{"href":"https:\/\/neuvee.com\/pl\/wp-json\/wp\/v2\/product"}],"about":[{"href":"https:\/\/neuvee.com\/pl\/wp-json\/wp\/v2\/types\/product"}],"replies":[{"embeddable":true,"href":"https:\/\/neuvee.com\/pl\/wp-json\/wp\/v2\/comments?post=665605"}],"wp:featuredmedia":[{"embeddable":true,"href":"https:\/\/neuvee.com\/pl\/wp-json\/wp\/v2\/media\/668741"}],"wp:attachment":[{"href":"https:\/\/neuvee.com\/pl\/wp-json\/wp\/v2\/media?parent=665605"}],"wp:term":[{"taxonomy":"product_cat","embeddable":true,"href":"https:\/\/neuvee.com\/pl\/wp-json\/wp\/v2\/product_cat?post=665605"},{"taxonomy":"product_tag","embeddable":true,"href":"https:\/\/neuvee.com\/pl\/wp-json\/wp\/v2\/product_tag?post=665605"}],"curies":[{"name":"wp","href":"https:\/\/api.w.org\/{rel}","templated":true}]}}