{"id":665601,"date":"2023-07-08T20:54:14","date_gmt":"2023-07-08T20:54:14","guid":{"rendered":"https:\/\/neuvee.com\/?post_type=product&#038;p=665601"},"modified":"2025-05-19T14:19:20","modified_gmt":"2025-05-19T14:19:20","slug":"farming-simulator-22-hay-forage-pack-steam","status":"publish","type":"product","link":"https:\/\/neuvee.com\/pl\/product\/farming-simulator-22-hay-forage-pack-steam\/","title":{"rendered":"FARMING SIMULATOR 22 &#8211; HAY &#038; FORAGE PACK (STEAM)"},"content":{"rendered":"<p>Zapanuj nad polami, g\u00f3rami i&nbsp;stromymi wzg\u00f3rzami dzi\u0119ki 17 wyspecjalizowanym maszynom, kt\u00f3re zmaksymalizuj\u0105 produkcj\u0119 siana i&nbsp;paszy! GIANTS Software dodaje w pakiecie Hay &#038; Forage trzy nowe marki i&nbsp;mn\u00f3stwo nowych pojazd\u00f3w oraz&nbsp;narz\u0119dzi od jeszcze wi\u0119kszej liczby znanych producent\u00f3w. Ka\u017cda z&nbsp;tych maszyn u\u0142atwia i&nbsp;uprzyjemnia prac\u0119 na olbrzymich \u0142\u0105kach lub&nbsp;w bardziej wymagaj\u0105cym terenie doko\u0142a gospodarstwa. <\/p>\n<p>Najwa\u017cniejsze informacje o&nbsp;pakiecie Hay &#038; Forage<\/p>\n<p>Skorzystaj z&nbsp;nowych marek: Brielmaier, REFORM oraz&nbsp;Reiter do\u0142\u0105czaj\u0105 do Farming Simulator 22<br \/>\nU\u017cywaj realistycznie odwzorowanych maszyn siedmiu marek rolniczych<br \/>\nMaszyny KRONE, P\u00d6TTINGER, Rigitrac oraz&nbsp;Sepp Kn\u00fcsel rozszerzaj\u0105 dost\u0119pn\u0105 flot\u0119<br \/>\nU\u017cywaj specjalistycznych ci\u0105gnik\u00f3w, takich jak REFORM Metrac H75 lub&nbsp;Rigitrac SKH 60 z&nbsp;kabin\u0105 dostosowan\u0105 do pracy na nier\u00f3wnym terenie<br \/>\nZacznij kosi\u0107 za pomoc\u0105 KRONE EasyCut F 320 Highland z&nbsp;ruchomymi bokami i&nbsp;nie tylko<br \/>\nU\u017cywaj zgrabiarek z&nbsp;doskona\u0142ym dopasowaniem do powierzchni trudnego terenu, dzi\u0119ki wyj\u0105tkowej funkcjonalno\u015bci maszyn RESPIRO R3 Compact, R7 RD i&nbsp;R9 Profi<br \/>\nTransportuj zasoby w przyczepach samozbieraj\u0105cych, takich jak REFORM PrimAlpin lub&nbsp;P\u00d6TTINGER JUMBO 8450 DB<\/p>\n<p>Maszyny w pakiecie Hay &#038; Forage<\/p>\n<p>Brielmaier \u2013 Motor Mower S250<br \/>\nKRONE \u2013 EasyCut F 320 Highland<br \/>\nKRONE \u2013 Swadro S 350 Highland<br \/>\nKRONE \u2013 Vendro 820 Highland<br \/>\nP\u00d6TTINGER \u2013 JUMBO 8450 DB<br \/>\nP\u00d6TTINGER \u2013 TOP 1403 C<br \/>\nREFORM \u2013 MOUNTY 110V<br \/>\nREFORM \u2013 MULI T8X<br \/>\nREFORM \u2013 Metrac<br \/>\nREFORM \u2013 PrimAlpin<br \/>\nREFORM \u2013 Tipper Unit<br \/>\nReiter \u2013 R3 compact 700<br \/>\nReiter \u2013 R7 rd<br \/>\nReiter \u2013 R9 profi<br \/>\nRigitrac \u2013 SKH 60<br \/>\nSepp Kn\u00fcsel \u2013 Tornado<br \/>\nSepp Kn\u00fcsel \u2013 Tornado Plus<\/p>\n<p><\/p>","protected":false},"excerpt":{"rendered":"<p>Zapanuj nad polami, g\u00f3rami i&nbsp;stromymi wzg\u00f3rzami dzi\u0119ki 17 wyspecjalizowanym maszynom, kt\u00f3re zmaksymalizuj\u0105 produkcj\u0119 siana i&nbsp;paszy! GIANTS Software dodaje w pakiecie Hay &#038; Forage trzy nowe marki i&nbsp;mn\u00f3stwo nowych pojazd\u00f3w oraz&nbsp;narz\u0119dzi od jeszcze wi\u0119kszej liczby znanych producent\u00f3w. Ka\u017cda z&nbsp;tych maszyn u\u0142atwia i&nbsp;uprzyjemnia prac\u0119 na olbrzymich \u0142\u0105kach lub&nbsp;w bardziej wymagaj\u0105cym terenie doko\u0142a gospodarstwa. Najwa\u017cniejsze informacje o&nbsp;pakiecie Hay [&hellip;]<\/p>\n","protected":false},"featured_media":667275,"comment_status":"closed","ping_status":"closed","template":"","meta":{"ub_ctt_via":""},"product_cat":[78],"product_tag":[218],"class_list":["post-665601","product","type-product","status-publish","has-post-thumbnail","hentry","product_cat-simulation","product_tag-games","platform-steam-works"],"_links":{"self":[{"href":"https:\/\/neuvee.com\/pl\/wp-json\/wp\/v2\/product\/665601","targetHints":{"allow":["GET"]}}],"collection":[{"href":"https:\/\/neuvee.com\/pl\/wp-json\/wp\/v2\/product"}],"about":[{"href":"https:\/\/neuvee.com\/pl\/wp-json\/wp\/v2\/types\/product"}],"replies":[{"embeddable":true,"href":"https:\/\/neuvee.com\/pl\/wp-json\/wp\/v2\/comments?post=665601"}],"wp:featuredmedia":[{"embeddable":true,"href":"https:\/\/neuvee.com\/pl\/wp-json\/wp\/v2\/media\/667275"}],"wp:attachment":[{"href":"https:\/\/neuvee.com\/pl\/wp-json\/wp\/v2\/media?parent=665601"}],"wp:term":[{"taxonomy":"product_cat","embeddable":true,"href":"https:\/\/neuvee.com\/pl\/wp-json\/wp\/v2\/product_cat?post=665601"},{"taxonomy":"product_tag","embeddable":true,"href":"https:\/\/neuvee.com\/pl\/wp-json\/wp\/v2\/product_tag?post=665601"}],"curies":[{"name":"wp","href":"https:\/\/api.w.org\/{rel}","templated":true}]}}