{"id":665542,"date":"2023-07-08T20:33:51","date_gmt":"2023-07-08T20:33:51","guid":{"rendered":"https:\/\/neuvee.com\/?post_type=product&#038;p=665542"},"modified":"2025-05-19T14:24:29","modified_gmt":"2025-05-19T14:24:29","slug":"dead-cells-the-queen-and-the-sea-2","status":"publish","type":"product","link":"https:\/\/neuvee.com\/pl\/product\/dead-cells-the-queen-and-the-sea-2\/","title":{"rendered":"DEAD CELLS: THE QUEEN AND THE SEA"},"content":{"rendered":"<p>Wywalcz drog\u0119 przez zatopione wraki, wespnij si\u0119 na p\u0142onac\u0105 latarni\u0119 morsk\u0105 i&nbsp;spotkaj najgro\u017aniejszego z&nbsp;napotkanych do tej pory przeciwnik\u00f3w. Je\u015bli pokonasz to wszystko, to mo\u017ce wreszcie uda ci si\u0119 uciec z&nbsp;tej przekl\u0119tej wyspy. <\/p>\n<p>Ta dost\u0119pna w p\u00f3\u017anym etapie gry zawarto\u015b\u0107 dostarcza alternatyw dla biom\u00f3w takich, jak High Peak Castle, Derelict Distillery, czy Throne Room. <\/p>\n<p>Co czeka na tych nowych poziomach? <\/p>\n<p>Infested Shipwreck: Przedzieraj si\u0119 przez klaustrofobiczne korytarze rozpadaj\u0105cych si\u0119 wrak\u00f3w, walcz\u0105c z&nbsp;czaj\u0105cymi si\u0119 w mrokach abominacjami. <\/p>\n<p>Lighthouse: Wejd\u017a na szczyt strzelistej latarni, pokonuj\u0105c nieust\u0119pliwe ataki Servants i&nbsp;przeganiaj\u0105c zbli\u017caj\u0105ce si\u0119 z&nbsp;do\u0142u p\u0142omienie.  <\/p>\n<p>The Crown: Spr\u00f3buj uciec z&nbsp;tej przekl\u0119tej wyspy rozpalaj\u0105c p\u0142omie\u0144 na szczycie latarni. Twoja przesz\u0142o\u015b\u0107 jednak&nbsp;nie pozwoli ci odej\u015b\u0107 bez walki&#8230; <\/p>\n<p>To DLC zapewnia r\u00f3wnie\u017c zwyczajowe dodatki: <\/p>\n<p>\u2013 9 nowych broni, w tym rzucanego rekina, tr\u00f3jz\u0105b i&nbsp;piracki nar\u0119czny hak (opaski na oko nie ma w zestawie). <\/p>\n<p>\u2013 Niezbyt uroczego zwierzaka. <\/p>\n<p>\u2013 Mas\u0119 nowych ubior\u00f3w. <\/p>\n<p>\u2013 Nowych wrog\u00f3w do klepania.<\/p>\n<p><\/p>","protected":false},"excerpt":{"rendered":"<p>Wywalcz drog\u0119 przez zatopione wraki, wespnij si\u0119 na p\u0142onac\u0105 latarni\u0119 morsk\u0105 i&nbsp;spotkaj najgro\u017aniejszego z&nbsp;napotkanych do tej pory przeciwnik\u00f3w. Je\u015bli pokonasz to wszystko, to mo\u017ce wreszcie uda ci si\u0119 uciec z&nbsp;tej przekl\u0119tej wyspy. Ta dost\u0119pna w p\u00f3\u017anym etapie gry zawarto\u015b\u0107 dostarcza alternatyw dla biom\u00f3w takich, jak High Peak Castle, Derelict Distillery, czy Throne Room. Co czeka [&hellip;]<\/p>\n","protected":false},"featured_media":666528,"comment_status":"closed","ping_status":"closed","template":"","meta":{"ub_ctt_via":""},"product_cat":[236,88],"product_tag":[218],"class_list":["post-665542","product","type-product","status-publish","has-post-thumbnail","hentry","product_cat-platform","product_cat-action","product_tag-games","platform-steam-works"],"_links":{"self":[{"href":"https:\/\/neuvee.com\/pl\/wp-json\/wp\/v2\/product\/665542","targetHints":{"allow":["GET"]}}],"collection":[{"href":"https:\/\/neuvee.com\/pl\/wp-json\/wp\/v2\/product"}],"about":[{"href":"https:\/\/neuvee.com\/pl\/wp-json\/wp\/v2\/types\/product"}],"replies":[{"embeddable":true,"href":"https:\/\/neuvee.com\/pl\/wp-json\/wp\/v2\/comments?post=665542"}],"wp:featuredmedia":[{"embeddable":true,"href":"https:\/\/neuvee.com\/pl\/wp-json\/wp\/v2\/media\/666528"}],"wp:attachment":[{"href":"https:\/\/neuvee.com\/pl\/wp-json\/wp\/v2\/media?parent=665542"}],"wp:term":[{"taxonomy":"product_cat","embeddable":true,"href":"https:\/\/neuvee.com\/pl\/wp-json\/wp\/v2\/product_cat?post=665542"},{"taxonomy":"product_tag","embeddable":true,"href":"https:\/\/neuvee.com\/pl\/wp-json\/wp\/v2\/product_tag?post=665542"}],"curies":[{"name":"wp","href":"https:\/\/api.w.org\/{rel}","templated":true}]}}