{"id":665538,"date":"2023-07-08T20:32:24","date_gmt":"2023-07-08T20:32:24","guid":{"rendered":"https:\/\/neuvee.com\/?post_type=product&#038;p=665538"},"modified":"2025-05-19T13:58:05","modified_gmt":"2025-05-19T13:58:05","slug":"dead-cells-the-bad-seed-2","status":"publish","type":"product","link":"https:\/\/neuvee.com\/pl\/product\/dead-cells-the-bad-seed-2\/","title":{"rendered":"DEAD CELLS: THE BAD SEED"},"content":{"rendered":"<p>Przejd\u017a si\u0119 po spokojnym Arboretum, przebrnij przez truj\u0105ce Mokrad\u0142a i&nbsp;staw czo\u0142a nowemu bossowi. w tej wst\u0119pnej tre\u015bci, kt\u00f3ra rozszerza uniwersum gry Dead Cells i&nbsp;zwi\u0119ksza jej r\u00f3\u017cnorodno\u015b\u0107 dla graczy, kt\u00f3rzy chc\u0105 wspiera\u0107 rozw\u00f3j gry.<\/p>\n<p>Tre\u015b\u0107 obejmuje:<br \/>\n&#8211; Zniszczone Arboretum: spokojn\u0105, relaksuj\u0105c\u0105 szklarni\u0119 zamieszkan\u0105 przez przyja\u017anie nastawiony klan grzyb\u00f3w, pa\u0142aj\u0105cy zrozumia\u0142\u0105 ch\u0119ci\u0105 zamordowania Bezg\u0142owego.<br \/>\n&#8211; Grz\u0119zawisko Wygnanych: truj\u0105ce \u015brodowisko, nad kt\u00f3rym rz\u0105dy sprawuje banda mieszkaj\u0105cych na drzewie mutant\u00f3w z&nbsp;ostrymi kijami, przebiegli p\u0142etwonurkowie wystrzeliwuj\u0105cy strza\u0142ki oraz&nbsp;zgraja \u015bmiertelnie niebezpiecznych pijawek.<br \/>\n&#8211; Gniazdo: dom Kleszczycy. Je\u015bli widzieli\u015bcie \u201e\u017bo\u0142nierzy kosmosu\u201d, to wiecie, o&nbsp;co chodzi&#8230;<\/p>\n<p>Dwa nowe poziomy i&nbsp;znajduj\u0105ce si\u0119 w nich potwory odpowiadaj\u0105 lokalizacjom Dziedziniec\/Toksyczne Kana\u0142y oraz&nbsp;Wa\u0142y Obronne\/Ossuarium\/Staro\u017cytne Kana\u0142y, a&nbsp;boss odpowiada poziomowi Konsjer\u017ca, wi\u0119c&nbsp;mamy nadziej\u0119, \u017ce nie b\u0119dziesz si\u0119 nudzi\u0107 po przej\u015bciu przez gr\u0119 g\u0142\u00f3wn\u0105.<\/p>\n<p>Dlaczego p\u0142atne DLC?<\/p>\n<p>Ju\u017c od roku wypuszczamy darmowe aktualizacje gry Dead Cells, a&nbsp;ta p\u0142atna tre\u015b\u0107 do pobrania ma na celu wspiera\u0107 ten wysi\u0142ek i&nbsp;pomaga\u0107 nam w dalszym rozwijaniu gry i&nbsp;upewnieniu si\u0119, \u017ce studio Motion Twin ma wystarczaj\u0105co du\u017co czasu, aby wyda\u0107 swoj\u0105 nast\u0119pn\u0105 gr\u0119, z&nbsp;kt\u00f3rej b\u0119dziemy dumni i&nbsp;w kt\u00f3r\u0105 ch\u0119tnie zagracie.<\/p>\n<p>Jak zawsze chcemy post\u0119powa\u0107 w\u0142a\u015bciwie, dlatego&nbsp;je\u015bli nie podoba Wam si\u0119 cena tego DLC, jako\u015b\u0107 aktualizacji albo&nbsp;je\u015bli macie jakie\u015b sugestie lub&nbsp;pomys\u0142y dotycz\u0105ce tego, jak w dalszym ci\u0105gu mo\u017cecie wspiera\u0107 finansowo zesp\u00f3\u0142, oce\u0144cie nas albo&nbsp;odezwijcie si\u0119 do nas bezpo\u015brednio poprzez Reddit albo&nbsp;Discorda.<\/p>\n<p><\/p>","protected":false},"excerpt":{"rendered":"<p>Przejd\u017a si\u0119 po spokojnym Arboretum, przebrnij przez truj\u0105ce Mokrad\u0142a i&nbsp;staw czo\u0142a nowemu bossowi. w tej wst\u0119pnej tre\u015bci, kt\u00f3ra rozszerza uniwersum gry Dead Cells i&nbsp;zwi\u0119ksza jej r\u00f3\u017cnorodno\u015b\u0107 dla graczy, kt\u00f3rzy chc\u0105 wspiera\u0107 rozw\u00f3j gry. Tre\u015b\u0107 obejmuje: &#8211; Zniszczone Arboretum: spokojn\u0105, relaksuj\u0105c\u0105 szklarni\u0119 zamieszkan\u0105 przez przyja\u017anie nastawiony klan grzyb\u00f3w, pa\u0142aj\u0105cy zrozumia\u0142\u0105 ch\u0119ci\u0105 zamordowania Bezg\u0142owego. &#8211; Grz\u0119zawisko Wygnanych: [&hellip;]<\/p>\n","protected":false},"featured_media":667527,"comment_status":"closed","ping_status":"closed","template":"","meta":{"ub_ctt_via":""},"product_cat":[236,88],"product_tag":[218],"class_list":["post-665538","product","type-product","status-publish","has-post-thumbnail","hentry","product_cat-platform","product_cat-action","product_tag-games","platform-steam-works"],"_links":{"self":[{"href":"https:\/\/neuvee.com\/pl\/wp-json\/wp\/v2\/product\/665538","targetHints":{"allow":["GET"]}}],"collection":[{"href":"https:\/\/neuvee.com\/pl\/wp-json\/wp\/v2\/product"}],"about":[{"href":"https:\/\/neuvee.com\/pl\/wp-json\/wp\/v2\/types\/product"}],"replies":[{"embeddable":true,"href":"https:\/\/neuvee.com\/pl\/wp-json\/wp\/v2\/comments?post=665538"}],"wp:featuredmedia":[{"embeddable":true,"href":"https:\/\/neuvee.com\/pl\/wp-json\/wp\/v2\/media\/667527"}],"wp:attachment":[{"href":"https:\/\/neuvee.com\/pl\/wp-json\/wp\/v2\/media?parent=665538"}],"wp:term":[{"taxonomy":"product_cat","embeddable":true,"href":"https:\/\/neuvee.com\/pl\/wp-json\/wp\/v2\/product_cat?post=665538"},{"taxonomy":"product_tag","embeddable":true,"href":"https:\/\/neuvee.com\/pl\/wp-json\/wp\/v2\/product_tag?post=665538"}],"curies":[{"name":"wp","href":"https:\/\/api.w.org\/{rel}","templated":true}]}}