{"id":665534,"date":"2023-07-08T20:30:50","date_gmt":"2023-07-08T20:30:50","guid":{"rendered":"https:\/\/neuvee.com\/?post_type=product&#038;p=665534"},"modified":"2025-05-19T14:07:00","modified_gmt":"2025-05-19T14:07:00","slug":"dead-cells-return-to-castlevania-bundle-2","status":"publish","type":"product","link":"https:\/\/neuvee.com\/pl\/product\/dead-cells-return-to-castlevania-bundle-2\/","title":{"rendered":"DEAD CELLS: RETURN TO CASTLEVANIA BUNDLE"},"content":{"rendered":"<p>Przemierzaj rozleg\u0142\u0105, nieustannie zmieniaj\u0105c\u0105 si\u0119 wysp\u0119. Zmierz si\u0119 z&nbsp;gro\u017anymi hordami wrog\u00f3w podczas szybkich, p\u0142ynnych walk w 2D.<br \/>\n17 poziom\u00f3w \u2013 ka\u017cdy oferuje niepowtarzaln\u0105 atmosfer\u0119, wrog\u00f3w do pokonania oraz&nbsp;tajemnice do odkrycia.<br \/>\n5 boss\u00f3w \u2013 zaprojektowanych przez sadystycznych tw\u00f3rc\u00f3w, \u017cywi\u0105cych si\u0119 \u0142zami tester\u00f3w.<br \/>\nOko\u0142o 150 broni i&nbsp;umiej\u0119tno\u015bci \u2013 w tym w\u0142\u00f3cznie, miecze, \u0142uki, magiczne zakl\u0119cia, tarcze, zwierzaki, patelnie itp.<br \/>\n1 paniczny unik, dzi\u0119ki kt\u00f3remu umkniesz przeciwnikowi!<br \/>\n4 moce specjalne, kt\u00f3re odblokowuj\u0105 dost\u0119p do nowych obszar\u00f3w i&nbsp;\u015bcie\u017cek (wyposa\u017cenie odblokowuj\u0105ce \u015bcie\u017cki w stylu metroidvanii).<br \/>\n1 epicko responsywny, p\u0142ynny i&nbsp;daj\u0105cy niesamowit\u0105 frajd\u0119 system walki.<br \/>\n1 tryb boss rush \u2013 zmierz si\u0119 z&nbsp;3 lub&nbsp;5 bossami jeden po drugim. Tryb oferuje rozbudowane (trudniejsze) walki z&nbsp;bossami!<br \/>\nRegularne, darmowe aktualizacje \u2013 nadal co 2-3 miesi\u0105ce dodajemy do gry nowe tre\u015bci, by nie robi\u0142o si\u0119 nudno!<\/p>\n<p>Powr\u00f3t do Castlevanii:<br \/>\nDo\u0142\u0105cz do Richtera Belmonta i&nbsp;Alucarda, by przedziera\u0107 si\u0119 przez wrog\u00f3w w staro\u017cytnych korytarzach Zamku Drakuli. Dzier\u017c kultowy or\u0119\u017c z&nbsp;Castlevanii i&nbsp;staw czo\u0142a hordom potwor\u00f3w podczas swej podr\u00f3\u017cy do sali tronowej Pana Ciemno\u015bci.<br \/>\nMo\u017cesz wybiera\u0107 spo\u015br\u00f3d 14 kultowych broni, takich jak Zab\u00f3jca Wampir\u00f3w, Top\u00f3r do Rzucania czy Woda \u015awi\u0119cona. Ka\u017cdy przedmiot zosta\u0142 odpowiednio przystosowany do dynamicznego stylu walki w Dead Cells. Jednocze\u015bnie postarali\u015bmy si\u0119 zachowa\u0107 jak najwi\u0119cej ich oryginalnej to\u017csamo\u015bci.<br \/>\n2 poziomy \u2013 Zamek Drakuli i&nbsp;Obrze\u017ca Zamku. Tajne pomieszczenia. Roz\u015bwietlone p\u0142omieniami korytarze. Pos\u0119pne grobowce. Przepi\u0119kne malowid\u0142a. Jedzenie ukryte w \u015bcianach. Na twojej drodze stanie mn\u00f3stwo potwor\u00f3w z&nbsp;Castlevanii, takich jak harpie, wilko\u0142aki czy nawiedzone zbroje. Atmosfera kultowego zamku przeniesie ci\u0119 prosto do gotyckiego \u015bwiata fantasy.<br \/>\n\u015acie\u017cka d\u017awi\u0119kowa skomponowana z&nbsp;51 oryginalnych utwor\u00f3w z&nbsp;Castlevanii, kt\u00f3re b\u0119d\u0105 ci towarzyszy\u0107 podczas gry. Co wi\u0119cej, do \u015bcie\u017cki d\u017awi\u0119kowej nowego DLC trafi 12 najbardziej zapadaj\u0105cych w pami\u0119\u0107 utwor\u00f3w, takich jak Vampire Killer (Zab\u00f3jca Wampir\u00f3w), Bloody Tears (Krwawe \u0141zy) czy Motyw Simona Belmonta, kt\u00f3re przerobili\u015bmy w stylu Dead Cells.<br \/>\nNowa fabu\u0142a \u2014 Richter Belmont i&nbsp;Alucard stan\u0105 u twego boku, by wesprze\u0107 ci\u0119 w zg\u0142adzeniu Drakuli. Poka\u017c\u0105 ci jak porusza\u0107 si\u0119 po labiryncie, jakim jest Zamek Pana Ciemno\u015bci i&nbsp;wspomog\u0105 ci\u0119 pot\u0119\u017cnym or\u0119\u017cem (je\u015bli nie zrobi\u0105 tego dobrowolnie, to s\u0105 inne sposoby). Nie mo\u017cemy jednak&nbsp;zapomina\u0107, \u017ce wsz\u0119dzie tam, gdzie panuje dobro, czai si\u0119 te\u017c z\u0142o. Miej si\u0119 na baczno\u015bci, gdy\u017c&nbsp;pot\u0119\u017cni przeciwnicy zrobi\u0105 wszystko, co w ich mocy, by powstrzyma\u0107 ci\u0119 przed dotarciem do sali tronowej.<br \/>\n3 epickie walki z&nbsp;bossami \u2013 walcz ze z\u0142em wcielonym w dw\u00f3ch intensywnych pojedynkach przeciwko \u015amierci i&nbsp;Drakuli. Obie walki toczy\u0107 si\u0119 b\u0119d\u0105 na przepi\u0119knym tle. Je\u015bli ujdziesz z&nbsp;tych potyczek z&nbsp;\u017cyciem, przygotuj si\u0119 na najambitniejsze starcie z&nbsp;bossem, jakie kiedykolwiek zaprojektowali\u015bmy\u2026<br \/>\n20 stroj\u00f3w z&nbsp;Castlevanii \u2013 ubierz si\u0119 jak twoja ulubiona posta\u0107. Dost\u0119pne b\u0119d\u0105 stroje Alucarda, Richtera Belmonta, Simona Belmonta, Marii Renard, Trevora Belmonta, Syphi Belnades a&nbsp;nawet samego Drakuli!<\/p>\n<p><\/p>","protected":false},"excerpt":{"rendered":"<p>Przemierzaj rozleg\u0142\u0105, nieustannie zmieniaj\u0105c\u0105 si\u0119 wysp\u0119. Zmierz si\u0119 z&nbsp;gro\u017anymi hordami wrog\u00f3w podczas szybkich, p\u0142ynnych walk w 2D. 17 poziom\u00f3w \u2013 ka\u017cdy oferuje niepowtarzaln\u0105 atmosfer\u0119, wrog\u00f3w do pokonania oraz&nbsp;tajemnice do odkrycia. 5 boss\u00f3w \u2013 zaprojektowanych przez sadystycznych tw\u00f3rc\u00f3w, \u017cywi\u0105cych si\u0119 \u0142zami tester\u00f3w. Oko\u0142o 150 broni i&nbsp;umiej\u0119tno\u015bci \u2013 w tym w\u0142\u00f3cznie, miecze, \u0142uki, magiczne zakl\u0119cia, tarcze, zwierzaki, [&hellip;]<\/p>\n","protected":false},"featured_media":665853,"comment_status":"closed","ping_status":"closed","template":"","meta":{"ub_ctt_via":""},"product_cat":[88,221],"product_tag":[218],"class_list":["post-665534","product","type-product","status-publish","has-post-thumbnail","hentry","product_cat-action","product_cat-indie","product_tag-games","platform-steam-works"],"_links":{"self":[{"href":"https:\/\/neuvee.com\/pl\/wp-json\/wp\/v2\/product\/665534","targetHints":{"allow":["GET"]}}],"collection":[{"href":"https:\/\/neuvee.com\/pl\/wp-json\/wp\/v2\/product"}],"about":[{"href":"https:\/\/neuvee.com\/pl\/wp-json\/wp\/v2\/types\/product"}],"replies":[{"embeddable":true,"href":"https:\/\/neuvee.com\/pl\/wp-json\/wp\/v2\/comments?post=665534"}],"wp:featuredmedia":[{"embeddable":true,"href":"https:\/\/neuvee.com\/pl\/wp-json\/wp\/v2\/media\/665853"}],"wp:attachment":[{"href":"https:\/\/neuvee.com\/pl\/wp-json\/wp\/v2\/media?parent=665534"}],"wp:term":[{"taxonomy":"product_cat","embeddable":true,"href":"https:\/\/neuvee.com\/pl\/wp-json\/wp\/v2\/product_cat?post=665534"},{"taxonomy":"product_tag","embeddable":true,"href":"https:\/\/neuvee.com\/pl\/wp-json\/wp\/v2\/product_tag?post=665534"}],"curies":[{"name":"wp","href":"https:\/\/api.w.org\/{rel}","templated":true}]}}