{"id":665529,"date":"2023-07-08T20:28:33","date_gmt":"2023-07-08T20:28:33","guid":{"rendered":"https:\/\/neuvee.com\/?post_type=product&#038;p=665529"},"modified":"2025-05-19T14:05:51","modified_gmt":"2025-05-19T14:05:51","slug":"dead-cells-return-to-castlevania-2","status":"publish","type":"product","link":"https:\/\/neuvee.com\/pl\/product\/dead-cells-return-to-castlevania-2\/","title":{"rendered":"DEAD CELLS: RETURN TO CASTLEVANIA"},"content":{"rendered":"<p>Czas powr\u00f3ci\u0107 do korzeni gier akcji w 2D, kt\u00f3re by\u0142y nasz\u0105 inspiracj\u0105! Niezapomniane postacie i&nbsp;gotycka oprawa Castlevanii spotkaj\u0105 si\u0119 z&nbsp;szybkim tempem walk w wielokrotnie nagradzanym roguelite Dead Cells. Takiej wsp\u00f3\u0142pracy jeszcze nie by\u0142o.<br \/>\nNiespodziewanie pojawi\u0142 si\u0119 portal do imponuj\u0105cego zamczyska. Budz\u0105cy respekt wojownik, Richter, prosi ci\u0119 o&nbsp;pomoc w zwalczeniu z\u0142a czyhaj\u0105cego w \u015brodku.<br \/>\nBardziej ni\u017c moralny obowi\u0105zek do podania pomocnej d\u0142oni zach\u0119ca ci\u0119 wizja niespotykanych \u0142up\u00f3w. Przedzierasz si\u0119 wi\u0119c&nbsp;przez korytarze gotyckiego zamku, by odnale\u017a\u0107 i&nbsp;zabi\u0107 tajemniczego Drakul\u0119\u2026<br \/>\nWycinaj w pie\u0144 hordy nadprzyrodzonych s\u0142ugus\u00f3w w najwi\u0119kszym do tej pory rozszerzeniu do gry, kt\u00f3re obejmuje dwa poziomy, trzech boss\u00f3w i&nbsp;now\u0105 fabu\u0142\u0119!<\/p>\n<p>DZIER\u017b KLASYCZNY OR\u0118\u017b Z CASTLEVANII<br \/>\nDo odblokowania czeka 14 kultowych broni, takich jak Zab\u00f3jca Wampir\u00f3w, Top\u00f3r do Rzucania czy Woda \u015awi\u0119cona, kt\u00f3rymi mo\u017cesz zdziesi\u0105tkowa\u0107 bestie zsy\u0142ane przez samego Drakul\u0119, by ostatecznie zg\u0142adzi\u0107 i&nbsp;jego. Ka\u017cdy przedmiot zosta\u0142 odpowiednio przystosowany do dynamicznego stylu walki w Dead Cells. Jednocze\u015bnie uda\u0142o nam si\u0119 zachowa\u0107 ich oryginaln\u0105 to\u017csamo\u015b\u0107.<\/p>\n<p>ODKRYJ KA\u017bDY ZAKAMAREK W ZAMKU DRAKULI<br \/>\nTajne pomieszczenia. Roz\u015bwietlone p\u0142omieniami korytarze. Pos\u0119pne grobowce. Przepi\u0119kne malowid\u0142a. Jedzenie ukryte w \u015bcianach. Na twojej drodze stanie mn\u00f3stwo potwor\u00f3w z&nbsp;Castlevanii, takich jak harpie, wilko\u0142aki czy nawiedzone zbroje. Atmosfera kultowego zamku przeniesie ci\u0119 prosto do gotyckiego \u015bwiata fantasy.<\/p>\n<p>KLASYCZNA I ZMODYFIKOWANA \u015aCIE\u017bKA D\u0179WI\u0118KOWA<br \/>\nUdost\u0119pnimy alternatywn\u0105 \u015bcie\u017ck\u0119 d\u017awi\u0119kow\u0105, skomponowan\u0105 z&nbsp;51 oryginalnych utwor\u00f3w z&nbsp;Castlevanii, kt\u00f3re b\u0119d\u0105 ci towarzyszy\u0107 podczas gry. Nie przywidzia\u0142o ci si\u0119, 51!<br \/>\nCo wi\u0119cej, do \u015bcie\u017cki d\u017awi\u0119kowej nowego DLC trafi te\u017c 12 najbardziej zapadaj\u0105cych w pami\u0119\u0107 utwor\u00f3w, takich jak Vampire Killer (Zab\u00f3jca Wampir\u00f3w), Bloody Tears (Krwawe \u0141zy) czy Motyw Simona Belmonta, kt\u00f3re przerobili\u015bmy w stylu Dead Cells, zachowuj\u0105c przy tym atmosfer\u0119 Castlevanii.<\/p>\n<p>POZNAJ TAJEMNICE NOWEJ FABU\u0141Y<br \/>\nRichter Belmont i&nbsp;Alucard stan\u0105 u twego boku, by wesprze\u0107 ci\u0119 w zg\u0142adzeniu Drakuli. Poka\u017c\u0105 ci jak porusza\u0107 si\u0119 po labiryncie, jakim jest Zamek Pana Ciemno\u015bci i&nbsp;wspomog\u0105 pot\u0119\u017cnym or\u0119\u017cem (je\u015bli nie zrobi\u0105 tego dobrowolnie, to s\u0105 inne sposoby). Nie mo\u017cemy jednak&nbsp;zapomina\u0107, \u017ce wsz\u0119dzie tam, gdzie panuje dobro, czai si\u0119 te\u017c z\u0142o. Miej si\u0119 na baczno\u015bci, gdy\u017c&nbsp;pot\u0119\u017cni przeciwnicy zrobi\u0105 wszystko, co w ich mocy, by powstrzyma\u0107 ci\u0119 przed dotarciem do sali tronowej.<\/p>\n<p>OPANUJ DO PERFEKCJI TRZY EPICKIE POTYCZKI Z BOSSAMI<br \/>\nWalcz ze z\u0142em wcielonym w dw\u00f3ch intensywnych pojedynkach przeciwko \u015amierci i&nbsp;Drakuli. Obie walki toczy\u0107 si\u0119 b\u0119d\u0105 na przepi\u0119knym tle. Je\u015bli ujdziesz z&nbsp;tych potyczek z&nbsp;\u017cyciem, przygotuj si\u0119 na najambitniejsze starcie z&nbsp;bossem, jakie kiedykolwiek zaprojektowali\u015bmy\u2026<\/p>\n<p>ODBLOKUJ STROJE Z CASTLEVANII<br \/>\nW miar\u0119 post\u0119p\u00f3w gry, odblokowa\u0107 mo\u017cna 20 stroj\u00f3w. Ubierz si\u0119 jak ulubiona posta\u0107 \u2013 dost\u0119pne b\u0119d\u0105 stroje Alucarda, Richtera Belmonta, Simona Belmonta, Marii Renard, Trevora Belmonta, Syphi Belnades a&nbsp;nawet samego Drakuli!<\/p>\n<p><\/p>","protected":false},"excerpt":{"rendered":"<p>Czas powr\u00f3ci\u0107 do korzeni gier akcji w 2D, kt\u00f3re by\u0142y nasz\u0105 inspiracj\u0105! Niezapomniane postacie i&nbsp;gotycka oprawa Castlevanii spotkaj\u0105 si\u0119 z&nbsp;szybkim tempem walk w wielokrotnie nagradzanym roguelite Dead Cells. Takiej wsp\u00f3\u0142pracy jeszcze nie by\u0142o. Niespodziewanie pojawi\u0142 si\u0119 portal do imponuj\u0105cego zamczyska. Budz\u0105cy respekt wojownik, Richter, prosi ci\u0119 o&nbsp;pomoc w zwalczeniu z\u0142a czyhaj\u0105cego w \u015brodku. Bardziej ni\u017c [&hellip;]<\/p>\n","protected":false},"featured_media":667920,"comment_status":"closed","ping_status":"closed","template":"","meta":{"ub_ctt_via":""},"product_cat":[88,221],"product_tag":[218],"class_list":["post-665529","product","type-product","status-publish","has-post-thumbnail","hentry","product_cat-action","product_cat-indie","product_tag-games","platform-steam-works"],"_links":{"self":[{"href":"https:\/\/neuvee.com\/pl\/wp-json\/wp\/v2\/product\/665529","targetHints":{"allow":["GET"]}}],"collection":[{"href":"https:\/\/neuvee.com\/pl\/wp-json\/wp\/v2\/product"}],"about":[{"href":"https:\/\/neuvee.com\/pl\/wp-json\/wp\/v2\/types\/product"}],"replies":[{"embeddable":true,"href":"https:\/\/neuvee.com\/pl\/wp-json\/wp\/v2\/comments?post=665529"}],"wp:featuredmedia":[{"embeddable":true,"href":"https:\/\/neuvee.com\/pl\/wp-json\/wp\/v2\/media\/667920"}],"wp:attachment":[{"href":"https:\/\/neuvee.com\/pl\/wp-json\/wp\/v2\/media?parent=665529"}],"wp:term":[{"taxonomy":"product_cat","embeddable":true,"href":"https:\/\/neuvee.com\/pl\/wp-json\/wp\/v2\/product_cat?post=665529"},{"taxonomy":"product_tag","embeddable":true,"href":"https:\/\/neuvee.com\/pl\/wp-json\/wp\/v2\/product_tag?post=665529"}],"curies":[{"name":"wp","href":"https:\/\/api.w.org\/{rel}","templated":true}]}}