{"id":665525,"date":"2023-07-08T20:26:59","date_gmt":"2023-07-08T20:26:59","guid":{"rendered":"https:\/\/neuvee.com\/?post_type=product&#038;p=665525"},"modified":"2025-05-19T14:14:09","modified_gmt":"2025-05-19T14:14:09","slug":"dead-cells-medley-of-pain-2","status":"publish","type":"product","link":"https:\/\/neuvee.com\/pl\/product\/dead-cells-medley-of-pain-2\/","title":{"rendered":"DEAD CELLS: MEDLEY OF PAIN"},"content":{"rendered":"<p>Dead Cells to platformowa gra akcji typu roguelite inspirowana metroidvani\u0105. Eksploruj zakamarki rozleg\u0142ego, nieustannie zmieniaj\u0105cego si\u0119 zamku\u2026 Zak\u0142adaj\u0105c, \u017ce prze\u017cyjesz starcie ze stra\u017cnikami podczas potyczek 2D w stylu souls-lite. Nie bawimy si\u0119 w punkty kontrolne. Zabijaj, umieraj, ucz si\u0119, powtarzaj. Co kilka miesi\u0119cy wprowadzamy now\u0105 zawarto\u015b\u0107, by gra nie robi\u0142a si\u0119 nudna!<br \/>\n17 poziom\u00f3w \u2013 ka\u017cdy oferuje niepowtarzaln\u0105 atmosfer\u0119, wrog\u00f3w do pokonania oraz&nbsp;tajemnice do odkrycia.<br \/>\n5 boss\u00f3w \u2013 zaprojektowanych przez sadystycznych tw\u00f3rc\u00f3w, \u017cywi\u0105cych si\u0119 \u0142zami tester\u00f3w.<br \/>\nOko\u0142o 150 broni i&nbsp;umiej\u0119tno\u015bci \u2013 w tym w\u0142\u00f3cznie, miecze, \u0142uki, magiczne zakl\u0119cia, tarcze, zwierzaki, patelnie itp. Ka\u017cdy znajdzie co\u015b dla siebie.<br \/>\n1 paniczny przewr\u00f3t, dzi\u0119ki kt\u00f3remu umkniesz przeciwnikowi!<br \/>\n4 moce specjalne, kt\u00f3re odblokowuj\u0105 dost\u0119p do nowych obszar\u00f3w i&nbsp;\u015bcie\u017cek (wyposa\u017cenie odblokowuj\u0105ce \u015bcie\u017cki w stylu metroidvanii).<br \/>\n1 epicko responsywny, p\u0142ynny i&nbsp;daj\u0105cy niesamowit\u0105 frajd\u0119 system walki.<br \/>\n1 tryb boss rush \u2013 zmierz si\u0119 z&nbsp;3 lub&nbsp;5 bossami jeden po drugim. Tryb oferuje rozbudowane (trudniejsze) walki z&nbsp;bossami!<br \/>\nGra jest ci\u0105gle rozwijana \u2013 nadal co 2-3 miesi\u0105ce dodajemy do gry nowe tre\u015bci, by nie robi\u0142o si\u0119 nudno!<\/p>\n<p>Oryginalne dodatki:<br \/>\nOdblokuj cztery oryginalne dodatki do Dead Cells, kt\u00f3ra dadz\u0105 dost\u0119p do ko\u0144cowej zawarto\u015bci gry oraz&nbsp;zupe\u0142nie nowej \u015bcie\u017cki z&nbsp;alternatywnym zako\u0144czeniem i&nbsp;mn\u00f3stwem nowych wrog\u00f3w, broni i&nbsp;stroj\u00f3w.<br \/>\n8 nowych poziom\u00f3w \u2013 6 z&nbsp;nich tworzy zupe\u0142nie now\u0105 \u015bcie\u017ck\u0119, kt\u00f3ra zabierze ci\u0119 w podr\u00f3\u017c przez szklarnie, lataj\u0105ce wyspy czy wraki statk\u00f3w. Wszystko zako\u0144czy si\u0119 ostatecznym pojedynkiem na szczycie p\u0142on\u0105cej latarni morskiej. Czeka ci\u0119 r\u00f3wnie\u017c wyj\u0105tkowa sekwencja ucieczki z&nbsp;mini-bossem! Dwa pozosta\u0142e poziomy dodaj\u0105 wi\u0119cej r\u00f3\u017cnorodno\u015bci w ko\u0144cowej zawarto\u015bci gry. Jeden z&nbsp;nich dost\u0119pny jest tylko na najwy\u017cszym poziomie trudno\u015bci.<br \/>\n5 nowych boss\u00f3w, lecz&nbsp;jeden z&nbsp;nich dost\u0119pny jest tylko na najwy\u017cszym poziomie trudno\u015bci. Dok\u0142adnie tak \u2013 te dodatki podwajaj\u0105 liczb\u0119 boss\u00f3w dost\u0119pnych w grze!<br \/>\n21 nowych rodzaj\u00f3w wrog\u00f3w, w tym \u017cywe grzyby, olbrzymie kleszcze, w\u0119\u017cowi kulty\u015bci, przera\u017caj\u0105cy nekromanci i&nbsp;kolczaste abominacje z&nbsp;wieloma odn\u00f3\u017cami.<br \/>\n34 nowe bronie \/ umiej\u0119tno\u015bci \u2013 dwur\u0119czne kosy, elektryczne tarcze, lataj\u0105cy miecz potrafi\u0105cy m\u00f3wi\u0107 i&nbsp;rekin do rzucania?!<br \/>\n52 nowe stroje \u2013 mn\u00f3stwo mo\u017cliwo\u015bci, by od\u015bwie\u017cy\u0107 sw\u00f3j styl, je\u015bli znudzi\u0142o ci\u0119 70 pozosta\u0142ych\u2026<\/p>\n<p>Powr\u00f3t do Castlevanii:<br \/>\nDo\u0142\u0105cz do Richtera Belmonta i&nbsp;Alucarda, by przedziera\u0107 si\u0119 przez wrog\u00f3w w staro\u017cytnych korytarzach Zamku Drakuli. Dzier\u017c kultowy or\u0119\u017c z&nbsp;Castlevanii i&nbsp;staw czo\u0142a hordom potwor\u00f3w podczas swej podr\u00f3\u017cy do sali tronowej Pana Ciemno\u015bci.<br \/>\nMo\u017cesz wybiera\u0107 spo\u015br\u00f3d 14 kultowych broni, takich jak Zab\u00f3jca Wampir\u00f3w, Top\u00f3r do Rzucania czy Woda \u015awi\u0119cona. Ka\u017cdy przedmiot zosta\u0142 odpowiednio przystosowany do dynamicznego stylu walki w Dead Cells. Jednocze\u015bnie uda\u0142o nam si\u0119 zachowa\u0107 ich oryginaln\u0105 to\u017csamo\u015b\u0107.<br \/>\n2 poziomy \u2013 Zamek Drakuli i&nbsp;Obrze\u017ca Zamku. Tajne pomieszczenia. Roz\u015bwietlone p\u0142omieniami korytarze. Pos\u0119pne grobowce. Przepi\u0119kne malowid\u0142a. Jedzenie ukryte w \u015bcianach. Na twojej drodze stanie mn\u00f3stwo potwor\u00f3w z&nbsp;Castlevanii, takich jak harpie, wilko\u0142aki czy nawiedzone zbroje. Atmosfera kultowego zamku przeniesie ci\u0119 prosto do gotyckiego \u015bwiata fantasy.<br \/>\n\u015acie\u017cka d\u017awi\u0119kowa skomponowana z&nbsp;51 oryginalnych utwor\u00f3w z&nbsp;Castlevanii, kt\u00f3re b\u0119d\u0105 ci towarzyszy\u0107 podczas gry. Co wi\u0119cej, do \u015bcie\u017cki d\u017awi\u0119kowej nowego DLC trafi 12 najbardziej zapadaj\u0105cych w pami\u0119\u0107 utwor\u00f3w, takich jak Vampire Killer (Zab\u00f3jca Wampir\u00f3w), Bloody Tears (Krwawe \u0141zy) czy Motyw Simona Belmonta, kt\u00f3re przerobili\u015bmy w stylu Dead Cells.<br \/>\nNowa fabu\u0142a \u2014 Richter Belmont i&nbsp;Alucard stan\u0105 u twego boku, by wesprze\u0107 ci\u0119 w zg\u0142adzeniu Drakuli. Poka\u017c\u0105 ci jak porusza\u0107 si\u0119 po labiryncie, jakim jest Zamek Pana Ciemno\u015bci i&nbsp;wspomog\u0105 ci\u0119 pot\u0119\u017cnym or\u0119\u017cem (je\u015bli nie zrobi\u0105 tego dobrowolnie, to s\u0105 inne sposoby). Nie mo\u017cemy jednak&nbsp;zapomina\u0107, \u017ce wsz\u0119dzie tam, gdzie panuje dobro, czai si\u0119 te\u017c z\u0142o. Miej si\u0119 na baczno\u015bci, gdy\u017c&nbsp;pot\u0119\u017cni przeciwnicy zrobi\u0105 wszystko, co w ich mocy, by powstrzyma\u0107 ci\u0119 przed dotarciem do sali tronowej.<br \/>\n3 epickie walki z&nbsp;bossami \u2013 walcz ze z\u0142em wcielonym w dw\u00f3ch intensywnych pojedynkach przeciwko \u015amierci i&nbsp;Drakuli. Obie walki toczy\u0107 si\u0119 b\u0119d\u0105 na przepi\u0119knym tle. Je\u015bli ujdziesz z&nbsp;tych potyczek z&nbsp;\u017cyciem, przygotuj si\u0119 na najambitniejsze starcie z&nbsp;bossem, jakie kiedykolwiek zaprojektowali\u015bmy\u2026<br \/>\n20 stroj\u00f3w z&nbsp;Castlevanii \u2013 ubierz si\u0119 jak twoja ulubiona posta\u0107. Dost\u0119pne b\u0119d\u0105 stroje Alucarda, Richtera Belmonta, Simona Belmonta, Marii Renard, Trevora Belmonta, Syphi Belnades a&nbsp;nawet samego Drakuli!<\/p>\n<p><\/p>","protected":false},"excerpt":{"rendered":"<p>Dead Cells to platformowa gra akcji typu roguelite inspirowana metroidvani\u0105. Eksploruj zakamarki rozleg\u0142ego, nieustannie zmieniaj\u0105cego si\u0119 zamku\u2026 Zak\u0142adaj\u0105c, \u017ce prze\u017cyjesz starcie ze stra\u017cnikami podczas potyczek 2D w stylu souls-lite. Nie bawimy si\u0119 w punkty kontrolne. Zabijaj, umieraj, ucz si\u0119, powtarzaj. Co kilka miesi\u0119cy wprowadzamy now\u0105 zawarto\u015b\u0107, by gra nie robi\u0142a si\u0119 nudna! 17 poziom\u00f3w \u2013 [&hellip;]<\/p>\n","protected":false},"featured_media":667170,"comment_status":"closed","ping_status":"closed","template":"","meta":{"ub_ctt_via":""},"product_cat":[88,221],"product_tag":[218],"class_list":["post-665525","product","type-product","status-publish","has-post-thumbnail","hentry","product_cat-action","product_cat-indie","product_tag-games","platform-steam-works"],"_links":{"self":[{"href":"https:\/\/neuvee.com\/pl\/wp-json\/wp\/v2\/product\/665525","targetHints":{"allow":["GET"]}}],"collection":[{"href":"https:\/\/neuvee.com\/pl\/wp-json\/wp\/v2\/product"}],"about":[{"href":"https:\/\/neuvee.com\/pl\/wp-json\/wp\/v2\/types\/product"}],"replies":[{"embeddable":true,"href":"https:\/\/neuvee.com\/pl\/wp-json\/wp\/v2\/comments?post=665525"}],"wp:featuredmedia":[{"embeddable":true,"href":"https:\/\/neuvee.com\/pl\/wp-json\/wp\/v2\/media\/667170"}],"wp:attachment":[{"href":"https:\/\/neuvee.com\/pl\/wp-json\/wp\/v2\/media?parent=665525"}],"wp:term":[{"taxonomy":"product_cat","embeddable":true,"href":"https:\/\/neuvee.com\/pl\/wp-json\/wp\/v2\/product_cat?post=665525"},{"taxonomy":"product_tag","embeddable":true,"href":"https:\/\/neuvee.com\/pl\/wp-json\/wp\/v2\/product_tag?post=665525"}],"curies":[{"name":"wp","href":"https:\/\/api.w.org\/{rel}","templated":true}]}}