{"id":665521,"date":"2023-07-08T20:16:59","date_gmt":"2023-07-08T20:16:59","guid":{"rendered":"https:\/\/neuvee.com\/?post_type=product&#038;p=665521"},"modified":"2025-05-19T13:22:51","modified_gmt":"2025-05-19T13:22:51","slug":"dead-cells-fatal-falls-2","status":"publish","type":"product","link":"https:\/\/neuvee.com\/pl\/product\/dead-cells-fatal-falls-2\/","title":{"rendered":"DEAD CELLS: FATAL FALLS"},"content":{"rendered":"<p>Zdob\u0105d\u017a bystr\u0105, a&nbsp;tak\u017ce nieco nadopieku\u0144cz\u0105 sojuszniczk\u0119, walcz w dw\u00f3ch nowych biomach i&nbsp;staw czo\u0142a bossowi! Stanowi\u0105ce wyzwanie projekty poziom\u00f3w zmusz\u0105 ci\u0119 do ponownego przemy\u015blenia twoich strategii. Nowe tre\u015bci w \u015brodkowym etapie gry zosta\u0142y stworzone, aby urozmaici\u0107 rozgrywk\u0119 i&nbsp;z my\u015bl\u0105 o&nbsp;dalszym rozwoju tytu\u0142u.<\/p>\n<p>Postaraj si\u0119 nie spa\u015b\u0107, biegn\u0105c wzd\u0142u\u017c klif\u00f3w na wybrze\u017cu wyspy. Odkrywaj unosz\u0105ce si\u0119 w powietrzu kapliczki, infiltruj siedzib\u0119 dzia\u0142aj\u0105cego poza prawem tajnego stowarzyszenia i&nbsp;dowiedz si\u0119 wszystkiego o&nbsp;nowym bossie. To zupe\u0142nie nowe tre\u015bci w \u015brodkowym etapie rozgrywki, stworzone dla tych z&nbsp;graczy, kt\u00f3rzy szukaj\u0105 alternatywy dla obszar\u00f3w Time Keeper, Stilt Village, Clock Tower i&nbsp;innych.<\/p>\n<p>Walcz razem z&nbsp;now\u0105, pot\u0119\u017cn\u0105, opart\u0105 na Brutality sojuszniczk\u0105. \u0141aknie krwi i&nbsp;szaleje za tob\u0105, wi\u0119c&nbsp;obchod\u017a si\u0119 z&nbsp;ni\u0105 delikatnie. Albo i&nbsp;nie. Jedno jest pewne: im lepiej poznasz wysp\u0119, tym bardziej przydatna oka\u017ce si\u0119 jej pomoc. Czekaj\u0105 na ciebie dwa nowe poziomy, walka z&nbsp;bossem, ca\u0142e 4,5 nowych wrog\u00f3w, arsena\u0142 broni, a&nbsp;tak\u017ce \u2013 rzecz jasna \u2013 mn\u00f3stwo ukrytych smaczk\u00f3w fabularnych.<\/p>\n<p>Fractured Shrines: Chocia\u017c niezwyk\u0142e widoki mog\u0105 rozprasza\u0107, miej oko na kruki, gdy b\u0119dziesz przemieszcza\u0107 si\u0119 z&nbsp;platformy na platform\u0119, omija\u0107 dzier\u017c\u0105ce w\u0142\u00f3cznie w\u0119\u017ce, unika\u0107 nowych pu\u0142apek godnych warsztatu sadysty i&nbsp;skaka\u0107 nad otch\u0142ani\u0105 bez dna\u2026 jednocze\u015bnie staraj\u0105c si\u0119 nie zbudzi\u0107 gro\u017anych, miotaj\u0105cych topory kamiennych pos\u0105g\u00f3w. Drobiazg.<\/p>\n<p>Undying Shores: Wakacje popsuli ci wrogowie, kt\u00f3rzy nie bardzo chc\u0105 pozosta\u0107 martwi, a&nbsp;to problematyczne, gdy musisz si\u0119 porusza\u0107 po \u015bliskich \u015bcianach klif\u00f3w. Co gorsza, pogoda zupe\u0142nie si\u0119 popsu\u0142a, wi\u0119c&nbsp;z&nbsp;twoich plan\u00f3w odpoczynku na pla\u017cy nici. Nie wspominaj\u0105c o&nbsp;upiornych czarownikach z&nbsp;latarniami, kt\u00f3rych wymachuj\u0105cy \u0142opatami s\u0142udzy uparcie blokuj\u0105 ci przej\u015bcie. Strasznie stresuj\u0105ce. <\/p>\n<p>Mausoleum: Nowy, humanoidalny boss z&nbsp;w\u0142asn\u0105 histori\u0105, trudnym, opartym na powtarzalnych schematach sposobie walki i&nbsp;umieszczony w otoczeniu nadaj\u0105cym si\u0119 w sam raz na bitw\u0119 ostateczn\u0105. <\/p>\n<p>Poza nowymi obszarami, wrogami i&nbsp;mieczokszta\u0142tnym\u2026 pupilem\u2026 b\u0119dziesz potrzebowa\u0107 nowych, morderczych narz\u0119dzi. Inaczej co to by by\u0142o za DLC. Dodali\u015bmy wi\u0119c&nbsp;troch\u0119 broni zaprojektowanych tak, \u017ce ich rozgryzienie mo\u017ce zaj\u0105\u0107 ci nieco wi\u0119cej czasu (nie mo\u017cna bez ko\u0144ca walczy\u0107 patelniami), ale gdy ju\u017c to zrobisz, nic ci\u0119 nie zatrzyma.<\/p>\n<p><\/p>","protected":false},"excerpt":{"rendered":"<p>Zdob\u0105d\u017a bystr\u0105, a&nbsp;tak\u017ce nieco nadopieku\u0144cz\u0105 sojuszniczk\u0119, walcz w dw\u00f3ch nowych biomach i&nbsp;staw czo\u0142a bossowi! Stanowi\u0105ce wyzwanie projekty poziom\u00f3w zmusz\u0105 ci\u0119 do ponownego przemy\u015blenia twoich strategii. Nowe tre\u015bci w \u015brodkowym etapie gry zosta\u0142y stworzone, aby urozmaici\u0107 rozgrywk\u0119 i&nbsp;z my\u015bl\u0105 o&nbsp;dalszym rozwoju tytu\u0142u. Postaraj si\u0119 nie spa\u015b\u0107, biegn\u0105c wzd\u0142u\u017c klif\u00f3w na wybrze\u017cu wyspy. Odkrywaj unosz\u0105ce si\u0119 w [&hellip;]<\/p>\n","protected":false},"featured_media":666515,"comment_status":"closed","ping_status":"closed","template":"","meta":{"ub_ctt_via":""},"product_cat":[236,88],"product_tag":[218],"class_list":["post-665521","product","type-product","status-publish","has-post-thumbnail","hentry","product_cat-platform","product_cat-action","product_tag-games","platform-steam-works"],"_links":{"self":[{"href":"https:\/\/neuvee.com\/pl\/wp-json\/wp\/v2\/product\/665521","targetHints":{"allow":["GET"]}}],"collection":[{"href":"https:\/\/neuvee.com\/pl\/wp-json\/wp\/v2\/product"}],"about":[{"href":"https:\/\/neuvee.com\/pl\/wp-json\/wp\/v2\/types\/product"}],"replies":[{"embeddable":true,"href":"https:\/\/neuvee.com\/pl\/wp-json\/wp\/v2\/comments?post=665521"}],"wp:featuredmedia":[{"embeddable":true,"href":"https:\/\/neuvee.com\/pl\/wp-json\/wp\/v2\/media\/666515"}],"wp:attachment":[{"href":"https:\/\/neuvee.com\/pl\/wp-json\/wp\/v2\/media?parent=665521"}],"wp:term":[{"taxonomy":"product_cat","embeddable":true,"href":"https:\/\/neuvee.com\/pl\/wp-json\/wp\/v2\/product_cat?post=665521"},{"taxonomy":"product_tag","embeddable":true,"href":"https:\/\/neuvee.com\/pl\/wp-json\/wp\/v2\/product_tag?post=665521"}],"curies":[{"name":"wp","href":"https:\/\/api.w.org\/{rel}","templated":true}]}}