{"id":665517,"date":"2023-07-08T20:15:47","date_gmt":"2023-07-08T20:15:47","guid":{"rendered":"https:\/\/neuvee.com\/?post_type=product&#038;p=665517"},"modified":"2025-05-19T13:44:28","modified_gmt":"2025-05-19T13:44:28","slug":"dead-cells-dlcs-only-bundle-2","status":"publish","type":"product","link":"https:\/\/neuvee.com\/pl\/product\/dead-cells-dlcs-only-bundle-2\/","title":{"rendered":"DEAD CELLS: DLCS ONLY BUNDLE"},"content":{"rendered":"<p>Ten zestaw zawiera wszystkie wydane do tej pory DLC do Dead Cells: <\/p>\n<p>\u2013 The Bad Seed <\/p>\n<p>\u2013 Fatal Falls <\/p>\n<p>\u2013 The Queen and the Sea <\/p>\n<p>Znajdziesz tu 8 nowych poziom\u00f3w i&nbsp;5 boss\u00f3w wraz ze wszystkimi powi\u0105zanymi z&nbsp;nimi wrogami, uzbrojeniem i&nbsp;ubiorami. <\/p>\n<p>Je\u017celi chcesz sprawdzi\u0107, co dok\u0142adnie znajduje si\u0119 w ka\u017cdym z&nbsp;DLC, zajrzyj na ich strony w sklepie.<\/p>\n<p>Ostro\u017cnie: ten zestaw nie zawiera podstawowej wersji gry.<\/p>\n<p>Masz pytania? Skontaktuj si\u0119 z&nbsp;nami na Reddicie lub&nbsp;Discordzie. <\/p>\n<p>Mi\u0142ej zabawy!<\/p>\n<p><\/p>","protected":false},"excerpt":{"rendered":"<p>Ten zestaw zawiera wszystkie wydane do tej pory DLC do Dead Cells: \u2013 The Bad Seed \u2013 Fatal Falls \u2013 The Queen and the Sea Znajdziesz tu 8 nowych poziom\u00f3w i&nbsp;5 boss\u00f3w wraz ze wszystkimi powi\u0105zanymi z&nbsp;nimi wrogami, uzbrojeniem i&nbsp;ubiorami. Je\u017celi chcesz sprawdzi\u0107, co dok\u0142adnie znajduje si\u0119 w ka\u017cdym z&nbsp;DLC, zajrzyj na ich strony w [&hellip;]<\/p>\n","protected":false},"featured_media":666681,"comment_status":"closed","ping_status":"closed","template":"","meta":{"ub_ctt_via":""},"product_cat":[236,88],"product_tag":[218],"class_list":["post-665517","product","type-product","status-publish","has-post-thumbnail","hentry","product_cat-platform","product_cat-action","product_tag-games","platform-steam-works"],"_links":{"self":[{"href":"https:\/\/neuvee.com\/pl\/wp-json\/wp\/v2\/product\/665517","targetHints":{"allow":["GET"]}}],"collection":[{"href":"https:\/\/neuvee.com\/pl\/wp-json\/wp\/v2\/product"}],"about":[{"href":"https:\/\/neuvee.com\/pl\/wp-json\/wp\/v2\/types\/product"}],"replies":[{"embeddable":true,"href":"https:\/\/neuvee.com\/pl\/wp-json\/wp\/v2\/comments?post=665517"}],"wp:featuredmedia":[{"embeddable":true,"href":"https:\/\/neuvee.com\/pl\/wp-json\/wp\/v2\/media\/666681"}],"wp:attachment":[{"href":"https:\/\/neuvee.com\/pl\/wp-json\/wp\/v2\/media?parent=665517"}],"wp:term":[{"taxonomy":"product_cat","embeddable":true,"href":"https:\/\/neuvee.com\/pl\/wp-json\/wp\/v2\/product_cat?post=665517"},{"taxonomy":"product_tag","embeddable":true,"href":"https:\/\/neuvee.com\/pl\/wp-json\/wp\/v2\/product_tag?post=665517"}],"curies":[{"name":"wp","href":"https:\/\/api.w.org\/{rel}","templated":true}]}}