{"id":665513,"date":"2023-07-08T20:13:24","date_gmt":"2023-07-08T20:13:24","guid":{"rendered":"https:\/\/neuvee.com\/?post_type=product&#038;p=665513"},"modified":"2025-05-19T14:29:12","modified_gmt":"2025-05-19T14:29:12","slug":"dead-cells-2","status":"publish","type":"product","link":"https:\/\/neuvee.com\/pl\/product\/dead-cells-2\/","title":{"rendered":"DEAD CELLS"},"content":{"rendered":"<p>Dead Cells to gra platformowa akcji, \u0142\u0105cz\u0105ca gatunki roguelite i&nbsp;metroidvania. Przemierzaj rozleg\u0142y i&nbsp;nieustannie zmieniaj\u0105cy si\u0119 zamek&#8230; o&nbsp;ile potrafisz pokona\u0107 stra\u017cnik\u00f3w w dwuwymiarowej walce spod znaku Souls. \u017badnych punkt\u00f3w kontrolnych. Zabijasz. Giniesz. Uczysz si\u0119. Powtarzasz.<\/p>\n<p>Dorasta\u0142e\u015b, gdy w modzie by\u0142y gry roguelike i&nbsp;by\u0142e\u015b \u015bwiadkiem narodzin roguelite\u2019\u00f3w, a&nbsp;mo\u017ce nawet roguelite-lite\u2019\u00f3w? Przedstawiamy zatem&nbsp;nasz\u0105 \u201eroguevani\u0119\u201d, nie\u015blubne dziecko wsp\u00f3\u0142czesnego \u201eroguelite\u2019a\u201d (Rogue Legacy, Binding of Isaac, Enter the Gungeon, Spelunky itd.) oraz&nbsp;old-schoolowej \u201emetroidvanii\u201d (Castlevania: SotN i&nbsp;podobne).<\/p>\n<p>Charakterystyka:<\/p>\n<p>RogueVania: Progresywna eksploracja po\u0142\u0105czonego \u015bwiata, charakterystyczna dla gatunku roguelite regrywalno\u015b\u0107 oraz&nbsp;nieustanna gro\u017aba \u015bmierci.<\/p>\n<p>Akcja 2D spod znaku Souls: Wymagaj\u0105ca, ale uczciwa walka, ponad unikalnych 50 broni i&nbsp;zakl\u0119\u0107 oraz&nbsp;awaryjny przewr\u00f3t ratunkowy. <\/p>\n<p>Nieliniowa rozgrywka: Kana\u0142y, Ossuarium czy Wa\u0142y obronne? Po odblokowaniu sta\u0142e zdolno\u015bci specjalne zapewniaj\u0105 dost\u0119p do nowych \u015bcie\u017cek umo\u017cliwiaj\u0105cych osi\u0105gni\u0119cie celu. Wybierz drog\u0119, kt\u00f3ra pasuje do Twojej postaci, stylu gry lub&nbsp;osobistych preferencji.<\/p>\n<p>Eksploracja: Sekretne komnaty, ukryte przej\u015bcia i&nbsp;malownicze krajobrazy. Po\u015bwi\u0119\u0107 chwil\u0119, aby wybra\u0107 si\u0119 na przechadzk\u0119 na szczyt wie\u017cy i&nbsp;pooddycha\u0107 \u015bwie\u017cym, morskim powietrzem&#8230;<\/p>\n<p>Powi\u0105zane ze sob\u0105 poziomy i&nbsp;progresywne odblokowywanie kolejnych miejsc na wyspie to gwarancja pot\u0119\u017cnej motywacji do przeczesywania okolicy. Dodajmy do tego stopie\u0144 ewolucji postaci oraz&nbsp;ulepszenia sta\u0142ej broni i&nbsp;ju\u017c wiadomo, kt\u00f3re elementy z&nbsp;wielu gier typu metroidvania zosta\u0142y przej\u0119te przez Dead Cells.<\/p>\n<p>W ko\u0144cu w ostatecznym rozrachunku najbardziej licz\u0105 si\u0119 jednak&nbsp;TWOJE umiej\u0119tno\u015bci! W grach z&nbsp;gatunku roguelite chodzi w\u0142a\u015bnie o&nbsp;to, aby nieustannie szlifowa\u0107 swoje talenty, a\u017c to, co wydawa\u0142o si\u0119 przeszkod\u0105 nie do pokonania, stanie si\u0119 spacerkiem. Gra nie wybacza \u017cadnych b\u0142\u0119d\u00f3w, a&nbsp;dzi\u0119ki brakowi jakiejkolwiek \u201esiatki zabezpieczaj\u0105cej\u201d ka\u017cda rozgrywka a\u017c kipi od adrenaliny.<\/p>\n<p><\/p>","protected":false},"excerpt":{"rendered":"<p>Dead Cells to gra platformowa akcji, \u0142\u0105cz\u0105ca gatunki roguelite i&nbsp;metroidvania. Przemierzaj rozleg\u0142y i&nbsp;nieustannie zmieniaj\u0105cy si\u0119 zamek&#8230; o&nbsp;ile potrafisz pokona\u0107 stra\u017cnik\u00f3w w dwuwymiarowej walce spod znaku Souls. \u017badnych punkt\u00f3w kontrolnych. Zabijasz. Giniesz. Uczysz si\u0119. Powtarzasz. Dorasta\u0142e\u015b, gdy w modzie by\u0142y gry roguelike i&nbsp;by\u0142e\u015b \u015bwiadkiem narodzin roguelite\u2019\u00f3w, a&nbsp;mo\u017ce nawet roguelite-lite\u2019\u00f3w? Przedstawiamy zatem&nbsp;nasz\u0105 \u201eroguevani\u0119\u201d, nie\u015blubne dziecko wsp\u00f3\u0142czesnego \u201eroguelite\u2019a\u201d [&hellip;]<\/p>\n","protected":false},"featured_media":667585,"comment_status":"closed","ping_status":"closed","template":"","meta":{"ub_ctt_via":""},"product_cat":[236,88],"product_tag":[218],"class_list":["post-665513","product","type-product","status-publish","has-post-thumbnail","hentry","product_cat-platform","product_cat-action","product_tag-games","platform-steam-works"],"_links":{"self":[{"href":"https:\/\/neuvee.com\/pl\/wp-json\/wp\/v2\/product\/665513","targetHints":{"allow":["GET"]}}],"collection":[{"href":"https:\/\/neuvee.com\/pl\/wp-json\/wp\/v2\/product"}],"about":[{"href":"https:\/\/neuvee.com\/pl\/wp-json\/wp\/v2\/types\/product"}],"replies":[{"embeddable":true,"href":"https:\/\/neuvee.com\/pl\/wp-json\/wp\/v2\/comments?post=665513"}],"wp:featuredmedia":[{"embeddable":true,"href":"https:\/\/neuvee.com\/pl\/wp-json\/wp\/v2\/media\/667585"}],"wp:attachment":[{"href":"https:\/\/neuvee.com\/pl\/wp-json\/wp\/v2\/media?parent=665513"}],"wp:term":[{"taxonomy":"product_cat","embeddable":true,"href":"https:\/\/neuvee.com\/pl\/wp-json\/wp\/v2\/product_cat?post=665513"},{"taxonomy":"product_tag","embeddable":true,"href":"https:\/\/neuvee.com\/pl\/wp-json\/wp\/v2\/product_tag?post=665513"}],"curies":[{"name":"wp","href":"https:\/\/api.w.org\/{rel}","templated":true}]}}