{"id":665480,"date":"2023-07-08T20:03:35","date_gmt":"2023-07-08T20:03:35","guid":{"rendered":"https:\/\/neuvee.com\/?post_type=product&#038;p=665480"},"modified":"2025-05-19T14:41:25","modified_gmt":"2025-05-19T14:41:25","slug":"clanfolk-early-access-3","status":"publish","type":"product","link":"https:\/\/neuvee.com\/pl\/product\/clanfolk-early-access-3\/","title":{"rendered":"CLANFOLK &#8211; EARLY ACCESS"},"content":{"rendered":"<p>Clanfolk to wymagaj\u0105cy symulator \u015bredniowiecznej kolonii, kt\u00f3ry przenosi ci\u0119 na szkockie pog\u00f3rze, gdzie zmierzysz si\u0119 z&nbsp;sam\u0105 natur\u0105. Na pocz\u0105tku ty i&nbsp;twoja najbli\u017csza rodzina b\u0119dziecie musieli nauczy\u0107 si\u0119 przetrwa\u0107 na pustym sp\u0142achetku ziemi, buduj\u0105c dom, dogl\u0105daj\u0105c zwierz\u0105t, zbieraj\u0105c plony i&nbsp;walcz\u0105c z&nbsp;surow\u0105 zim\u0105. Niezale\u017cnie od tego, czy rozwiniesz swoj\u0105 osad\u0119 w t\u0119tni\u0105c\u0105 \u017cyciem karczm\u0119 lub&nbsp;centralny punkt handlowy, czy te\u017c zadowolisz si\u0119 budow\u0105 dostatniego i&nbsp;samowystarczalnego domostwa, tw\u00f3j los \u2013 a&nbsp;tak\u017ce \u017cycie twoich Clanfolk \u2013 spoczywa w twoich r\u0119kach.<\/p>\n<p>SPU\u015aCIZNA TWOJEJ RODZINY<br \/>\nTw\u00f3rz histori\u0119 swojej rodziny na przestrzeni dekad, buduj\u0105c dom z&nbsp;niczego i&nbsp;pozostawiaj\u0105c po sobie spu\u015bcizn\u0119 dla kolejnych pokole\u0144.<\/p>\n<p>&#8211; Stw\u00f3rz sw\u00f3j rodow\u00f3d lub&nbsp;wybierz spo\u015br\u00f3d istniej\u0105cych klan\u00f3w, a&nbsp;nast\u0119pnie zosta\u0144 g\u0142ow\u0105 wielopokoleniowej rodziny, kt\u00f3ra stara si\u0119 przetrwa\u0107 na nieprzyst\u0119pnym szkockim pog\u00f3rzu. Cz\u0142onkowie twojej rodziny b\u0119d\u0105 zawiera\u0107 ma\u0142\u017ce\u0144stwa, rodzi\u0107 dzieci, starze\u0107 si\u0119 i&nbsp;w ko\u0144cu odejd\u0105, a&nbsp;ich wk\u0142ad i&nbsp;zmagania pos\u0142u\u017c\u0105 nast\u0119pnemu pokoleniu.<br \/>\n&#8211; Zarz\u0105dzaj harmonogramami, aby mie\u0107 pewno\u015b\u0107, \u017ce wszyscy s\u0105 wypocz\u0119ci, najedzeni i&nbsp;w miar\u0119 szcz\u0119\u015bliwi, nie nara\u017caj\u0105c przy tym przygotowania rodziny na nieuchronne nadej\u015bcie ostrej zimy. Poranne rytua\u0142y, spotkania towarzyskie i&nbsp;odpoczynek stanowi\u0105 mi\u0142e przerywniki w dniu wype\u0142nionym prac\u0105: sianiem nasion, upraw\u0105 ziemi, \u0142owieniem ryb, polowaniem, rzemios\u0142em i&nbsp;gotowaniem.<br \/>\n&#8211; Ka\u017cdy cz\u0142onek rodziny ma swoje cechy, aspiracje, marzenia i&nbsp;umiej\u0119tno\u015bci, kt\u00f3re pomagaj\u0105 okre\u015bli\u0107, co robi najlepiej. B\u0119dzie dba\u0107 o&nbsp;siebie i&nbsp;o innych, a&nbsp;z czasem zacznie si\u0119 doskonali\u0107. Najm\u0142odsi cz\u0142onkowie twojej rodziny s\u0105 pe\u0142ni potencja\u0142u i&nbsp;ucz\u0105 si\u0119, jak go wykorzysta\u0107, pracuj\u0105c u boku starszych. Naucz ich polowa\u0107, gotowa\u0107, sprz\u0105ta\u0107, budowa\u0107 lub&nbsp;uprawia\u0107 rol\u0119, aby wszystkie podstawowe umiej\u0119tno\u015bci przetrwania zosta\u0142y przekazane nast\u0119pnemu pokoleniu, gdy starsi b\u0119d\u0105 musieli odej\u015b\u0107 z&nbsp;tego \u015bwiata.<\/p>\n<p>MIENIAJ\u0104CE SI\u0118 PORY ROKU<br \/>\nCiep\u0142e lata ust\u0119puj\u0105 miejsca rze\u015bkim jesiennym nocom i&nbsp;brutalnym zimom, a\u017c w ko\u0144cu wiosna z&nbsp;powrotem sprowadzi \u017cycie na pog\u00f3rze. Twoje przetrwanie zale\u017cy od umiej\u0119tno\u015bci planowania i&nbsp;dostosowania si\u0119 do cyklu p\u00f3r roku.<\/p>\n<p>&#8211; Ka\u017cda pora roku przynosi inne wyzwania i&nbsp;mo\u017cliwo\u015bci \u2013 niewa\u017cne, czy zbierasz jagody, \u0142apiesz w\u0119gorze, polujesz na kr\u00f3lika, czy szukasz grzyb\u00f3w, zawsze musisz zrobi\u0107 jak najlepszy u\u017cytek ze wszystkich mo\u017cliwo\u015bci, jakie daje \u015bredniowieczne \u017cycie.<br \/>\n&#8211; Warunki glebowe ulegaj\u0105 zmianie, a&nbsp;na wzrost twoich upraw wp\u0142ywa szereg czynnik\u00f3w. Uprawiaj ziemi\u0119, stosuj techniki takie jak gospodarka \u017carowa oraz&nbsp;naucz rolnik\u00f3w, jak wykarmi\u0107 klan.<br \/>\n&#8211; \u015arodowisko ci\u0105gle rzuca ci nowe wyzwania \u2013 twoje zwierz\u0119ta gospodarskie, towary i&nbsp;wreszcie cz\u0142onk\u00f3w twojego klanu trzeba chroni\u0107 przed ulewnymi deszczami i&nbsp;mrozem. Woda pozostawiona na mrozie zamienia si\u0119 w l\u00f3d, kt\u00f3ry trzeba topi\u0107 nad ogniskiem. \u017bywno\u015b\u0107 namok\u0142a w deszczu szybko si\u0119 psuje, cho\u0107 mokre przedmioty s\u0105 mniej podatne na ogie\u0144. Zwierz\u0119ta gospodarskie, kt\u00f3re nie maj\u0105 schronienia, mog\u0105 zachorowa\u0107 i&nbsp;zdechn\u0105\u0107, a&nbsp;je\u015bli twoi ludzie nie s\u0105 okutani w futra, mog\u0105 zamarzn\u0105\u0107, gdy s\u0105 z&nbsp;dala od ciep\u0142a ogniska.<\/p>\n<p>MIEJSCE, KT\u00d3RE MO\u017bNA NAZWA\u0106 DOMEM<br \/>\nPostaw swoje domostwo, zaczynaj\u0105c jedynie z&nbsp;otaczaj\u0105c\u0105 ci\u0119 ziemi\u0105. Buduj wiedz\u0119 o&nbsp;przetrwaniu przez pokolenia \u2013 ka\u017cda zebrana ga\u0142\u0105\u017a, drzewo, kamie\u0144 i&nbsp;trzcina odblokowuje nowe idee i&nbsp;metody, kt\u00f3re Clanfolk mog\u0105 wykorzysta\u0107, aby poprawi\u0107 swoje warunki bytowe.<\/p>\n<p>&#8211; Od spania na ziemi pod gwiazdami do budowania dom\u00f3w z&nbsp;wentylacj\u0105 i&nbsp;stod\u00f3\u0142 z&nbsp;ceg\u0142y i&nbsp;kamienia, na ka\u017cdym kroku b\u0119dziesz odblokowywa\u0107 nowe materia\u0142y do wykorzystania i&nbsp;przedmioty do wykonania.<br \/>\n&#8211; Post\u0119p technologiczny nast\u0119puje naturalnie, z&nbsp;biegiem czasu, w miar\u0119 jak wykorzystujesz surowce, kt\u00f3re daje ci ziemia, inspiruj\u0105c swoich Clanfolk do opracowywania nowych idei i&nbsp;metod. Garnki, ceg\u0142y i&nbsp;dach\u00f3wki staj\u0105 si\u0119 dost\u0119pne dopiero po wykopaniu gliny. Produkcja narz\u0119dzi z&nbsp;\u017celaza jest mo\u017cliwa dzi\u0119ki eksploatacji odpowiednich g\u00f3r. Obr\u00f3bka futer jest wynikiem polowania i&nbsp;sk\u00f3rowania zwierz\u0105t na stole masarskim.<br \/>\n&#8211; Utrzymuj z\u0142o\u017cone i&nbsp;realistyczne \u0142a\u0144cuchy produkcyjne podczas r\u00f3\u017cnych p\u00f3r roku, nadaj\u0105c priorytety poszczeg\u00f3lnym zadaniom i&nbsp;okre\u015blaj\u0105c normy i&nbsp;wymagania dotycz\u0105ce rzemios\u0142a. Zachowaj r\u00f3wnowag\u0119 mi\u0119dzy zaspokajaniem podstawowych potrzeb a&nbsp;zapotrzebowaniem na dobra luksusowe.<br \/>\n&#8211; Przygotuj si\u0119 na nieuniknione katastrofy \u2013 choroby, z\u0142a pogoda i&nbsp;szalej\u0105ce po\u017cary mog\u0105 zmieni\u0107 dobrze prosperuj\u0105ce domostwo w cmentarz lub&nbsp;stos pogrzebowy.<\/p>\n<p>NIE TYLKO TWOJA RODZINA<br \/>\nTw\u00f3j klan nie jest jedyn\u0105 rodzin\u0105 na pog\u00f3rzu. B\u0119d\u0105 ci\u0119 odwiedza\u0107 kupcy, podr\u00f3\u017cni i&nbsp;s\u0105siedzi szukaj\u0105cy pracy, daj\u0105c ci okazj\u0119 do zawarcia nowych znajomo\u015bci, zarobienia pieni\u0119dzy, a&nbsp;nawet zaryzykowania \u017cycia.<\/p>\n<p>&#8211; Punkty handlowe przyci\u0105gaj\u0105 cz\u0142onk\u00f3w innych klan\u00f3w, kt\u00f3rzy handluj\u0105 przydatnymi towarami lub&nbsp;s\u0105 zainteresowani ich kupnem. Twoja reputacja w\u015br\u00f3d innych klan\u00f3w decyduje o&nbsp;tym, jakie towary przynosz\u0105 handlarze, a&nbsp;poniewa\u017c ka\u017cdy klan specjalizuje si\u0119 w innych produktach, zawieranie odpowiednich przyja\u017ani mo\u017ce ci pom\u00f3c przetrwa\u0107.<br \/>\n&#8211; Podr\u00f3\u017cni przechodz\u0105cy obok twojego domostwa szukaj\u0105 noclegu i&nbsp;mo\u017cesz zdecydowa\u0107 si\u0119 udzieli\u0107 im schronienia. Szczeg\u00f3lnie zadowoleni go\u015bcie mog\u0105 przed\u0142u\u017cy\u0107 sw\u00f3j pobyt lub&nbsp;dobrze za niego zap\u0142aci\u0107, a&nbsp;zbudowanie t\u0119tni\u0105cej \u017cyciem gospody mo\u017ce si\u0119 okaza\u0107 lukratywne.<br \/>\n&#8211; Od czasu do czasu przy tablicach z&nbsp;ofertami pracy b\u0119d\u0105 si\u0119 pojawia\u0107 szukaj\u0105c okazji do zarobku pracownicy z&nbsp;innych klan\u00f3w. Kilka dodatkowych wykwalifikowanych par r\u0105k do pracy mo\u017ce pom\u00f3c w uko\u0144czeniu \u017cniw, wzmocnieniu grup my\u015bliwych lub&nbsp;obsadzeniu nowo wybudowanej gospody.<\/p>\n<p>&#8222;Clanfolk to gra o&nbsp;\u017cyciu i&nbsp;rodzinie. Poprowad\u017a pokolenia swojego klanu, aby do\u015bwiadczy\u0107 \u017cycia sp\u0119dzonego na szkockim pog\u00f3rzu.<\/p>\n<p><\/p>","protected":false},"excerpt":{"rendered":"<p>Clanfolk to wymagaj\u0105cy symulator \u015bredniowiecznej kolonii, kt\u00f3ry przenosi ci\u0119 na szkockie pog\u00f3rze, gdzie zmierzysz si\u0119 z&nbsp;sam\u0105 natur\u0105. Na pocz\u0105tku ty i&nbsp;twoja najbli\u017csza rodzina b\u0119dziecie musieli nauczy\u0107 si\u0119 przetrwa\u0107 na pustym sp\u0142achetku ziemi, buduj\u0105c dom, dogl\u0105daj\u0105c zwierz\u0105t, zbieraj\u0105c plony i&nbsp;walcz\u0105c z&nbsp;surow\u0105 zim\u0105. Niezale\u017cnie od tego, czy rozwiniesz swoj\u0105 osad\u0119 w t\u0119tni\u0105c\u0105 \u017cyciem karczm\u0119 lub&nbsp;centralny punkt handlowy, [&hellip;]<\/p>\n","protected":false},"featured_media":666836,"comment_status":"closed","ping_status":"closed","template":"","meta":{"ub_ctt_via":""},"product_cat":[260,225,78],"product_tag":[218],"class_list":["post-665480","product","type-product","status-publish","has-post-thumbnail","hentry","product_cat-management","product_cat-role-playing","product_cat-simulation","product_tag-games","platform-steam-works"],"_links":{"self":[{"href":"https:\/\/neuvee.com\/pl\/wp-json\/wp\/v2\/product\/665480","targetHints":{"allow":["GET"]}}],"collection":[{"href":"https:\/\/neuvee.com\/pl\/wp-json\/wp\/v2\/product"}],"about":[{"href":"https:\/\/neuvee.com\/pl\/wp-json\/wp\/v2\/types\/product"}],"replies":[{"embeddable":true,"href":"https:\/\/neuvee.com\/pl\/wp-json\/wp\/v2\/comments?post=665480"}],"wp:featuredmedia":[{"embeddable":true,"href":"https:\/\/neuvee.com\/pl\/wp-json\/wp\/v2\/media\/666836"}],"wp:attachment":[{"href":"https:\/\/neuvee.com\/pl\/wp-json\/wp\/v2\/media?parent=665480"}],"wp:term":[{"taxonomy":"product_cat","embeddable":true,"href":"https:\/\/neuvee.com\/pl\/wp-json\/wp\/v2\/product_cat?post=665480"},{"taxonomy":"product_tag","embeddable":true,"href":"https:\/\/neuvee.com\/pl\/wp-json\/wp\/v2\/product_tag?post=665480"}],"curies":[{"name":"wp","href":"https:\/\/api.w.org\/{rel}","templated":true}]}}