{"id":665338,"date":"2023-07-08T19:23:59","date_gmt":"2023-07-08T19:23:59","guid":{"rendered":"https:\/\/neuvee.com\/?post_type=product&#038;p=665338"},"modified":"2025-05-19T13:22:26","modified_gmt":"2025-05-19T13:22:26","slug":"builder-simulator-3","status":"publish","type":"product","link":"https:\/\/neuvee.com\/pl\/product\/builder-simulator-3\/","title":{"rendered":"BUILDER SIMULATOR"},"content":{"rendered":"<p>Informacje o\u00a0grze<br \/>\nBuilder Simulator to jak sama nazwa wskazuje symulator, ale nie byle jaki! To gra dla tych, kt\u00f3rych najwi\u0119kszym marzeniem od zawsze by\u0142o wybudowanie w\u0142asnego domu od podstaw. Przygotuj plan, kup potrzebne materia\u0142y i&nbsp;wnie\u015b idealn\u0105 rezydencj\u0119 ceg\u0142a po cegle. Czy to b\u0119dzie \u0142atwe zadanie? Oczywi\u015bcie, \u017ce tak! Przynajmniej na samym pocz\u0105tku. W ko\u0144cu stawiasz swoje pierwsze kroki w tym przemy\u015ble. Specjalnie przygotowany samouczek przeprowadzi ci\u0119 przez meandry prac konstrukcyjnych. Jednak im wi\u0119cej do\u015bwiadczenia nab\u0119dziesz, tym trudniejsze b\u0119d\u0105 wyzwania stawiane na twojej drodze. Na tym etapie, b\u0119dziesz ju\u017c zdany tylko na siebie i&nbsp;nabyte do tej pory umiej\u0119tno\u015bci. Brzmi jak prawdziwa rozrywka dla zapalonego budowla\u0144ca, prawda? Powodzenia!<br \/>\nJak tam? Sko\u0144czy\u0142e\u015b ju\u017c sw\u00f3j ma\u0142y projekt? \u015awietnie! Teraz czas, \u017ceby wprowadzi\u0107 to w \u017cycie. We\u017a troch\u0119 cegie\u0142, worek cementu, zakasaj r\u0119kawy i&nbsp;buduj, konstruuj, tw\u00f3rz! Boisz si\u0119, \u017ce mo\u017ce to by\u0107 ciupk\u0119 nudne? O nie! Nic z&nbsp;tych rzeczy! B\u0119dziesz wylewa\u0142 fundamenty, stawia\u0142 \u015bciany, instalowa\u0142 drzwi lub&nbsp;okna i&nbsp;jeszcze wiele, wiele wi\u0119cej. To nie b\u0119dzie tylko ekscytuj\u0105ce, ale przede wszystkim bardzo wci\u0105gaj\u0105ce!<br \/>\nDumny jeste\u015b z&nbsp;tych prostych \u015bcian i&nbsp;idealnie osadzone dachu, co? Ale to jeszcze nie koniec! Pora na oszlifowanie tego pi\u0119knego domku! Pytasz si\u0119 jak? To przecie\u017c oczywiste! Poprzez wyko\u0144czenie jego wn\u0119trza. To b\u0119dzie jak nak\u0142adanie makija\u017cu na urodziw\u0105 twarz. Tylko nie b\u0119dziesz pos\u0142ugiwa\u0142 si\u0119 p\u0119dzlem i&nbsp;cieniami do oczu, a&nbsp;kielni\u0105 i&nbsp;zapraw\u0105 murarsk\u0105. Doko\u0144cz elewacj\u0119 i&nbsp;pod\u0142ogi, pomaluj \u015bciany. Zr\u00f3b wszystko, co mo\u017cesz, \u017ceby ten dom sta\u0142 si\u0119 nieziemsko zachwycaj\u0105cy!<br \/>\nKa\u017cde wielkie przedsi\u0119wzi\u0119cie w \u015bwiecie cegie\u0142 i&nbsp;zapraw zaczyna si\u0119 bardzo skromnie. Od o\u0142\u00f3wka i&nbsp;kawa\u0142ka papieru. Nie inaczej wygl\u0105da to w Builder Simulator. Swoj\u0105 prac\u0119 rozpoczniesz od przygotowania projektu domu na desce kre\u015blarskiej. Linie, krzywe, zakr\u0119ty, wywijasy \u2013 wszystko zale\u017cy od ciebie. Jedyne, co mo\u017ce ci\u0119 ograniczy\u0107 to twoja w\u0142asna wyobra\u017ania. Dlatego rusz g\u0142ow\u0105 i&nbsp;przygotuj projekt budynku, jakiego \u015bwiat nie widzia\u0142!<br \/>\nPozostawienie takiego dzia\u0142a na komputerze, by gni\u0142o zapomniane przez wszystkich, by\u0142oby strasznym marnotrawstwem, prawda? Pomy\u015bleli\u015bmy dok\u0142adnie tak samo. I dlatego&nbsp;powo\u0142ali\u015bmy do \u017cycia specjalne miejsce dla naszych najdro\u017cszych graczy \u2013 Community Builder! Tutaj mo\u017cesz dzieli\u0107 si\u0119 z&nbsp;innymi swoimi projektami lub&nbsp;zainspirowa\u0107 si\u0119 prac\u0105 kogo\u015b innego. Poka\u017c swoj\u0105 kreatywno\u015b\u0107, podziwiaj dzie\u0142a ludzi z&nbsp;ca\u0142ego \u015bwiata i&nbsp;spotkaj podobnych sobie budowlanych zapale\u0144c\u00f3w! Dziel si\u0119 swoj\u0105 pasj\u0105 i&nbsp;przede wszystkim\u2026<br \/>\n\u2026DOBRZE SI\u0118 BAW!<\/p>\n<p><\/p>","protected":false},"excerpt":{"rendered":"<p>Informacje o\u00a0grze Builder Simulator to jak sama nazwa wskazuje symulator, ale nie byle jaki! To gra dla tych, kt\u00f3rych najwi\u0119kszym marzeniem od zawsze by\u0142o wybudowanie w\u0142asnego domu od podstaw. Przygotuj plan, kup potrzebne materia\u0142y i&nbsp;wnie\u015b idealn\u0105 rezydencj\u0119 ceg\u0142a po cegle. Czy to b\u0119dzie \u0142atwe zadanie? Oczywi\u015bcie, \u017ce tak! Przynajmniej na samym pocz\u0105tku. W ko\u0144cu stawiasz [&hellip;]<\/p>\n","protected":false},"featured_media":665545,"comment_status":"closed","ping_status":"closed","template":"","meta":{"ub_ctt_via":""},"product_cat":[127,223,221,78,222],"product_tag":[218],"class_list":["post-665338","product","type-product","status-publish","has-post-thumbnail","hentry","product_cat-adventure","product_cat-casual","product_cat-indie","product_cat-simulation","product_cat-strategy","product_tag-games","platform-steam-works"],"_links":{"self":[{"href":"https:\/\/neuvee.com\/pl\/wp-json\/wp\/v2\/product\/665338","targetHints":{"allow":["GET"]}}],"collection":[{"href":"https:\/\/neuvee.com\/pl\/wp-json\/wp\/v2\/product"}],"about":[{"href":"https:\/\/neuvee.com\/pl\/wp-json\/wp\/v2\/types\/product"}],"replies":[{"embeddable":true,"href":"https:\/\/neuvee.com\/pl\/wp-json\/wp\/v2\/comments?post=665338"}],"wp:featuredmedia":[{"embeddable":true,"href":"https:\/\/neuvee.com\/pl\/wp-json\/wp\/v2\/media\/665545"}],"wp:attachment":[{"href":"https:\/\/neuvee.com\/pl\/wp-json\/wp\/v2\/media?parent=665338"}],"wp:term":[{"taxonomy":"product_cat","embeddable":true,"href":"https:\/\/neuvee.com\/pl\/wp-json\/wp\/v2\/product_cat?post=665338"},{"taxonomy":"product_tag","embeddable":true,"href":"https:\/\/neuvee.com\/pl\/wp-json\/wp\/v2\/product_tag?post=665338"}],"curies":[{"name":"wp","href":"https:\/\/api.w.org\/{rel}","templated":true}]}}