{"id":665331,"date":"2023-07-08T19:18:40","date_gmt":"2023-07-08T19:18:40","guid":{"rendered":"https:\/\/neuvee.com\/?post_type=product&#038;p=665331"},"modified":"2025-05-19T14:16:40","modified_gmt":"2025-05-19T14:16:40","slug":"beyond-two-souls-7","status":"publish","type":"product","link":"https:\/\/neuvee.com\/pl\/product\/beyond-two-souls-7\/","title":{"rendered":"BEYOND: TWO SOULS"},"content":{"rendered":"<p>Triple &#8211; Talent i&nbsp;ca\u0142a historia zapewnia do\u015bwiadczenie gry wideo, jakiego jeszcze nigdy nie mia\u0142e\u015b.<br \/>\nPRZE\u017bYJ NADZWYCZAJNE \u017bYCIE: JEDNO \u017bYCIE, DWIE DUSZE<\/p>\n<p>Unikatowy, psychologiczny thriller akcji z&nbsp;udzia\u0142em aktor\u00f3w klasy A z&nbsp;Hollywood Ellen Page oraz&nbsp;Willem Dafoe, Beyond: Two SoulsTM przenosi Ciebie w ekscytuj\u0105c\u0105 podr\u00f3\u017c po ca\u0142ym \u015bwiecie, podczas gdy odtwarzasz niesamowite \u017cycie Jodie Holmes.<\/p>\n<p>Jodie, kontaktuj\u0105ca si\u0119 od urodzenia z&nbsp;tajemnicz\u0105 jednostk\u0105 o&nbsp;niesamowitych mocach, jest inna.<\/p>\n<p>Twoje dzia\u0142ania okre\u015bl\u0105 jej los, kiedy stawia czo\u0142a nadzwyczajnym wyzwaniom, niebezpiecze\u0144stwom i&nbsp;rozdzieraj\u0105cej serce stracie w podr\u00f3\u017cy ku poznaniu prawdy kim ona naprawd\u0119 jest.<\/p>\n<p>Utw\u00f3rz pe\u0142n\u0105 akcji histori\u0119 przy pomocy wybor\u00f3w i&nbsp;dzia\u0142a\u0144, kiedy wcielasz si\u0119 w Jodie &#8211; dziewczyn\u0119 maj\u0105c\u0105 od urodzenia kontakt z&nbsp;jednostk\u0105 nadprzyrodzon\u0105 o&nbsp;imieniu Aiden.<\/p>\n<p>Wcielaj\u0105c si\u0119 zar\u00f3wno w Jodie, jak i&nbsp;w Aidena, staniesz przed spektakularnymi wyzwaniami fizycznymi i&nbsp;psychologicznymi, aby zrozumie\u0107 co naprawd\u0119 kryje si\u0119&#8230; po drugiej stronie.<\/p>\n<p>PRZETESTUJ SWOJE UMIEJ\u0118TNO\u015aCI &#8222;ZAAWANSOWANYMI DO\u015aWIADCZENIAMI&#8221;<br \/>\nOryginalna misja DLC z&nbsp;wersji na PlaystationTM zawarta jest te\u017c w pe\u0142nej grze komputerowej. Mo\u017cna przej\u015b\u0107 ca\u0142\u0105 gr\u0119 w dw\u00f3ch trybach trudno\u015bci oraz&nbsp;w trybie Solo i&nbsp;Duet.<br \/>\nODTWARZAJ HISTORI\u0118 TAK, JAK CHCESZ<br \/>\nKolejno\u015b\u0107 filmowa czy chronologiczna? Wybierz spos\u00f3b, w jaki chcesz przej\u015b\u0107 przez gr\u0119, a&nbsp;nawet graj w trybie wsp\u00f3\u0142pracy lokalnej i&nbsp;przy pomocy dw\u00f3ch r\u00f3\u017cnych sterownik\u00f3w dla ka\u017cdego gracza &#8211; jeden jako Jodie, a&nbsp;drugi jako Aiden. Graj jak chcesz.<br \/>\nPE\u0141NA OPTYMALIZACJA NA KOMPUTER PC<br \/>\nBeyond: Two Souls ma ju\u017c wersj\u0119 komputerow\u0105 z&nbsp;fantastyczn\u0105 grafik\u0105, w\u0142\u0105cznie z&nbsp;rozdzielczo\u015bci\u0105 4K, kompatybilno\u015bci\u0105 z&nbsp;szerokim ekranem 21:9 oraz&nbsp;cz\u0119stotliwo\u015bci\u0105 wy\u015bwietlania klatek 60 fps.<\/p>\n<p><\/p>","protected":false},"excerpt":{"rendered":"<p>Triple &#8211; Talent i&nbsp;ca\u0142a historia zapewnia do\u015bwiadczenie gry wideo, jakiego jeszcze nigdy nie mia\u0142e\u015b. PRZE\u017bYJ NADZWYCZAJNE \u017bYCIE: JEDNO \u017bYCIE, DWIE DUSZE Unikatowy, psychologiczny thriller akcji z&nbsp;udzia\u0142em aktor\u00f3w klasy A z&nbsp;Hollywood Ellen Page oraz&nbsp;Willem Dafoe, Beyond: Two SoulsTM przenosi Ciebie w ekscytuj\u0105c\u0105 podr\u00f3\u017c po ca\u0142ym \u015bwiecie, podczas gdy odtwarzasz niesamowite \u017cycie Jodie Holmes. Jodie, kontaktuj\u0105ca si\u0119 [&hellip;]<\/p>\n","protected":false},"featured_media":668000,"comment_status":"closed","ping_status":"closed","template":"","meta":{"ub_ctt_via":""},"product_cat":[227],"product_tag":[218],"class_list":["post-665331","product","type-product","status-publish","has-post-thumbnail","hentry","product_cat-action-adventure","product_tag-games","platform-steam-works"],"_links":{"self":[{"href":"https:\/\/neuvee.com\/pl\/wp-json\/wp\/v2\/product\/665331","targetHints":{"allow":["GET"]}}],"collection":[{"href":"https:\/\/neuvee.com\/pl\/wp-json\/wp\/v2\/product"}],"about":[{"href":"https:\/\/neuvee.com\/pl\/wp-json\/wp\/v2\/types\/product"}],"replies":[{"embeddable":true,"href":"https:\/\/neuvee.com\/pl\/wp-json\/wp\/v2\/comments?post=665331"}],"wp:featuredmedia":[{"embeddable":true,"href":"https:\/\/neuvee.com\/pl\/wp-json\/wp\/v2\/media\/668000"}],"wp:attachment":[{"href":"https:\/\/neuvee.com\/pl\/wp-json\/wp\/v2\/media?parent=665331"}],"wp:term":[{"taxonomy":"product_cat","embeddable":true,"href":"https:\/\/neuvee.com\/pl\/wp-json\/wp\/v2\/product_cat?post=665331"},{"taxonomy":"product_tag","embeddable":true,"href":"https:\/\/neuvee.com\/pl\/wp-json\/wp\/v2\/product_tag?post=665331"}],"curies":[{"name":"wp","href":"https:\/\/api.w.org\/{rel}","templated":true}]}}