{"id":665297,"date":"2023-07-08T19:03:31","date_gmt":"2023-07-08T19:03:31","guid":{"rendered":"https:\/\/neuvee.com\/?post_type=product&#038;p=665297"},"modified":"2025-05-19T13:41:12","modified_gmt":"2025-05-19T13:41:12","slug":"among-the-sleep-enhanced-edition-5","status":"publish","type":"product","link":"https:\/\/neuvee.com\/pl\/product\/among-the-sleep-enhanced-edition-5\/","title":{"rendered":"AMONG THE SLEEP &#8211; ENHANCED EDITION"},"content":{"rendered":"<p>Enhanced Edition<br \/>\nAmong the Sleep to ceniony horror przygodowy, w kt\u00f3rym gracz wciela si\u0119 w rol\u0119 dziecka i&nbsp;wyrusza na poszukiwanie mamy, gdy niepokoj\u0105ce odg\u0142osy budz\u0105 go ze snu w \u015brodku nocy.\u00a0<\/p>\n<p>Among the Sleep: Enhanced Edition zawiera udoskonalon\u0105 opraw\u0119 graficzn\u0105, dost\u0119pny w grze artbook i&nbsp;\u015bcie\u017ck\u0119 d\u017awi\u0119kow\u0105 w formie cyfrowej, mo\u017cliwo\u015b\u0107 wyboru pi\u017camy, lepsze zagadki, urozmaicon\u0105 rozgrywk\u0119, nowe dialogi oraz&nbsp;zupe\u0142nie nowy poziom-muzeum, w kt\u00f3rym gracz mo\u017ce pozna\u0107 kulisy Among the Sleep i&nbsp;zobaczy\u0107 nieopublikowane dotychczas filmy i&nbsp;grafiki wyci\u0119te z&nbsp;oficjalnej wersji gry.<\/p>\n<p>Among the Sleep to psychologiczny horror, w kt\u00f3rym gra si\u0119 postaci\u0105 dwuletniego dziecka. Mo\u017cesz spojrze\u0107 na \u015bwiat oczyma dziecka z&nbsp;\u017cyw\u0105, cho\u0107 czasami przera\u017caj\u0105c\u0105, wyobra\u017ani\u0105. Pewnego dnia budzisz si\u0119 w ciemnym i&nbsp;pustym domu. Zaczynasz szuka\u0107 mamy, ale nigdzie jej nie ma. Trafiasz jednak&nbsp;na pluszowego misia, kt\u00f3ry twierdzi, \u017ce co\u015b tu nie gra. Musisz si\u0119 dowiedzie\u0107, co.<\/p>\n<p><\/p>","protected":false},"excerpt":{"rendered":"<p>Enhanced Edition Among the Sleep to ceniony horror przygodowy, w kt\u00f3rym gracz wciela si\u0119 w rol\u0119 dziecka i&nbsp;wyrusza na poszukiwanie mamy, gdy niepokoj\u0105ce odg\u0142osy budz\u0105 go ze snu w \u015brodku nocy.\u00a0 Among the Sleep: Enhanced Edition zawiera udoskonalon\u0105 opraw\u0119 graficzn\u0105, dost\u0119pny w grze artbook i&nbsp;\u015bcie\u017ck\u0119 d\u017awi\u0119kow\u0105 w formie cyfrowej, mo\u017cliwo\u015b\u0107 wyboru pi\u017camy, lepsze zagadki, urozmaicon\u0105 [&hellip;]<\/p>\n","protected":false},"featured_media":667334,"comment_status":"closed","ping_status":"closed","template":"","meta":{"ub_ctt_via":""},"product_cat":[258,127,221],"product_tag":[218],"class_list":["post-665297","product","type-product","status-publish","has-post-thumbnail","hentry","product_cat-horror","product_cat-adventure","product_cat-indie","product_tag-games","platform-steam-works"],"_links":{"self":[{"href":"https:\/\/neuvee.com\/pl\/wp-json\/wp\/v2\/product\/665297","targetHints":{"allow":["GET"]}}],"collection":[{"href":"https:\/\/neuvee.com\/pl\/wp-json\/wp\/v2\/product"}],"about":[{"href":"https:\/\/neuvee.com\/pl\/wp-json\/wp\/v2\/types\/product"}],"replies":[{"embeddable":true,"href":"https:\/\/neuvee.com\/pl\/wp-json\/wp\/v2\/comments?post=665297"}],"wp:featuredmedia":[{"embeddable":true,"href":"https:\/\/neuvee.com\/pl\/wp-json\/wp\/v2\/media\/667334"}],"wp:attachment":[{"href":"https:\/\/neuvee.com\/pl\/wp-json\/wp\/v2\/media?parent=665297"}],"wp:term":[{"taxonomy":"product_cat","embeddable":true,"href":"https:\/\/neuvee.com\/pl\/wp-json\/wp\/v2\/product_cat?post=665297"},{"taxonomy":"product_tag","embeddable":true,"href":"https:\/\/neuvee.com\/pl\/wp-json\/wp\/v2\/product_tag?post=665297"}],"curies":[{"name":"wp","href":"https:\/\/api.w.org\/{rel}","templated":true}]}}