{"id":662974,"date":"2023-06-27T12:23:38","date_gmt":"2023-06-27T12:23:38","guid":{"rendered":"https:\/\/neuvee.com\/?post_type=product&#038;p=662974"},"modified":"2025-05-19T13:56:53","modified_gmt":"2025-05-19T13:56:53","slug":"whispering-willows","status":"publish","type":"product","link":"https:\/\/neuvee.com\/pl\/product\/whispering-willows\/","title":{"rendered":"WHISPERING WILLOWS"},"content":{"rendered":"<p>M\u0142oda Elena Elkhorn wyrusza w podr\u00f3\u017c, aby odnale\u017a\u0107 zaginionego ojca i&nbsp;odkry\u0107 tajemnice Gmachu Willows. Pomoc\u0105 w podr\u00f3\u017cy jest wyj\u0105tkowy amulet, kt\u00f3rego dosta\u0142a od ojca i&nbsp;kt\u00f3ry pozwala jej wy\u015bwietli\u0107 astraln\u0105 projekcje w\u0142asnej duszy do upiornej sfery i&nbsp;komunikowa\u0107 si\u0119 z&nbsp;martwymi. Graj jako Elena, \u017ceby znale\u017a\u0107 zaginionego ojca, u\u017cyj swoje astralne projekcje do rozwi\u0105zania trik\u00f3w i&nbsp;zagadek gmachu, pom\u00f3\u017c pozostaj\u0105cym duszom i&nbsp;odkrywaj wiele wi\u0119cej w grze Whispering Willows.<\/p>\n<p>&#8211; Zanurz si\u0119 w pi\u0119knym, artystycznym \u015bwiecie 2-D w trakcie przemierzania terenu gmachu<br \/>\n&#8211; Pozw\u00f3l przera\u017caj\u0105cej muzyce i&nbsp;przeszywaj\u0105cym d\u017cwi\u0119kom zje\u017cy\u0107 w\u0142osy na twoim karku<br \/>\n&#8211; Pozw\u00f3l historii Gmachu Willows wci\u0105gn\u0105\u0107 ci\u0119 w fabu\u0142\u0119 pe\u0142n\u0105 zwrot\u00f3w akcji i&nbsp;zdrady<br \/>\n&#8211; Odkryj rozleg\u0142y gmach i&nbsp;rozszyfruj jego zagadkowe tajemnice podczas poszukiwania zaginionego ojca<\/p>","protected":false},"excerpt":{"rendered":"<p>M\u0142oda Elena Elkhorn wyrusza w podr\u00f3\u017c, aby odnale\u017a\u0107 zaginionego ojca i&nbsp;odkry\u0107 tajemnice Gmachu Willows. Pomoc\u0105 w podr\u00f3\u017cy jest wyj\u0105tkowy amulet, kt\u00f3rego dosta\u0142a od ojca i&nbsp;kt\u00f3ry pozwala jej wy\u015bwietli\u0107 astraln\u0105 projekcje w\u0142asnej duszy do upiornej sfery i&nbsp;komunikowa\u0107 si\u0119 z&nbsp;martwymi. Graj jako Elena, \u017ceby znale\u017a\u0107 zaginionego ojca, u\u017cyj swoje astralne projekcje do rozwi\u0105zania trik\u00f3w i&nbsp;zagadek gmachu, pom\u00f3\u017c [&hellip;]<\/p>\n","protected":false},"featured_media":664170,"comment_status":"closed","ping_status":"closed","template":"","meta":{"ub_ctt_via":""},"product_cat":[127,221],"product_tag":[218],"class_list":["post-662974","product","type-product","status-publish","has-post-thumbnail","hentry","product_cat-adventure","product_cat-indie","product_tag-games","platform-steam-works"],"_links":{"self":[{"href":"https:\/\/neuvee.com\/pl\/wp-json\/wp\/v2\/product\/662974","targetHints":{"allow":["GET"]}}],"collection":[{"href":"https:\/\/neuvee.com\/pl\/wp-json\/wp\/v2\/product"}],"about":[{"href":"https:\/\/neuvee.com\/pl\/wp-json\/wp\/v2\/types\/product"}],"replies":[{"embeddable":true,"href":"https:\/\/neuvee.com\/pl\/wp-json\/wp\/v2\/comments?post=662974"}],"wp:featuredmedia":[{"embeddable":true,"href":"https:\/\/neuvee.com\/pl\/wp-json\/wp\/v2\/media\/664170"}],"wp:attachment":[{"href":"https:\/\/neuvee.com\/pl\/wp-json\/wp\/v2\/media?parent=662974"}],"wp:term":[{"taxonomy":"product_cat","embeddable":true,"href":"https:\/\/neuvee.com\/pl\/wp-json\/wp\/v2\/product_cat?post=662974"},{"taxonomy":"product_tag","embeddable":true,"href":"https:\/\/neuvee.com\/pl\/wp-json\/wp\/v2\/product_tag?post=662974"}],"curies":[{"name":"wp","href":"https:\/\/api.w.org\/{rel}","templated":true}]}}