{"id":662880,"date":"2023-06-27T12:15:20","date_gmt":"2023-06-27T12:15:20","guid":{"rendered":"https:\/\/neuvee.com\/?post_type=product&#038;p=662880"},"modified":"2025-05-19T14:19:30","modified_gmt":"2025-05-19T14:19:30","slug":"west-of-dead-3","status":"publish","type":"product","link":"https:\/\/neuvee.com\/pl\/product\/west-of-dead-3\/","title":{"rendered":"WEST OF DEAD"},"content":{"rendered":"<p>Purgatory, stan Wyoming, 1888 r.<br \/>\nMiejsce opanowane przez mrok, dym z&nbsp;rewolwer\u00f3w, grzech, pot\u0119pienie, wendigo i&nbsp;wied\u017amy. To nieustannie zmieniaj\u0105cy si\u0119, pe\u0142en chaosu \u015bwiat kszta\u0142towany przez wspomnienia, kultur\u0119 i&nbsp;wierzenia w\u0119druj\u0105cych dusz. Gdy pewien nieboszczyk na powr\u00f3t budzi si\u0119 do \u017cycia, pami\u0119taj\u0105c jedynie posta\u0107 cz\u0142owieka w czerni, uruchamia si\u0119 ci\u0105g wydarze\u0144 z&nbsp;pogranicza mit\u00f3w i&nbsp;koszmar\u00f3w.<\/p>\n<p>Wcielasz si\u0119 w posta\u0107 nieboszczyka Williama Masona, kt\u00f3remu u\u017cyczy\u0142 g\u0142osu Ron Perlman. Wkraczasz do ponurego, bezlitosnego \u015bwiata miasteczka Purgatory w dynamicznej strzelance \u0142\u0105cz\u0105cej p\u0142ynno\u015b\u0107 gry na dwa dr\u0105\u017cki z&nbsp;taktycznym korzystaniem z&nbsp;przeszk\u00f3d. Twoje umiej\u0119tno\u015bci zostan\u0105 wystawione na prawdziw\u0105 pr\u00f3b\u0119! Kryj si\u0119 i&nbsp;likwiduj wrog\u00f3w w strzelaninach na niepowtarzalnych, losowo generowanych polach walki. Dziki Zach\u00f3d jeszcze nigdy nie by\u0142 tak mroczny.<\/p>\n<p><\/p>","protected":false},"excerpt":{"rendered":"<p>Purgatory, stan Wyoming, 1888 r. Miejsce opanowane przez mrok, dym z&nbsp;rewolwer\u00f3w, grzech, pot\u0119pienie, wendigo i&nbsp;wied\u017amy. To nieustannie zmieniaj\u0105cy si\u0119, pe\u0142en chaosu \u015bwiat kszta\u0142towany przez wspomnienia, kultur\u0119 i&nbsp;wierzenia w\u0119druj\u0105cych dusz. Gdy pewien nieboszczyk na powr\u00f3t budzi si\u0119 do \u017cycia, pami\u0119taj\u0105c jedynie posta\u0107 cz\u0142owieka w czerni, uruchamia si\u0119 ci\u0105g wydarze\u0144 z&nbsp;pogranicza mit\u00f3w i&nbsp;koszmar\u00f3w. Wcielasz si\u0119 w posta\u0107 [&hellip;]<\/p>\n","protected":false},"featured_media":664035,"comment_status":"closed","ping_status":"closed","template":"","meta":{"ub_ctt_via":""},"product_cat":[88,127],"product_tag":[218],"class_list":["post-662880","product","type-product","status-publish","has-post-thumbnail","hentry","product_cat-action","product_cat-adventure","product_tag-games","platform-steam-works"],"_links":{"self":[{"href":"https:\/\/neuvee.com\/pl\/wp-json\/wp\/v2\/product\/662880","targetHints":{"allow":["GET"]}}],"collection":[{"href":"https:\/\/neuvee.com\/pl\/wp-json\/wp\/v2\/product"}],"about":[{"href":"https:\/\/neuvee.com\/pl\/wp-json\/wp\/v2\/types\/product"}],"replies":[{"embeddable":true,"href":"https:\/\/neuvee.com\/pl\/wp-json\/wp\/v2\/comments?post=662880"}],"wp:featuredmedia":[{"embeddable":true,"href":"https:\/\/neuvee.com\/pl\/wp-json\/wp\/v2\/media\/664035"}],"wp:attachment":[{"href":"https:\/\/neuvee.com\/pl\/wp-json\/wp\/v2\/media?parent=662880"}],"wp:term":[{"taxonomy":"product_cat","embeddable":true,"href":"https:\/\/neuvee.com\/pl\/wp-json\/wp\/v2\/product_cat?post=662880"},{"taxonomy":"product_tag","embeddable":true,"href":"https:\/\/neuvee.com\/pl\/wp-json\/wp\/v2\/product_tag?post=662880"}],"curies":[{"name":"wp","href":"https:\/\/api.w.org\/{rel}","templated":true}]}}