{"id":662877,"date":"2023-06-27T12:14:07","date_gmt":"2023-06-27T12:14:07","guid":{"rendered":"https:\/\/neuvee.com\/?post_type=product&#038;p=662877"},"modified":"2025-05-19T13:31:39","modified_gmt":"2025-05-19T13:31:39","slug":"wattam-5","status":"publish","type":"product","link":"https:\/\/neuvee.com\/pl\/product\/wattam-5\/","title":{"rendered":"WATTAM"},"content":{"rendered":"<p>Wattam [\u02c8w\u00e4t-\u02c8t\u00e4m]<br \/>\nrzecz.<br \/>\nPo\u0142\u0105czenie japo\u0144skiego s\u0142owa \u201ewa\u201d i&nbsp;tamilskiego s\u0142owa \u201evattam\u201d. Oba s\u0142owa oznaczaj\u0105 k\u00f3\u0142ko.<\/p>\n<p>Burmistrz jest sam jak palec w krainie, kt\u00f3r\u0105 opanowa\u0142 mrok. Brak mu wspomnie\u0144 i&nbsp;jest zbyt smutny, aby u\u015bwiadomi\u0107 sobie, \u017ce jego drodzy przyjaciele wci\u0105\u017c s\u0105 w pobli\u017cu. Nieoczekiwane spotkanie sprawia jednak, \u017ce Burmistrz przypomina sobie rado\u015b\u0107 z&nbsp;trzymania si\u0119 za r\u0119ce z&nbsp;blisk\u0105 osob\u0105 i&nbsp;prze\u017cywania wsp\u00f3lnych przyg\u00f3d.<\/p>\n<p>Do\u0142\u0105cz do Burmistrza podczas jego spotka\u0144 ze starymi oraz&nbsp;zupe\u0142nie nowymi przyjaci\u00f3\u0142mi i&nbsp;pom\u00f3\u017c wszystkim odkry\u0107 na nowo zapomnian\u0105 rado\u015b\u0107. Kontroluj ca\u0142\u0105 mas\u0119 postaci \u2013 w pojedynk\u0119 lub&nbsp;w towarzystwie przyjaciela. Zmieniaj si\u0119 w owoce albo&nbsp;kupy, zdobywaj nowe szczyty, a&nbsp;tak\u017ce \u015bmiej si\u0119, p\u0142acz, potykaj na swej drodze i&nbsp;wreszcie szybuj ponad dziel\u0105cymi nas r\u00f3\u017cnicami, aby wszyscy na nowo byli razem. Naucz si\u0119 na nowo bawi\u0107!<\/p>\n<p><\/p>","protected":false},"excerpt":{"rendered":"<p>Wattam [\u02c8w\u00e4t-\u02c8t\u00e4m] rzecz. Po\u0142\u0105czenie japo\u0144skiego s\u0142owa \u201ewa\u201d i&nbsp;tamilskiego s\u0142owa \u201evattam\u201d. Oba s\u0142owa oznaczaj\u0105 k\u00f3\u0142ko. Burmistrz jest sam jak palec w krainie, kt\u00f3r\u0105 opanowa\u0142 mrok. Brak mu wspomnie\u0144 i&nbsp;jest zbyt smutny, aby u\u015bwiadomi\u0107 sobie, \u017ce jego drodzy przyjaciele wci\u0105\u017c s\u0105 w pobli\u017cu. Nieoczekiwane spotkanie sprawia jednak, \u017ce Burmistrz przypomina sobie rado\u015b\u0107 z&nbsp;trzymania si\u0119 za r\u0119ce z&nbsp;blisk\u0105 [&hellip;]<\/p>\n","protected":false},"featured_media":664642,"comment_status":"closed","ping_status":"closed","template":"","meta":{"ub_ctt_via":""},"product_cat":[127,223,221],"product_tag":[218],"class_list":["post-662877","product","type-product","status-publish","has-post-thumbnail","hentry","product_cat-adventure","product_cat-casual","product_cat-indie","product_tag-games","platform-steam-works"],"_links":{"self":[{"href":"https:\/\/neuvee.com\/pl\/wp-json\/wp\/v2\/product\/662877","targetHints":{"allow":["GET"]}}],"collection":[{"href":"https:\/\/neuvee.com\/pl\/wp-json\/wp\/v2\/product"}],"about":[{"href":"https:\/\/neuvee.com\/pl\/wp-json\/wp\/v2\/types\/product"}],"replies":[{"embeddable":true,"href":"https:\/\/neuvee.com\/pl\/wp-json\/wp\/v2\/comments?post=662877"}],"wp:featuredmedia":[{"embeddable":true,"href":"https:\/\/neuvee.com\/pl\/wp-json\/wp\/v2\/media\/664642"}],"wp:attachment":[{"href":"https:\/\/neuvee.com\/pl\/wp-json\/wp\/v2\/media?parent=662877"}],"wp:term":[{"taxonomy":"product_cat","embeddable":true,"href":"https:\/\/neuvee.com\/pl\/wp-json\/wp\/v2\/product_cat?post=662877"},{"taxonomy":"product_tag","embeddable":true,"href":"https:\/\/neuvee.com\/pl\/wp-json\/wp\/v2\/product_tag?post=662877"}],"curies":[{"name":"wp","href":"https:\/\/api.w.org\/{rel}","templated":true}]}}