{"id":662675,"date":"2023-06-27T11:37:22","date_gmt":"2023-06-27T11:37:22","guid":{"rendered":"https:\/\/neuvee.com\/?post_type=product&#038;p=662675"},"modified":"2025-05-19T14:36:28","modified_gmt":"2025-05-19T14:36:28","slug":"warhammer-40000-battlesector-necrons","status":"publish","type":"product","link":"https:\/\/neuvee.com\/pl\/product\/warhammer-40000-battlesector-necrons\/","title":{"rendered":"WARHAMMER 40,000: BATTLESECTOR &#8211; NECRONS"},"content":{"rendered":"<p>Przez sze\u015b\u0107dziesi\u0105t milion\u00f3w lat Nekroni drzemali w swoich grobowcach. Teraz przybywaj\u0105 do Battlesector!<br \/>\nZawarto\u015b\u0107 do pobrania z&nbsp;frakcj\u0105 Nekron\u00f3w wprowadza do gry Warhammer 40,000: Battlesector czterna\u015bcie nowych jednostek wraz z&nbsp;unikalnymi mechanizmami rozgrywki, broniami i&nbsp;umiej\u0119tno\u015bciami do walki o&nbsp;chwa\u0142\u0119 nekro\u0144skiego imperium.<br \/>\nDynastia \u017bywego Metalu<br \/>\nCi staro\u017cytni wojownicy s\u0105 obdarzeni cia\u0142ami z&nbsp;\u017cywego metalu i&nbsp;protoko\u0142ami reanimacji, kt\u00f3re pozwalaj\u0105 wskrzesza\u0107 poleg\u0142ych. S\u0105 bezlito\u015bni i&nbsp;zdeterminowani. Unikalny rozp\u0119du sprawia, \u017ce gra Nekronami ma niepowtarzalny charakter.<br \/>\nW\u0142adaj dynasti\u0105<br \/>\nPrzyw\u00f3dcy obejmuj\u0105 nekro\u0144skiego arcylorda, kt\u00f3rego protoko\u0142y dowodzenia wzmacniaj\u0105 okoliczne wojska; oraz&nbsp;pot\u0119\u017cnego plazmant\u0119, kt\u00f3ry zadaje ogromne obra\u017cenia i&nbsp;mo\u017ce sia\u0107 spustoszenie swoimi niszczycielskimi zdolno\u015bciami.<br \/>\nPanuj nad polem bitwy<br \/>\nNekromi maj\u0105 liczne narz\u0119dzia, kt\u00f3re u\u0142atwi\u0105 im dominacj\u0119 na polu bitwy. Wojownicy i&nbsp;nie\u015bmiertelni maszeruj\u0105 nieugi\u0119cie na przeciwnika, a&nbsp;niepokonani gwardzi\u015bci i&nbsp;elastyczni pretorianie Triumwiratu zapewniaj\u0105 mn\u00f3stwo taktycznych mo\u017cliwo\u015bci w ka\u017cdej sytuacji.<br \/>\nCelno\u015b\u0107 pi\u0119tn \u015bmierci i&nbsp;niszczycieli heksapi\u0119tna zmusi przeciwnik\u00f3w do szukania os\u0142ony. Natomiast pot\u0119\u017cna szar\u017ca niszczycieli Skorpekh prze\u0142amie nawet najsilniejsz\u0105 obron\u0119.<br \/>\nNies\u0142abn\u0105ce wsparcie<br \/>\nCi\u0119\u017ccy niszczyciele Lokhust prowadz\u0105 niszczycielskie ataki na polu bitwy, a&nbsp;barka unicestwienia niszczy wszystko na swojej drodze. U\u017cyj wszechstronnych ostrzy grobowca, aby wymanewrowa\u0107 s\u0142absze rasy, lub&nbsp;atakuj z&nbsp;powietrza kos\u0105 zag\u0142ady.<br \/>\nCECHY<br \/>\n\u2022 Nowa frakcja<br \/>\n\u2022 Czterna\u015bcie nowych jednostek<br \/>\n\u2022 Nowe zdolno\u015bci i&nbsp;nowi bohaterowie<\/p>\n<p><\/p>","protected":false},"excerpt":{"rendered":"<p>Przez sze\u015b\u0107dziesi\u0105t milion\u00f3w lat Nekroni drzemali w swoich grobowcach. Teraz przybywaj\u0105 do Battlesector! Zawarto\u015b\u0107 do pobrania z&nbsp;frakcj\u0105 Nekron\u00f3w wprowadza do gry Warhammer 40,000: Battlesector czterna\u015bcie nowych jednostek wraz z&nbsp;unikalnymi mechanizmami rozgrywki, broniami i&nbsp;umiej\u0119tno\u015bciami do walki o&nbsp;chwa\u0142\u0119 nekro\u0144skiego imperium. Dynastia \u017bywego Metalu Ci staro\u017cytni wojownicy s\u0105 obdarzeni cia\u0142ami z&nbsp;\u017cywego metalu i&nbsp;protoko\u0142ami reanimacji, kt\u00f3re pozwalaj\u0105 wskrzesza\u0107 poleg\u0142ych. [&hellip;]<\/p>\n","protected":false},"featured_media":664185,"comment_status":"closed","ping_status":"closed","template":"","meta":{"ub_ctt_via":""},"product_cat":[222],"product_tag":[218],"class_list":["post-662675","product","type-product","status-publish","has-post-thumbnail","hentry","product_cat-strategy","product_tag-games","platform-steam-works"],"_links":{"self":[{"href":"https:\/\/neuvee.com\/pl\/wp-json\/wp\/v2\/product\/662675","targetHints":{"allow":["GET"]}}],"collection":[{"href":"https:\/\/neuvee.com\/pl\/wp-json\/wp\/v2\/product"}],"about":[{"href":"https:\/\/neuvee.com\/pl\/wp-json\/wp\/v2\/types\/product"}],"replies":[{"embeddable":true,"href":"https:\/\/neuvee.com\/pl\/wp-json\/wp\/v2\/comments?post=662675"}],"wp:featuredmedia":[{"embeddable":true,"href":"https:\/\/neuvee.com\/pl\/wp-json\/wp\/v2\/media\/664185"}],"wp:attachment":[{"href":"https:\/\/neuvee.com\/pl\/wp-json\/wp\/v2\/media?parent=662675"}],"wp:term":[{"taxonomy":"product_cat","embeddable":true,"href":"https:\/\/neuvee.com\/pl\/wp-json\/wp\/v2\/product_cat?post=662675"},{"taxonomy":"product_tag","embeddable":true,"href":"https:\/\/neuvee.com\/pl\/wp-json\/wp\/v2\/product_tag?post=662675"}],"curies":[{"name":"wp","href":"https:\/\/api.w.org\/{rel}","templated":true}]}}