{"id":662644,"date":"2023-06-27T11:21:12","date_gmt":"2023-06-27T11:21:12","guid":{"rendered":"https:\/\/neuvee.com\/?post_type=product&#038;p=662644"},"modified":"2025-05-19T14:33:27","modified_gmt":"2025-05-19T14:33:27","slug":"turmoil-the-heat-is-on-2","status":"publish","type":"product","link":"https:\/\/neuvee.com\/pl\/product\/turmoil-the-heat-is-on-2\/","title":{"rendered":"TURMOIL &#8211; THE HEAT IS ON"},"content":{"rendered":"<p>Turmoil &#8211; The Heat Is On to nowa kampania z&nbsp;ogromn\u0105 ilo\u015bci\u0105 ropy do wydobycia i&nbsp;zamienienia na got\u00f3wk\u0119! Zaprojektowana w ten spos\u00f3b, aby\u015b m\u00f3g\u0142 poczu\u0107 si\u0119 jak w domu, jednocze\u015bnie oferuje mn\u00f3stwo nowych mechanizm\u00f3w i&nbsp;zabawnych funkcji. Oto czego mo\u017cesz si\u0119 spodziewa\u0107!<\/p>\n<p>&#8211; Nowe miasto (i burmistrz!) oraz&nbsp;nowa bogata w rop\u0119 mapa, podzielona na trzy obszary.<br \/>\n&#8211; Na ka\u017cdym obszarze wprowadzane s\u0105 nowe mechanizmy wiertnicze, zasilane przez podziemn\u0105 substancj\u0119: magm\u0119.<br \/>\n&#8211; Pojawi\u0105 si\u0119 r\u00f3wnie\u017c znajome twarze: Edward, Fred i&nbsp;William. W wagonach poci\u0105gowych maj\u0105 swoje towary, mo\u017cesz wi\u0119c&nbsp;b\u0142yskawicznie zaopatrzy\u0107 si\u0119 w sw\u00f3j ulubiony sprz\u0119t wiertniczy.<br \/>\n&#8211; Pojawi\u0142y si\u0119 r\u00f3wnie\u017c nowe postacie, jak Philip, kt\u00f3ry prowadzi podejrzan\u0105 gr\u0119 karcian\u0105 w knajpie.<br \/>\n&#8211; Jack jest r\u00f3wnie\u017c now\u0105 postaci\u0105, prowadzi on ze swojej szopy obs\u0142ug\u0119 narz\u0119dzi do magmy i&nbsp;lubi kurczaka.<br \/>\n&#8211; Powracaj\u0105c\u0105 postaci\u0105 jest r\u00f3wnie\u017c Anthony. Zamiast handlem diamentami, ma teraz sw\u00f3j w\u0142asny sklep, w kt\u00f3rym mo\u017cesz kupi\u0107 r\u00f3\u017cnego rodzaju podziemne skarby.<br \/>\n&#8211; Nowy burmistrz nie jest podobny do starego. Jego wskaz\u00f3wki s\u0105 darmowe i&nbsp;korzysta on z&nbsp;innego systemu aukcyjnego. Ale udzia\u0142y w dalszym ci\u0105gu kosztuj\u0105!<br \/>\n&#8211; Po wiosce w\u0142\u00f3czy si\u0119 r\u00f3wnie\u017c kot! Ale nie robi on nic specjalnego, w ko\u0144cu czego mo\u017cna si\u0119 spodziewa\u0107 po tych stworzeniach?<br \/>\n&#8211; A na koniec: kilka zupe\u0142nie nowych utwor\u00f3w muzycznych!<\/p>\n<p>Ewolucja<br \/>\nCz\u0119\u015b\u0107 tre\u015bci w The Heat Is On opartych jest na do\u015bwiadczeniach z&nbsp;Turmoil. Zauwa\u017cyli\u015bmy, \u017ce nie wszyscy gracze wykorzystywali pe\u0142ny potencja\u0142 naturalnego gazu. Dlatego obni\u017cyli\u015bmy poziom wej\u015bciowy do wykorzystywania gazu. Od samego pocz\u0105tku Left and Right Inc., b\u0119dzie posiada\u0107 wbudowane zdolno\u015bci pobierania gazu. Nie potrzebne s\u0105 d\u0142u\u017cej drogie aktualizacje, wysokie ceny ropy dla wszystkich! Og\u00f3lnie, wydobycie gazu sta\u0142o si\u0119 o&nbsp;wiele prostsze. Do\u015bwiadczeni gracze nie powinni si\u0119 jednak&nbsp;obawia\u0107, \u017ce gra jest zbyt \u0142atwa. Granie w wydobywanie, w dalszym ci\u0105gu polega na podejmowaniu m\u0105drych decyzji pod presj\u0105 czasu, zw\u0142aszcza na ostatnim obszarze!<br \/>\nMetagame w tej nowej kampanii-DLC oferuje wi\u0119cej g\u0142\u0119bi. Zamiast diament\u00f3w, dost\u0119pnych jest 9 podziemnych skarb\u00f3w. Zebranie ich wszystkich (poprzez handel i&nbsp;wydobycie) oferuje wspania\u0142e korzy\u015bci. Opr\u00f3cz tego, wioska oferuj nawet wi\u0119cej rzeczy takich, jak granie w karty na pieni\u0105dze. <\/p>\n<p>Stworzenie The Heat Is On sprawi\u0142o nam wiele rado\u015bci, mamy nadziej\u0119, \u017ce b\u0119dziesz si\u0119 r\u00f3wnie \u015bwietnie bawi\u0107 podczas gry!<\/p>\n<p><\/p>","protected":false},"excerpt":{"rendered":"<p>Turmoil &#8211; The Heat Is On to nowa kampania z&nbsp;ogromn\u0105 ilo\u015bci\u0105 ropy do wydobycia i&nbsp;zamienienia na got\u00f3wk\u0119! Zaprojektowana w ten spos\u00f3b, aby\u015b m\u00f3g\u0142 poczu\u0107 si\u0119 jak w domu, jednocze\u015bnie oferuje mn\u00f3stwo nowych mechanizm\u00f3w i&nbsp;zabawnych funkcji. Oto czego mo\u017cesz si\u0119 spodziewa\u0107! &#8211; Nowe miasto (i burmistrz!) oraz&nbsp;nowa bogata w rop\u0119 mapa, podzielona na trzy obszary. &#8211; [&hellip;]<\/p>\n","protected":false},"featured_media":663068,"comment_status":"closed","ping_status":"closed","template":"","meta":{"ub_ctt_via":""},"product_cat":[78,222],"product_tag":[218],"class_list":["post-662644","product","type-product","status-publish","has-post-thumbnail","hentry","product_cat-simulation","product_cat-strategy","product_tag-games","platform-steam-works"],"_links":{"self":[{"href":"https:\/\/neuvee.com\/pl\/wp-json\/wp\/v2\/product\/662644","targetHints":{"allow":["GET"]}}],"collection":[{"href":"https:\/\/neuvee.com\/pl\/wp-json\/wp\/v2\/product"}],"about":[{"href":"https:\/\/neuvee.com\/pl\/wp-json\/wp\/v2\/types\/product"}],"replies":[{"embeddable":true,"href":"https:\/\/neuvee.com\/pl\/wp-json\/wp\/v2\/comments?post=662644"}],"wp:featuredmedia":[{"embeddable":true,"href":"https:\/\/neuvee.com\/pl\/wp-json\/wp\/v2\/media\/663068"}],"wp:attachment":[{"href":"https:\/\/neuvee.com\/pl\/wp-json\/wp\/v2\/media?parent=662644"}],"wp:term":[{"taxonomy":"product_cat","embeddable":true,"href":"https:\/\/neuvee.com\/pl\/wp-json\/wp\/v2\/product_cat?post=662644"},{"taxonomy":"product_tag","embeddable":true,"href":"https:\/\/neuvee.com\/pl\/wp-json\/wp\/v2\/product_tag?post=662644"}],"curies":[{"name":"wp","href":"https:\/\/api.w.org\/{rel}","templated":true}]}}