{"id":662643,"date":"2023-06-27T11:19:38","date_gmt":"2023-06-27T11:19:38","guid":{"rendered":"https:\/\/neuvee.com\/?post_type=product&#038;p=662643"},"modified":"2025-05-19T13:57:48","modified_gmt":"2025-05-19T13:57:48","slug":"turmoil-gamious-2","status":"publish","type":"product","link":"https:\/\/neuvee.com\/pl\/product\/turmoil-gamious-2\/","title":{"rendered":"TURMOIL (GAMIOUS)"},"content":{"rendered":"<p>Turmoil oferuje graczom wizualnie urzekaj\u0105c\u0105 gr\u0119 symulacyjn\u0105 z&nbsp;przymru\u017ceniem oka, inspirowan\u0105 gor\u0105czk\u0105 naftow\u0105 z&nbsp;XIX wieku w Ameryce P\u00f3\u0142nocnej. Poczuj smak rywalizacji i&nbsp;gor\u0105czki tych czas\u00f3w, gdy zarabiasz pieni\u0105dze, aby sta\u0107 si\u0119 odnosz\u0105cym sukcesy przedsi\u0119biorc\u0105. Podczas gdy zarabiasz pieni\u0105dze, kopi\u0105c i&nbsp;sprzedaj\u0105c rop\u0119, miasteczko b\u0119dzie si\u0119 rozwija\u0142o razem z&nbsp;Tob\u0105.<\/p>\n<p>Wydzier\u017caw teren na aukcji w miasteczku i&nbsp;szukaj ropy. Zbuduj szyb naftowy, utw\u00f3rz sie\u0107 ruroci\u0105g\u00f3w i&nbsp;wydob\u0105d\u017a rop\u0119, aby przechowywa\u0107 j\u0105 w zbiornikach. Sprzedaj rop\u0119 w najlepszym momencie, aby zmaksymalizowa\u0107 swoje zyski. Nast\u0119pnie kup niezb\u0119dne ulepszenia w miasteczku, aby radzi\u0107 sobie ze ska\u0142ami, gazem i&nbsp;lodem. Zdob\u0105d\u017a wi\u0119cej udzia\u0142\u00f3w w miasteczku ni\u017c Twoi rywale, aby sta\u0107 si\u0119 nowym burmistrzem.<\/p>\n<p>&#8211; Kampania, w kt\u00f3rej budujesz swoj\u0105 karier\u0119 barona naftowego od zera i&nbsp;pokujesz swoich rywali.<br \/>\n&#8211; Dziesi\u0105tki ulepsze\u0144 i&nbsp;nowych narz\u0119dzi, aby poprawi\u0107 Twoje operacje wydobywania ropy naftowej.<br \/>\n&#8211; Spotkaj ludzi z&nbsp;miasteczka w saloonie i&nbsp;r\u00f3b z&nbsp;nimi szemrane interesy.<br \/>\n&#8211; Graj w trybie gry pojedynczej, aby wej\u015b\u0107 na jeden z&nbsp;dos\u0142ownie milion\u00f3w wygenerowanych proceduralnie poziom\u00f3w i&nbsp;zar\u00f3b najwi\u0119cej jak mo\u017cesz w ci\u0105gu jednego roku.<br \/>\n&#8211; Osi\u0105gni\u0119cia Steam, odznaki, karty kolekcjonerskie i&nbsp;zapisywanie w chmurze.<br \/>\n&#8211; Wydzier\u017c teren na aukcji w miasteczku i&nbsp;szukaj ropy naftowej za pomoc\u0105 radiestety, kreta lub&nbsp;skanera.<br \/>\n&#8211; Zmaksymalizuj zyski, wykorzystuj\u0105c gaz ziemny w celu podniesienia cen ropy.<br \/>\n&#8211; Przelicytuj rywali na aukcji papier\u00f3w warto\u015bciowych.<\/p>\n<p><\/p>","protected":false},"excerpt":{"rendered":"<p>Turmoil oferuje graczom wizualnie urzekaj\u0105c\u0105 gr\u0119 symulacyjn\u0105 z&nbsp;przymru\u017ceniem oka, inspirowan\u0105 gor\u0105czk\u0105 naftow\u0105 z&nbsp;XIX wieku w Ameryce P\u00f3\u0142nocnej. Poczuj smak rywalizacji i&nbsp;gor\u0105czki tych czas\u00f3w, gdy zarabiasz pieni\u0105dze, aby sta\u0107 si\u0119 odnosz\u0105cym sukcesy przedsi\u0119biorc\u0105. Podczas gdy zarabiasz pieni\u0105dze, kopi\u0105c i&nbsp;sprzedaj\u0105c rop\u0119, miasteczko b\u0119dzie si\u0119 rozwija\u0142o razem z&nbsp;Tob\u0105. Wydzier\u017caw teren na aukcji w miasteczku i&nbsp;szukaj ropy. Zbuduj szyb [&hellip;]<\/p>\n","protected":false},"featured_media":664341,"comment_status":"closed","ping_status":"closed","template":"","meta":{"ub_ctt_via":""},"product_cat":[78,222],"product_tag":[218],"class_list":["post-662643","product","type-product","status-publish","has-post-thumbnail","hentry","product_cat-simulation","product_cat-strategy","product_tag-games","platform-steam-works"],"_links":{"self":[{"href":"https:\/\/neuvee.com\/pl\/wp-json\/wp\/v2\/product\/662643","targetHints":{"allow":["GET"]}}],"collection":[{"href":"https:\/\/neuvee.com\/pl\/wp-json\/wp\/v2\/product"}],"about":[{"href":"https:\/\/neuvee.com\/pl\/wp-json\/wp\/v2\/types\/product"}],"replies":[{"embeddable":true,"href":"https:\/\/neuvee.com\/pl\/wp-json\/wp\/v2\/comments?post=662643"}],"wp:featuredmedia":[{"embeddable":true,"href":"https:\/\/neuvee.com\/pl\/wp-json\/wp\/v2\/media\/664341"}],"wp:attachment":[{"href":"https:\/\/neuvee.com\/pl\/wp-json\/wp\/v2\/media?parent=662643"}],"wp:term":[{"taxonomy":"product_cat","embeddable":true,"href":"https:\/\/neuvee.com\/pl\/wp-json\/wp\/v2\/product_cat?post=662643"},{"taxonomy":"product_tag","embeddable":true,"href":"https:\/\/neuvee.com\/pl\/wp-json\/wp\/v2\/product_tag?post=662643"}],"curies":[{"name":"wp","href":"https:\/\/api.w.org\/{rel}","templated":true}]}}