{"id":662576,"date":"2023-06-27T11:06:45","date_gmt":"2023-06-27T11:06:45","guid":{"rendered":"https:\/\/neuvee.com\/?post_type=product&#038;p=662576"},"modified":"2025-05-19T14:35:52","modified_gmt":"2025-05-19T14:35:52","slug":"townscaper-3","status":"publish","type":"product","link":"https:\/\/neuvee.com\/pl\/product\/townscaper-3\/","title":{"rendered":"TOWNSCAPER"},"content":{"rendered":"<p>Buduj zwariowane miasta z&nbsp;zakrzywionymi ulicami. Stawiaj ma\u0142e wioski, ogromne katedry, sieci kana\u0142\u00f3w, albo&nbsp;drapacze chmur oparte na wysokich palach &#8211; kawa\u0142ek po kawa\u0142ku.<\/p>\n<p>Bez celu. Bez zb\u0119dnych ceregieli. Po prostu rado\u015b\u0107 budowania i&nbsp;du\u017co pi\u0119kna. Tyle!<\/p>\n<p>Townscaper to eksperymentalny, pasjonacki projekt. W zasadzie bardziej zabawka ni\u017c gra. Wybierz kilka kolor\u00f3w z&nbsp;palety, u\u0142\u00f3\u017c barwne fragmenty budynk\u00f3w na nieregularnej siatce i&nbsp;patrz jak algorytmy, kt\u00f3re drzemi\u0105 w Townscaper automatycznie zamieniaj\u0105 te kawa\u0142ki w pi\u0119kne miasta, \u0142uki, schody, mosty i&nbsp;bujne ogr\u00f3dki &#8211; wszystko w zale\u017cno\u015bci od ich u\u0142o\u017cenia.<\/p>\n<p><\/p>","protected":false},"excerpt":{"rendered":"<p>Buduj zwariowane miasta z&nbsp;zakrzywionymi ulicami. Stawiaj ma\u0142e wioski, ogromne katedry, sieci kana\u0142\u00f3w, albo&nbsp;drapacze chmur oparte na wysokich palach &#8211; kawa\u0142ek po kawa\u0142ku. Bez celu. Bez zb\u0119dnych ceregieli. Po prostu rado\u015b\u0107 budowania i&nbsp;du\u017co pi\u0119kna. Tyle! Townscaper to eksperymentalny, pasjonacki projekt. W zasadzie bardziej zabawka ni\u017c gra. Wybierz kilka kolor\u00f3w z&nbsp;palety, u\u0142\u00f3\u017c barwne fragmenty budynk\u00f3w na nieregularnej [&hellip;]<\/p>\n","protected":false},"featured_media":663931,"comment_status":"closed","ping_status":"closed","template":"","meta":{"ub_ctt_via":""},"product_cat":[78],"product_tag":[218],"class_list":["post-662576","product","type-product","status-publish","has-post-thumbnail","hentry","product_cat-simulation","product_tag-games","platform-steam-works"],"_links":{"self":[{"href":"https:\/\/neuvee.com\/pl\/wp-json\/wp\/v2\/product\/662576","targetHints":{"allow":["GET"]}}],"collection":[{"href":"https:\/\/neuvee.com\/pl\/wp-json\/wp\/v2\/product"}],"about":[{"href":"https:\/\/neuvee.com\/pl\/wp-json\/wp\/v2\/types\/product"}],"replies":[{"embeddable":true,"href":"https:\/\/neuvee.com\/pl\/wp-json\/wp\/v2\/comments?post=662576"}],"wp:featuredmedia":[{"embeddable":true,"href":"https:\/\/neuvee.com\/pl\/wp-json\/wp\/v2\/media\/663931"}],"wp:attachment":[{"href":"https:\/\/neuvee.com\/pl\/wp-json\/wp\/v2\/media?parent=662576"}],"wp:term":[{"taxonomy":"product_cat","embeddable":true,"href":"https:\/\/neuvee.com\/pl\/wp-json\/wp\/v2\/product_cat?post=662576"},{"taxonomy":"product_tag","embeddable":true,"href":"https:\/\/neuvee.com\/pl\/wp-json\/wp\/v2\/product_tag?post=662576"}],"curies":[{"name":"wp","href":"https:\/\/api.w.org\/{rel}","templated":true}]}}