{"id":662568,"date":"2023-06-27T11:01:47","date_gmt":"2023-06-27T11:01:47","guid":{"rendered":"https:\/\/neuvee.com\/?post_type=product&#038;p=662568"},"modified":"2025-05-19T13:31:25","modified_gmt":"2025-05-19T13:31:25","slug":"toasterball-4","status":"publish","type":"product","link":"https:\/\/neuvee.com\/pl\/product\/toasterball-4\/","title":{"rendered":"TOASTERBALL"},"content":{"rendered":"<p>Pi\u0142ka, dwie bramki i&#8230; tostery! Witamy w \u015bwiecie Toasterball.<\/p>\n<p>Toasterball to sportowa gra multiplayer wykorzystuj\u0105ca fizyk\u0119, kt\u00f3rej zasad \u0142atwo si\u0119 nauczy\u0107 i&nbsp;kt\u00f3ra \u015bwietnie nadaje si\u0119 na wieczory na kanapie z&nbsp;przyjaci\u00f3\u0142mi (to gra dla 1-4 graczy z&nbsp;lokalnym trybem wieloosobowym). Poniewa\u017c gracze wcielaj\u0105 si\u0119 w tostery, mo\u017cna si\u0119 spodziewa\u0107 chaosu, nietypowych sytuacji, zagro\u017cenia pora\u017ceniem pr\u0105dem, i&nbsp;wi\u0119kszej liczby przypalonych tost\u00f3w ni\u017c mo\u017cesz sobie wyobrazi\u0107. Specjalne umiej\u0119tno\u015bci i&nbsp;bogaty wyb\u00f3r wariant\u00f3w gry zapewni ci zabaw\u0119 na wiele godzin.<\/p>\n<p>\u0141atwo si\u0119 gra, trudno zosta\u0107 mistrzem<br \/>\nZasady Toasterball s\u0105 bardzo proste: przytrzymaj przez kr\u00f3tki czas jeden z&nbsp;dw\u00f3ch przycisk\u00f3w na twoim tosterze, pu\u015b\u0107 go\u2026 i&nbsp;voil\u00e0! Im d\u0142u\u017cej go naciskasz, tym wy\u017cej poleci tw\u00f3j tost. Ka\u017cde wyrzucenie tostu sprawi te\u017c, \u017ce skoczysz, pozwalaj\u0105c ci skaka\u0107 po boisku i&nbsp;wpycha\u0107 przeciwnika w trudne sytuacje. Im wi\u0119cej b\u0119dziesz gra\u0107, tym wi\u0119cej odkryjesz profesjonalnych posuni\u0119\u0107, takich jak podw\u00f3jny skok czy zab\u00f3jczy TURBOFIKO\u0141EK!<\/p>\n<p>Niespodziewane warianty<br \/>\nPo ka\u017cdym golu wybierany jest losowy wariant rozgrywki. Nowe zachowania pi\u0142ki, ka\u0142u\u017ce lawy, portale, ruchome platformy, eksplozje&#8230; \u017badne dwa mecze nie s\u0105 takie same! Gra zawiera 24 unikatowe warianty, nie licz\u0105c opcji takich jak zmiana rozmiaru toster\u00f3w czy liczby tost\u00f3w, co daje jeszcze wi\u0119cej mo\u017cliwo\u015bci.<\/p>\n<p>Kultowe mapy<br \/>\nOdwied\u017a 5 wyj\u0105tkowych obszar\u00f3w gry: legendarny stadion Toasterball Arena, tajemnicz\u0105 d\u017cungl\u0119 Panachado Forest, zabytkowe ulice Breadington Square, majestatyczny zamek w wiosce Tartembourg i&nbsp;ciep\u0142e pla\u017ce Porto Rada.<\/p>\n<p>Tostery SI<br \/>\nPoznaj Beepa, Boopa i&nbsp;Bleep-Bloopa, tostery SI nowej generacji. Dodaj je do swoich meczy, by wype\u0142ni\u0107 puste miejsce w dru\u017cynie, albo&nbsp;by gra\u0107 w trybie dla jednego gracza!<\/p>\n<p>Niestandardowe mecze<br \/>\nUruchom tryb niestandardowy, by wybra\u0107 dowoln\u0105 kombinacj\u0119 wariant\u00f3w i&nbsp;map. Mo\u017cesz zmieni\u0107 ich kolejno\u015b\u0107, gra\u0107 miniaturowymi tosterami lub&nbsp;bez tost\u00f3w, a&nbsp;nawet dostosowa\u0107 podstawowe zasady gry, na przyk\u0142ad to, ile uderze\u0144 jest koniecznych, by zniszczy\u0107 drzwi do bramki, ile obra\u017ce\u0144 wytrzyma toster, albo&nbsp;ile punkt\u00f3w jest potrzebne, by wygra\u0107 mecz.<\/p>\n<p>Legendarni zawodnicy<br \/>\nWciel si\u0119 w jednego z&nbsp;14 legendarnych zawodnik\u00f3w ligi Toasterball jako dru\u017cyna Burners lub&nbsp;Defrosters! Ka\u017cdy toster, czy to ma\u0142y, czy niezwykle nowoczesny, czy staro\u017cytny chlebowy wojownik, ma swoj\u0105 osobowo\u015b\u0107 i&nbsp;histori\u0119 widoczn\u0105 w jego wygl\u0105dzie i&nbsp;drobnych detalach, takich jak zawarto\u015b\u0107 jego szafki w szatni czy animowana sekwencja na pocz\u0105tku meczu.<\/p>","protected":false},"excerpt":{"rendered":"<p>Pi\u0142ka, dwie bramki i&#8230; tostery! Witamy w \u015bwiecie Toasterball. Toasterball to sportowa gra multiplayer wykorzystuj\u0105ca fizyk\u0119, kt\u00f3rej zasad \u0142atwo si\u0119 nauczy\u0107 i&nbsp;kt\u00f3ra \u015bwietnie nadaje si\u0119 na wieczory na kanapie z&nbsp;przyjaci\u00f3\u0142mi (to gra dla 1-4 graczy z&nbsp;lokalnym trybem wieloosobowym). Poniewa\u017c gracze wcielaj\u0105 si\u0119 w tostery, mo\u017cna si\u0119 spodziewa\u0107 chaosu, nietypowych sytuacji, zagro\u017cenia pora\u017ceniem pr\u0105dem, i&nbsp;wi\u0119kszej liczby [&hellip;]<\/p>\n","protected":false},"featured_media":664428,"comment_status":"closed","ping_status":"closed","template":"","meta":{"ub_ctt_via":""},"product_cat":[232],"product_tag":[218],"class_list":["post-662568","product","type-product","status-publish","has-post-thumbnail","hentry","product_cat-sports","product_tag-games","platform-steam-works"],"_links":{"self":[{"href":"https:\/\/neuvee.com\/pl\/wp-json\/wp\/v2\/product\/662568","targetHints":{"allow":["GET"]}}],"collection":[{"href":"https:\/\/neuvee.com\/pl\/wp-json\/wp\/v2\/product"}],"about":[{"href":"https:\/\/neuvee.com\/pl\/wp-json\/wp\/v2\/types\/product"}],"replies":[{"embeddable":true,"href":"https:\/\/neuvee.com\/pl\/wp-json\/wp\/v2\/comments?post=662568"}],"wp:featuredmedia":[{"embeddable":true,"href":"https:\/\/neuvee.com\/pl\/wp-json\/wp\/v2\/media\/664428"}],"wp:attachment":[{"href":"https:\/\/neuvee.com\/pl\/wp-json\/wp\/v2\/media?parent=662568"}],"wp:term":[{"taxonomy":"product_cat","embeddable":true,"href":"https:\/\/neuvee.com\/pl\/wp-json\/wp\/v2\/product_cat?post=662568"},{"taxonomy":"product_tag","embeddable":true,"href":"https:\/\/neuvee.com\/pl\/wp-json\/wp\/v2\/product_tag?post=662568"}],"curies":[{"name":"wp","href":"https:\/\/api.w.org\/{rel}","templated":true}]}}