{"id":662539,"date":"2023-06-27T10:54:05","date_gmt":"2023-06-27T10:54:05","guid":{"rendered":"https:\/\/neuvee.com\/?post_type=product&#038;p=662539"},"modified":"2025-05-19T13:46:51","modified_gmt":"2025-05-19T13:46:51","slug":"the-unfinished-swan-5","status":"publish","type":"product","link":"https:\/\/neuvee.com\/pl\/product\/the-unfinished-swan-5\/","title":{"rendered":"THE UNFINISHED SWAN"},"content":{"rendered":"<p>Gra tw\u00f3rc\u00f3w What Remains of Edith Finch.<\/p>\n<p>Przemierzaj tajemnicz\u0105, sk\u0105pan\u0105 w bieli rzeczywisto\u015b\u0107 i&nbsp;rozbryzguj farb\u0119, aby ujawni\u0107 otaczaj\u0105cy Ci\u0119 \u015bwiat w The Unfinished Swan. Jako Monroe, 10-letnia sierota, pod\u0105\u017casz \u015bladami \u0142ab\u0119dzia, kt\u00f3ry wyrwa\u0142 si\u0119 z&nbsp;nieuko\u0144czonego malowid\u0142a i&nbsp;wyprawi\u0142 si\u0119 na przechadzk\u0119 poprzez surrealistyczn\u0105 krain\u0119 wprost z&nbsp;fantastycznych opowie\u015bci. Ka\u017cdy rozdzia\u0142 tej osobliwej historii przynosi ze sob\u0105 niespodzianki, nowe sposoby interakcji z&nbsp;eksplorowanym \u015bwiatem, spotkania z&nbsp;przedziwnymi (i niekiedy niebezpiecznymi) stworzeniami oraz&nbsp;konfrontacje z&nbsp;ekscentrycznym kr\u00f3lem, kt\u00f3ry zbudowa\u0142 to niecodzienne imperium.<\/p>\n<p>Gra ukaza\u0142a si\u0119 pierwotnie na platformie PlayStation.<\/p>\n<p><\/p>","protected":false},"excerpt":{"rendered":"<p>Gra tw\u00f3rc\u00f3w What Remains of Edith Finch. Przemierzaj tajemnicz\u0105, sk\u0105pan\u0105 w bieli rzeczywisto\u015b\u0107 i&nbsp;rozbryzguj farb\u0119, aby ujawni\u0107 otaczaj\u0105cy Ci\u0119 \u015bwiat w The Unfinished Swan. Jako Monroe, 10-letnia sierota, pod\u0105\u017casz \u015bladami \u0142ab\u0119dzia, kt\u00f3ry wyrwa\u0142 si\u0119 z&nbsp;nieuko\u0144czonego malowid\u0142a i&nbsp;wyprawi\u0142 si\u0119 na przechadzk\u0119 poprzez surrealistyczn\u0105 krain\u0119 wprost z&nbsp;fantastycznych opowie\u015bci. Ka\u017cdy rozdzia\u0142 tej osobliwej historii przynosi ze sob\u0105 niespodzianki, [&hellip;]<\/p>\n","protected":false},"featured_media":663577,"comment_status":"closed","ping_status":"closed","template":"","meta":{"ub_ctt_via":""},"product_cat":[127,221],"product_tag":[218],"class_list":["post-662539","product","type-product","status-publish","has-post-thumbnail","hentry","product_cat-adventure","product_cat-indie","product_tag-games","platform-steam-works"],"_links":{"self":[{"href":"https:\/\/neuvee.com\/pl\/wp-json\/wp\/v2\/product\/662539","targetHints":{"allow":["GET"]}}],"collection":[{"href":"https:\/\/neuvee.com\/pl\/wp-json\/wp\/v2\/product"}],"about":[{"href":"https:\/\/neuvee.com\/pl\/wp-json\/wp\/v2\/types\/product"}],"replies":[{"embeddable":true,"href":"https:\/\/neuvee.com\/pl\/wp-json\/wp\/v2\/comments?post=662539"}],"wp:featuredmedia":[{"embeddable":true,"href":"https:\/\/neuvee.com\/pl\/wp-json\/wp\/v2\/media\/663577"}],"wp:attachment":[{"href":"https:\/\/neuvee.com\/pl\/wp-json\/wp\/v2\/media?parent=662539"}],"wp:term":[{"taxonomy":"product_cat","embeddable":true,"href":"https:\/\/neuvee.com\/pl\/wp-json\/wp\/v2\/product_cat?post=662539"},{"taxonomy":"product_tag","embeddable":true,"href":"https:\/\/neuvee.com\/pl\/wp-json\/wp\/v2\/product_tag?post=662539"}],"curies":[{"name":"wp","href":"https:\/\/api.w.org\/{rel}","templated":true}]}}