{"id":662533,"date":"2023-06-27T10:51:32","date_gmt":"2023-06-27T10:51:32","guid":{"rendered":"https:\/\/neuvee.com\/?post_type=product&#038;p=662533"},"modified":"2025-05-19T13:56:57","modified_gmt":"2025-05-19T13:56:57","slug":"the-tenants-3","status":"publish","type":"product","link":"https:\/\/neuvee.com\/pl\/product\/the-tenants-3\/","title":{"rendered":"THE TENANTS"},"content":{"rendered":"<p>Zosta\u0144 w\u0142a\u015bcicielem nieruchomo\u015bci i&nbsp;wybuduj swoje mieszkaniowe imperium! Urz\u0105dzisz swoje mieszkanie dla grupy gamer\u00f3w czy dla aspiruj\u0105cego muzyka szukaj\u0105cego nowego domu? Jak poradzisz sobie z&nbsp;lokatorami gdy s\u0105siedzi nie b\u0119d\u0105 mogli ju\u017c ich znie\u015b\u0107 i&nbsp;regularnie zaczn\u0105 wzywa\u0107 policj\u0119?<\/p>\n<p>Opiekuj si\u0119 swoimi lokatorami!<br \/>\nZastan\u00f3w si\u0119 dobrze z&nbsp;kim chcesz robi\u0107 swoje interesy. Reaguj na r\u00f3\u017cnorodne sytuacje\u2026 nie wiesz, do czego s\u0105 zdolni twoi lokatorzy: denerwuj\u0105cy s\u0105siedzi, po\u017car w mieszkaniu lub&nbsp;wizyta policji? Przygotuj si\u0119 na wszystko!<\/p>\n<p>Urz\u0105dzaj po swojemu!<br \/>\nZaprojektuj swoje mieszkanie i&nbsp;zachwy\u0107 swoich lokator\u00f3w. Pozb\u0105d\u017a si\u0119 starej farby, uporz\u0105dkuj mieszkanie oraz&nbsp;kup nowe meble. Im lepiej przygotujesz swoje mieszkanie, tym wi\u0119cej pieni\u0119dzy uda Ci si\u0119 zarobi\u0107!<\/p>\n<p>Rozbud\u017a sw\u00f3j zmys\u0142 przedsi\u0119biorcy!<br \/>\nInwestuj m\u0105drze by zarobi\u0107 jak najwi\u0119cej. Szukaj tanich mieszka\u0144 i&nbsp;kup je po okazyjnej cenie! Lubisz ryzykowne inwestycje, kt\u00f3re mog\u0105 Ci przynie\u015b\u0107 milionowe zyski? A mo\u017ce wolisz powoli budowa\u0107 sw\u00f3j maj\u0105tek? Wyb\u00f3r nale\u017cy do Ciebie!<\/p>\n<p>Zbuduj swoje imperium nieruchomo\u015bci!<br \/>\nZosta\u0144 w\u0142a\u015bcicielem mieszkania i&nbsp;rozpocznij swoj\u0105 przygod\u0119 w \u015bwiecie powa\u017cnych biznes\u00f3w. Zosta\u0144 kowalem swojego losu i&nbsp;przygotuj si\u0119 na podr\u00f3\u017c pe\u0142n\u0105 przyg\u00f3d i&nbsp;wielkich pieni\u0119dzy!<\/p>\n<p><\/p>","protected":false},"excerpt":{"rendered":"<p>Zosta\u0144 w\u0142a\u015bcicielem nieruchomo\u015bci i&nbsp;wybuduj swoje mieszkaniowe imperium! Urz\u0105dzisz swoje mieszkanie dla grupy gamer\u00f3w czy dla aspiruj\u0105cego muzyka szukaj\u0105cego nowego domu? Jak poradzisz sobie z&nbsp;lokatorami gdy s\u0105siedzi nie b\u0119d\u0105 mogli ju\u017c ich znie\u015b\u0107 i&nbsp;regularnie zaczn\u0105 wzywa\u0107 policj\u0119? Opiekuj si\u0119 swoimi lokatorami! Zastan\u00f3w si\u0119 dobrze z&nbsp;kim chcesz robi\u0107 swoje interesy. Reaguj na r\u00f3\u017cnorodne sytuacje\u2026 nie wiesz, do [&hellip;]<\/p>\n","protected":false},"featured_media":664780,"comment_status":"closed","ping_status":"closed","template":"","meta":{"ub_ctt_via":""},"product_cat":[223,221,78],"product_tag":[218,264],"class_list":["post-662533","product","type-product","status-publish","has-post-thumbnail","hentry","product_cat-casual","product_cat-indie","product_cat-simulation","product_tag-games","product_tag-weekend-sale","platform-steam-works"],"_links":{"self":[{"href":"https:\/\/neuvee.com\/pl\/wp-json\/wp\/v2\/product\/662533","targetHints":{"allow":["GET"]}}],"collection":[{"href":"https:\/\/neuvee.com\/pl\/wp-json\/wp\/v2\/product"}],"about":[{"href":"https:\/\/neuvee.com\/pl\/wp-json\/wp\/v2\/types\/product"}],"replies":[{"embeddable":true,"href":"https:\/\/neuvee.com\/pl\/wp-json\/wp\/v2\/comments?post=662533"}],"wp:featuredmedia":[{"embeddable":true,"href":"https:\/\/neuvee.com\/pl\/wp-json\/wp\/v2\/media\/664780"}],"wp:attachment":[{"href":"https:\/\/neuvee.com\/pl\/wp-json\/wp\/v2\/media?parent=662533"}],"wp:term":[{"taxonomy":"product_cat","embeddable":true,"href":"https:\/\/neuvee.com\/pl\/wp-json\/wp\/v2\/product_cat?post=662533"},{"taxonomy":"product_tag","embeddable":true,"href":"https:\/\/neuvee.com\/pl\/wp-json\/wp\/v2\/product_tag?post=662533"}],"curies":[{"name":"wp","href":"https:\/\/api.w.org\/{rel}","templated":true}]}}