{"id":662520,"date":"2023-06-27T10:37:53","date_gmt":"2023-06-27T10:37:53","guid":{"rendered":"https:\/\/neuvee.com\/?post_type=product&#038;p=662520"},"modified":"2025-05-19T13:56:35","modified_gmt":"2025-05-19T13:56:35","slug":"the-pathless-5","status":"publish","type":"product","link":"https:\/\/neuvee.com\/pl\/product\/the-pathless-5\/","title":{"rendered":"THE PATHLESS"},"content":{"rendered":"<p>Tw\u00f3rcy ABZ\u00db przedstawiaj\u0105 The Pathless \u2013 przygod\u0119 \u0142uczniczki i&nbsp;or\u0142a przemierzaj\u0105cych wielki las.<\/p>\n<p>\u0141ucznictwo i&nbsp;polowanie<br \/>\nWciel si\u0119 w \u0141owczyni\u0119, mistrzyni\u0119 \u0142ucznictwa przemierzaj\u0105c\u0105 tajemnicz\u0105 wysp\u0119 w celu zdj\u0119cia mrocznej kl\u0105twy, kt\u00f3ra po\u017cera \u015bwiat. Buduj relacje ze swoim or\u0142em i&nbsp;szybuj w przestworzach. Wykonuj sztuczki akrobatyczne oraz&nbsp;korzystaj z&nbsp;wyj\u0105tkowego i&nbsp;rozbudowanego systemu \u0142ucznictwa.<\/p>\n<p>Eksploracja otwartego \u015bwiata<br \/>\nWytycz swoj\u0105 w\u0142asn\u0105 \u015bcie\u017ck\u0119 poprzez pi\u0119kny, otwarty \u015bwiat pe\u0142en tajemnic. Przemierzaj mgliste lasy, barwne \u0142\u0105ki oraz&nbsp;\u015bnie\u017cn\u0105 tundr\u0119. Odkryj mroczn\u0105 histori\u0119 wyspy. Zwiedzaj ruiny i&nbsp;wierzcho\u0142ki drzew.<\/p>\n<p>Polowanie na spaczone duchy<br \/>\nW kniei czaj\u0105 si\u0119 gigantyczne, spaczone duchy. Polowanie na te istoty poch\u0142onie wszystkie twoje umiej\u0119tno\u015bci, tote\u017c bacz, aby\u015b sama nie sta\u0142a si\u0119 zwierzyn\u0105. Bierz udzia\u0142 w epickich bitwach i&nbsp;przywr\u00f3\u0107 blask tej krainie. Walczysz o&nbsp;r\u00f3wnowag\u0119 \u015bwiata.<\/p>\n<p><\/p>","protected":false},"excerpt":{"rendered":"<p>Tw\u00f3rcy ABZ\u00db przedstawiaj\u0105 The Pathless \u2013 przygod\u0119 \u0142uczniczki i&nbsp;or\u0142a przemierzaj\u0105cych wielki las. \u0141ucznictwo i&nbsp;polowanie Wciel si\u0119 w \u0141owczyni\u0119, mistrzyni\u0119 \u0142ucznictwa przemierzaj\u0105c\u0105 tajemnicz\u0105 wysp\u0119 w celu zdj\u0119cia mrocznej kl\u0105twy, kt\u00f3ra po\u017cera \u015bwiat. Buduj relacje ze swoim or\u0142em i&nbsp;szybuj w przestworzach. Wykonuj sztuczki akrobatyczne oraz&nbsp;korzystaj z&nbsp;wyj\u0105tkowego i&nbsp;rozbudowanego systemu \u0142ucznictwa. Eksploracja otwartego \u015bwiata Wytycz swoj\u0105 w\u0142asn\u0105 \u015bcie\u017ck\u0119 poprzez [&hellip;]<\/p>\n","protected":false},"featured_media":663554,"comment_status":"closed","ping_status":"closed","template":"","meta":{"ub_ctt_via":""},"product_cat":[88,127,221],"product_tag":[218],"class_list":["post-662520","product","type-product","status-publish","has-post-thumbnail","hentry","product_cat-action","product_cat-adventure","product_cat-indie","product_tag-games","platform-steam-works"],"_links":{"self":[{"href":"https:\/\/neuvee.com\/pl\/wp-json\/wp\/v2\/product\/662520","targetHints":{"allow":["GET"]}}],"collection":[{"href":"https:\/\/neuvee.com\/pl\/wp-json\/wp\/v2\/product"}],"about":[{"href":"https:\/\/neuvee.com\/pl\/wp-json\/wp\/v2\/types\/product"}],"replies":[{"embeddable":true,"href":"https:\/\/neuvee.com\/pl\/wp-json\/wp\/v2\/comments?post=662520"}],"wp:featuredmedia":[{"embeddable":true,"href":"https:\/\/neuvee.com\/pl\/wp-json\/wp\/v2\/media\/663554"}],"wp:attachment":[{"href":"https:\/\/neuvee.com\/pl\/wp-json\/wp\/v2\/media?parent=662520"}],"wp:term":[{"taxonomy":"product_cat","embeddable":true,"href":"https:\/\/neuvee.com\/pl\/wp-json\/wp\/v2\/product_cat?post=662520"},{"taxonomy":"product_tag","embeddable":true,"href":"https:\/\/neuvee.com\/pl\/wp-json\/wp\/v2\/product_tag?post=662520"}],"curies":[{"name":"wp","href":"https:\/\/api.w.org\/{rel}","templated":true}]}}