{"id":662507,"date":"2023-06-27T10:30:26","date_gmt":"2023-06-27T10:30:26","guid":{"rendered":"https:\/\/neuvee.com\/?post_type=product&#038;p=662507"},"modified":"2025-05-19T13:23:18","modified_gmt":"2025-05-19T13:23:18","slug":"the-longest-road-on-earth-world-tour-bundle-3","status":"publish","type":"product","link":"https:\/\/neuvee.com\/pl\/product\/the-longest-road-on-earth-world-tour-bundle-3\/","title":{"rendered":"THE LONGEST ROAD ON EARTH WORLD TOUR BUNDLE"},"content":{"rendered":"<p>*World Tour Bundle to wersja przeznaczona dla tych, kt\u00f3rzy chc\u0105 przej\u015b\u0107 ca\u0142\u0105 drog\u0119 gry The Longest Road on Earth. Zawarto\u015b\u0107 tego zestawu to:*<br \/>\n&#8211; Gra The Longest Road on Earth<br \/>\n&#8211; \u015acie\u017cka d\u017awi\u0119kowa The Longest Road on Earth<br \/>\n&#8211; 3 g\u0142\u00f3wne utwory idealne do remiksowania!<br \/>\n&#8211; Wybrane nuty i&nbsp;teksty r\u00f3\u017cnych utwor\u00f3w.<br \/>\n&#8211; Film dokumentalny o&nbsp;kulisach tworzenia gry The Longest Road on Earth i&nbsp;jej \u015bcie\u017cki d\u017awi\u0119kowej.<br \/>\n&#8211; Album pe\u0142en niezwyk\u0142ych ilustracji w grafice pikselowej.<\/p>\n<p>Graj z&nbsp;piosenk\u0105.  <\/p>\n<p>The Longest Road on Earth to sk\u0142aniaj\u0105ca do refleksji i&nbsp;wr\u0119cz intymna gra fabularna. Graj z&nbsp;piosenkami, poznaj\u0105c cztery historyjki bez s\u0142\u00f3w i&nbsp;zb\u0119dnych zawi\u0142o\u015bci rozgrywki. Ka\u017cd\u0105 opowie\u015b\u0107 mo\u017cna interpretowa\u0107 na sw\u00f3j spos\u00f3b. Jakie wydarzenia skrywaj\u0105 dusze bohater\u00f3w i&nbsp;\u015bwiat wok\u00f3\u0142 nich? <\/p>\n<p>Wszystko to zilustrowane jest melancholijn\u0105 \u015bcie\u017ck\u0105 d\u017awi\u0119kow\u0105, sk\u0142adaj\u0105c\u0105 si\u0119 z&nbsp;co najmniej 24 oryginalnych, g\u0142\u0119boko poruszaj\u0105cych piosenek w wykonaniu Be\u00edcoli. <\/p>\n<p>Przej\u015bcie gry The Longest Road on Earth zajmuje jedynie dwie godziny, jednak&nbsp;ka\u017cda chwila jest warta uwagi. <\/p>\n<p>*PIE\u015aNI O \u017bYCIU *<br \/>\nWs\u0142uchaj si\u0119 w oryginaln\u0105, hipnotyzuj\u0105c\u0105 \u015bcie\u017ck\u0119 d\u017awi\u0119kow\u0105, kt\u00f3rej motywy i&nbsp;s\u0142owa wpisuj\u0105 si\u0119 w koj\u0105ce, pe\u0142ne prostoty i&nbsp;uroku sceny gry The Longest Road on Earth. Poznaj uczucia, wra\u017cenia, sytuacje i&nbsp;spostrze\u017cenia, kt\u00f3re mo\u017ce i&nbsp;nie s\u0105 nadzwyczajne, za to definiuj\u0105 nasze cz\u0142owiecze\u0144stwo, prze\u017cycia i&nbsp;spos\u00f3b, w jaki si\u0119 tym wszystkim dzielimy. <\/p>\n<p>*PRZYWO\u0141UJ WSPOMNIENIA *<br \/>\nPrzejd\u017a cztery rozdzia\u0142y gry, w kt\u00f3rych uchwycono kwintesencj\u0119 codzienno\u015bci, i&nbsp;przegl\u0105daj migawki wspomnie\u0144, zar\u00f3wno tych najwa\u017cniejszych, jak i&nbsp;ma\u0142o znacz\u0105cych, przy akompaniamencie melancholijnej \u015bcie\u017cki d\u017awi\u0119kowej. Bez dialog\u00f3w i&nbsp;warstwy tekstowej z&nbsp;\u0142atwo\u015bci\u0105 wczujesz si\u0119 w chwile z&nbsp;\u017cycia bohater\u00f3w gry i&nbsp;stworzysz ich w\u0142asne interpretacje. Cho\u0107 gra The Longest Road on Earth nie jest d\u0142uga (trwa poni\u017cej 3 godzin), to mo\u017cna w niej si\u0119 otuli\u0107 przyjemn\u0105 pierzyn\u0105 drobnych przyjemno\u015bci, takich jak zdmuchiwanie dmuchawc\u00f3w, zbieranie muszelek, zimowa jazda na sankach pierwszego dnia zimy czy letnia wycieczka rowerem. <\/p>\n<p>*ZWYCZAJNE, SPOKOJNE PRZE\u017bYCIA *<br \/>\nW grze The Longest Road on Earth nie trzeba si\u0119 zmaga\u0107 z&nbsp;wyzwaniami czy pora\u017ckami. Prostota sterowania i&nbsp;odpr\u0119\u017caj\u0105ce tempo akcji sprawiaj\u0105, \u017ce mog\u0105 w ni\u0105 zagra\u0107 wszyscy, bez wzgl\u0119du na wiek, zdolno\u015bci manualne czy j\u0119zyk.<\/p>","protected":false},"excerpt":{"rendered":"<p>*World Tour Bundle to wersja przeznaczona dla tych, kt\u00f3rzy chc\u0105 przej\u015b\u0107 ca\u0142\u0105 drog\u0119 gry The Longest Road on Earth. Zawarto\u015b\u0107 tego zestawu to:* &#8211; Gra The Longest Road on Earth &#8211; \u015acie\u017cka d\u017awi\u0119kowa The Longest Road on Earth &#8211; 3 g\u0142\u00f3wne utwory idealne do remiksowania! &#8211; Wybrane nuty i&nbsp;teksty r\u00f3\u017cnych utwor\u00f3w. &#8211; Film dokumentalny o&nbsp;kulisach [&hellip;]<\/p>\n","protected":false},"featured_media":664407,"comment_status":"closed","ping_status":"closed","template":"","meta":{"ub_ctt_via":""},"product_cat":[127,223,221],"product_tag":[218],"class_list":["post-662507","product","type-product","status-publish","has-post-thumbnail","hentry","product_cat-adventure","product_cat-casual","product_cat-indie","product_tag-games","platform-steam-works"],"_links":{"self":[{"href":"https:\/\/neuvee.com\/pl\/wp-json\/wp\/v2\/product\/662507","targetHints":{"allow":["GET"]}}],"collection":[{"href":"https:\/\/neuvee.com\/pl\/wp-json\/wp\/v2\/product"}],"about":[{"href":"https:\/\/neuvee.com\/pl\/wp-json\/wp\/v2\/types\/product"}],"replies":[{"embeddable":true,"href":"https:\/\/neuvee.com\/pl\/wp-json\/wp\/v2\/comments?post=662507"}],"wp:featuredmedia":[{"embeddable":true,"href":"https:\/\/neuvee.com\/pl\/wp-json\/wp\/v2\/media\/664407"}],"wp:attachment":[{"href":"https:\/\/neuvee.com\/pl\/wp-json\/wp\/v2\/media?parent=662507"}],"wp:term":[{"taxonomy":"product_cat","embeddable":true,"href":"https:\/\/neuvee.com\/pl\/wp-json\/wp\/v2\/product_cat?post=662507"},{"taxonomy":"product_tag","embeddable":true,"href":"https:\/\/neuvee.com\/pl\/wp-json\/wp\/v2\/product_tag?post=662507"}],"curies":[{"name":"wp","href":"https:\/\/api.w.org\/{rel}","templated":true}]}}