{"id":662504,"date":"2023-06-27T10:28:53","date_gmt":"2023-06-27T10:28:53","guid":{"rendered":"https:\/\/neuvee.com\/?post_type=product&#038;p=662504"},"modified":"2025-05-19T14:38:12","modified_gmt":"2025-05-19T14:38:12","slug":"the-longest-road-on-earth-backstage-edition","status":"publish","type":"product","link":"https:\/\/neuvee.com\/pl\/product\/the-longest-road-on-earth-backstage-edition\/","title":{"rendered":"THE LONGEST ROAD ON EARTH &#8211; BACKSTAGE EDITION"},"content":{"rendered":"<p>Co\u015b dla ka\u017cdego, kto chce zobaczy\u0107, jak powstawa\u0142a gra The Longest Road on Earth w drodze do premiery:<br \/>\n&#8211; 3 g\u0142\u00f3wne utwory idealne do remiksowania!<br \/>\n&#8211; Wybrane nuty i&nbsp;teksty r\u00f3\u017cnych utwor\u00f3w.<br \/>\n&#8211; Film dokumentalny o&nbsp;kulisach tworzenia gry The Longest Road on Earth i&nbsp;jej \u015bcie\u017cki d\u017awi\u0119kowej.<br \/>\n&#8211; Album pe\u0142en niezwyk\u0142ych ilustracji w grafice pikselowej.<\/p>","protected":false},"excerpt":{"rendered":"<p>Co\u015b dla ka\u017cdego, kto chce zobaczy\u0107, jak powstawa\u0142a gra The Longest Road on Earth w drodze do premiery: &#8211; 3 g\u0142\u00f3wne utwory idealne do remiksowania! &#8211; Wybrane nuty i&nbsp;teksty r\u00f3\u017cnych utwor\u00f3w. &#8211; Film dokumentalny o&nbsp;kulisach tworzenia gry The Longest Road on Earth i&nbsp;jej \u015bcie\u017cki d\u017awi\u0119kowej. &#8211; Album pe\u0142en niezwyk\u0142ych ilustracji w grafice pikselowej.<\/p>\n","protected":false},"featured_media":668793,"comment_status":"closed","ping_status":"closed","template":"","meta":{"ub_ctt_via":""},"product_cat":[127,223,221],"product_tag":[218],"class_list":["post-662504","product","type-product","status-publish","has-post-thumbnail","hentry","product_cat-adventure","product_cat-casual","product_cat-indie","product_tag-games","platform-steam-works"],"_links":{"self":[{"href":"https:\/\/neuvee.com\/pl\/wp-json\/wp\/v2\/product\/662504","targetHints":{"allow":["GET"]}}],"collection":[{"href":"https:\/\/neuvee.com\/pl\/wp-json\/wp\/v2\/product"}],"about":[{"href":"https:\/\/neuvee.com\/pl\/wp-json\/wp\/v2\/types\/product"}],"replies":[{"embeddable":true,"href":"https:\/\/neuvee.com\/pl\/wp-json\/wp\/v2\/comments?post=662504"}],"wp:featuredmedia":[{"embeddable":true,"href":"https:\/\/neuvee.com\/pl\/wp-json\/wp\/v2\/media\/668793"}],"wp:attachment":[{"href":"https:\/\/neuvee.com\/pl\/wp-json\/wp\/v2\/media?parent=662504"}],"wp:term":[{"taxonomy":"product_cat","embeddable":true,"href":"https:\/\/neuvee.com\/pl\/wp-json\/wp\/v2\/product_cat?post=662504"},{"taxonomy":"product_tag","embeddable":true,"href":"https:\/\/neuvee.com\/pl\/wp-json\/wp\/v2\/product_tag?post=662504"}],"curies":[{"name":"wp","href":"https:\/\/api.w.org\/{rel}","templated":true}]}}