{"id":661308,"date":"2023-06-22T00:12:51","date_gmt":"2023-06-22T00:12:51","guid":{"rendered":"https:\/\/neuvee.com\/?post_type=product&#038;p=661308"},"modified":"2025-05-19T13:31:10","modified_gmt":"2025-05-19T13:31:10","slug":"the-entropy-centre-4","status":"publish","type":"product","link":"https:\/\/neuvee.com\/pl\/product\/the-entropy-centre-4\/","title":{"rendered":"THE ENTROPY CENTRE"},"content":{"rendered":"<p>The Entropy Centre to przyprawiaj\u0105ca o&nbsp;zawr\u00f3t g\u0142owy przygoda, w kt\u00f3rej przesy\u0142asz przedmioty w czasie, by poradzi\u0107 sobie z&nbsp;pozornie niemo\u017cliwymi do pokonania przeszkodami i&nbsp;wyzwaniami.<\/p>\n<p>Manipuluj dowolnie czasem i&nbsp;przemierzaj arcytrudne pomieszczenia z&nbsp;\u0142amig\u0142\u00f3wkami, zbli\u017caj\u0105c si\u0119 dzi\u0119ki ka\u017cdemu sukcesowi ku centrum olbrzymiej stacji kosmicznej na ziemskiej orbicie.<br \/>\nKatastrofa na globaln\u0105 skal\u0119 poch\u0142on\u0119\u0142a ludzko\u015b\u0107. Wygl\u0105da na to, \u017ce jeste\u015b ostatni\u0105 \u017cyw\u0105 osob\u0105. Nadzieja ludzko\u015bci kryje si\u0119 w sercu The Entropy Centre.<br \/>\nPoznaj ASTR\u0118, najbardziej zaawansowany cud techniczny w The Entropy Centre. ASTRA to urz\u0105dzenie ze sztuczn\u0105 inteligencj\u0105, kt\u00f3re mo\u017ce przeskanowa\u0107 czasoprzestrzenn\u0105 chronologi\u0119 dowolnego przedmiotu i&nbsp;wys\u0142a\u0107 go w przesz\u0142o\u015b\u0107. Jego moce pozwalaj\u0105 na odbudow\u0119 rozpadaj\u0105cych si\u0119 kolumn, ale r\u00f3wnie\u017c na podgrzanie zimnej herbaty. To do\u015b\u0107 imponuj\u0105ca zabawka.<br \/>\nWyja\u015bnienie nadchodz\u0105cego rozpadu The Entropy Centre i&nbsp;ko\u0144ca ludzko\u015bci znajduje si\u0119 w sercu tego olbrzymiego i&nbsp;pe\u0142nego niebezpiecze\u0144stw miejsca. Czy pogodzisz si\u0119 z&nbsp;niewygodn\u0105 prawd\u0105 czekaj\u0105c\u0105 na odkrycie?<br \/>\nPena diabelsko trudnych wyzwa\u0144 i&nbsp;kipi\u0105ca b\u0142yskotliw\u0105 fabu\u0142\u0105 wspomagan\u0105 przez wybitne aktorstwo g\u0142osowe, gra The Entropy Centre jest po\u0142\u0105czeniem wspania\u0142ej \u0142amig\u0142\u00f3wki z&nbsp;epick\u0105 przygod\u0105.<\/p>\n<p><\/p>","protected":false},"excerpt":{"rendered":"<p>The Entropy Centre to przyprawiaj\u0105ca o&nbsp;zawr\u00f3t g\u0142owy przygoda, w kt\u00f3rej przesy\u0142asz przedmioty w czasie, by poradzi\u0107 sobie z&nbsp;pozornie niemo\u017cliwymi do pokonania przeszkodami i&nbsp;wyzwaniami. Manipuluj dowolnie czasem i&nbsp;przemierzaj arcytrudne pomieszczenia z&nbsp;\u0142amig\u0142\u00f3wkami, zbli\u017caj\u0105c si\u0119 dzi\u0119ki ka\u017cdemu sukcesowi ku centrum olbrzymiej stacji kosmicznej na ziemskiej orbicie. Katastrofa na globaln\u0105 skal\u0119 poch\u0142on\u0119\u0142a ludzko\u015b\u0107. Wygl\u0105da na to, \u017ce jeste\u015b ostatni\u0105 [&hellip;]<\/p>\n","protected":false},"featured_media":661402,"comment_status":"closed","ping_status":"closed","template":"","meta":{"ub_ctt_via":""},"product_cat":[127],"product_tag":[218],"class_list":["post-661308","product","type-product","status-publish","has-post-thumbnail","hentry","product_cat-adventure","product_tag-games","platform-steam-works"],"_links":{"self":[{"href":"https:\/\/neuvee.com\/pl\/wp-json\/wp\/v2\/product\/661308","targetHints":{"allow":["GET"]}}],"collection":[{"href":"https:\/\/neuvee.com\/pl\/wp-json\/wp\/v2\/product"}],"about":[{"href":"https:\/\/neuvee.com\/pl\/wp-json\/wp\/v2\/types\/product"}],"replies":[{"embeddable":true,"href":"https:\/\/neuvee.com\/pl\/wp-json\/wp\/v2\/comments?post=661308"}],"wp:featuredmedia":[{"embeddable":true,"href":"https:\/\/neuvee.com\/pl\/wp-json\/wp\/v2\/media\/661402"}],"wp:attachment":[{"href":"https:\/\/neuvee.com\/pl\/wp-json\/wp\/v2\/media?parent=661308"}],"wp:term":[{"taxonomy":"product_cat","embeddable":true,"href":"https:\/\/neuvee.com\/pl\/wp-json\/wp\/v2\/product_cat?post=661308"},{"taxonomy":"product_tag","embeddable":true,"href":"https:\/\/neuvee.com\/pl\/wp-json\/wp\/v2\/product_tag?post=661308"}],"curies":[{"name":"wp","href":"https:\/\/api.w.org\/{rel}","templated":true}]}}