{"id":661304,"date":"2023-06-22T00:09:53","date_gmt":"2023-06-22T00:09:53","guid":{"rendered":"https:\/\/neuvee.com\/?post_type=product&#038;p=661304"},"modified":"2025-05-19T14:13:45","modified_gmt":"2025-05-19T14:13:45","slug":"the-dragoness-command-of-the-flame","status":"publish","type":"product","link":"https:\/\/neuvee.com\/pl\/product\/the-dragoness-command-of-the-flame\/","title":{"rendered":"THE DRAGONESS: COMMAND OF THE FLAME"},"content":{"rendered":"<p>The Dragoness \u0142\u0105czy eksploracj\u0119, budowanie miast i&nbsp;turowe, taktyczne walki znane z&nbsp;serii HOMM z&nbsp;elementami roguelite. Wybieraj bitwy, kt\u00f3re chcesz toczy\u0107, \u015bcie\u017cki i&nbsp;umiej\u0119tno\u015bci, przemierzaj\u0105c \u015bwiat zniszczony przez wojn\u0119. Zbierz armi\u0119 bestii i&nbsp;zarz\u0105dzaj nimi, gromad\u017a surowce i&nbsp;rozwijaj miasto. <\/p>\n<p>Zainspirowana seri\u0105 HOMM przygoda z&nbsp;elementami roguelite. Wyruszaj\u0105c w epick\u0105 podr\u00f3\u017c po P\u00f3\u0142wyspie Drairthir \u2013 krainie zniszczonej przez walcz\u0105ce ze sob\u0105 frakcje Smok\u00f3w \u2013 wcielasz si\u0119 w rol\u0119 dow\u00f3dczyni zrekrutowanej przez Smoczyc\u0119 pragn\u0105ca podbi\u0107 \u015bwiat i&nbsp;zaprowadzi\u0107 pok\u00f3j. <\/p>\n<p>Zaczynasz w zniszczonej stolicy N\u00edwenborh \u2013 Twoim zadaniem jest odbudowa\u0107 to niegdy\u015b wspania\u0142e miasto. Musisz rekrutowa\u0107 pot\u0119\u017cn\u0105 armi\u0119 bestii i&nbsp;zarz\u0105dza\u0107 surowcami, aby przygotowa\u0107 si\u0119 na niebezpiecze\u0144stwa, kt\u00f3re przezwyci\u0119\u017cysz tylko dzi\u0119ki strategicznemu my\u015bleniu i&nbsp;taktycznym umiej\u0119tno\u015bciom.<br \/>\nW klasycznym systemie walki pot\u0119\u017cna armia jest niczym bez dobrej taktyki. Tocz trudne walki turowe zainspirowane rozgrywk\u0105 HOMM. Prowadz\u0105c sprzymierzone stwory do zwyci\u0119stwa, wykorzystaj znajomo\u015b\u0107 atak\u00f3w wrog\u00f3w, aby ograniczy\u0107 straty do minimum. W miar\u0119 rozwoju Twojej armii bestii mo\u017cesz eksperymentowa\u0107 z&nbsp;r\u00f3\u017cnymi typami jednostek i&nbsp;synergiami umiej\u0119tno\u015bci, aby znale\u017a\u0107 w\u0142asny styl gry i&nbsp;najlepsz\u0105 drog\u0119 do sukcesu.<\/p>\n<p>Pora\u017cki tylko zwi\u0119kszaj\u0105 Twoj\u0105 determinacj\u0119. Wyruszaj na przygody w konwencji roguelite, podczas kt\u00f3rych eksplorujesz nieustannie zmieniaj\u0105cy si\u0119 P\u00f3\u0142wysep Draithir w poszukiwaniu niezb\u0119dnych surowc\u00f3w, pot\u0119\u017cnych stworze\u0144 do Twojej armii, staro\u017cytnych artefakt\u00f3w zwi\u0119kszaj\u0105cych Twoj\u0105 moc i&nbsp;wrog\u00f3w do zmia\u017cd\u017cenia. Ka\u017cda podr\u00f3\u017c odblokowuje nowe bestie, umiej\u0119tno\u015bci i&nbsp;ulepszenia bazy. Nie rozpaczaj nad pora\u017ckami \u2013 za ka\u017cdym razem powstaniesz z&nbsp;wi\u0119ksz\u0105 si\u0142\u0105, rozwijaj\u0105c si\u0119 przy pomocy systemu rozwoju bohaterki.<\/p>\n<p>Same zdolno\u015bci bojowe nie wystarcz\u0105, aby uratowa\u0107 \u015bwiat przed ciemno\u015bci\u0105. Poka\u017c, \u017ce jeste\u015b godna tytu\u0142u dow\u00f3dczyni Smoczycy, przywracaj\u0105c N\u00edwenborh do \u015bwietno\u015bci i&nbsp;wzmacniaj\u0105c jego armi\u0119. Zbieraj surowce, dbaj o&nbsp;swoje bestie, zarz\u0105dzaj rozwojem stolicy i&nbsp;wyznacz kierunek swojego rozwoju. W tym \u015bwiecie wszystko obraca si\u0119 wok\u00f3\u0142 podejmowanych decyzji: wybierz \u015bcie\u017cki, kt\u00f3rymi b\u0119dziesz kroczy\u0107, i&nbsp;bestie, kt\u00f3re dodasz do swojej armii; decyduj, kt\u00f3re bitwy s\u0105 warte wysi\u0142ku, a&nbsp;kt\u00f3rych lepiej unika\u0107. <\/p>\n<p>&#8211; Eksploracja i&nbsp;walka zainspirowana seri\u0105 HOMM.<br \/>\n&#8211; Wyruszaj na przygody w konwencji roguelite, rosn\u0105c w si\u0142\u0119 z&nbsp;ka\u017cd\u0105 pora\u017ck\u0105.<br \/>\n&#8211; Wciel si\u0119 w rol\u0119 dow\u00f3dczyni i&nbsp;rozwijaj jej moce oraz&nbsp;umiej\u0119tno\u015bci.<br \/>\n&#8211; Rekrutuj pot\u0119\u017cn\u0105 armi\u0119 bestii, kt\u00f3r\u0105 b\u0119dziesz dowodzi\u0107 na polu bitwy.<br \/>\n&#8211; Tocz bitwy, kt\u00f3re wystawi\u0105 na pr\u00f3b\u0119 Twoje umiej\u0119tno\u015bci strategicznego my\u015blenia.<br \/>\n&#8211; Wybierz spo\u015br\u00f3d rozmaitych zdolno\u015bci i&nbsp;artefakt\u00f3w, eksperymentuj\u0105c z&nbsp;pot\u0119\u017cnymi synergiami umiej\u0119tno\u015bci.<br \/>\n&#8211; Zbieraj surowce, aby zarz\u0105dza\u0107 stolic\u0119 N\u00edwenborh i&nbsp;rozwija\u0107 j\u0105.<br \/>\n&#8211; Walcz\u0105c w imi\u0119 Smoczycy, zd\u0142aw powstanie i&nbsp;odzyskaj kontrol\u0119 nad kr\u00f3lestwem w starciu z&nbsp;demonicznymi smokami.<\/p>\n<p><\/p>","protected":false},"excerpt":{"rendered":"<p>The Dragoness \u0142\u0105czy eksploracj\u0119, budowanie miast i&nbsp;turowe, taktyczne walki znane z&nbsp;serii HOMM z&nbsp;elementami roguelite. Wybieraj bitwy, kt\u00f3re chcesz toczy\u0107, \u015bcie\u017cki i&nbsp;umiej\u0119tno\u015bci, przemierzaj\u0105c \u015bwiat zniszczony przez wojn\u0119. Zbierz armi\u0119 bestii i&nbsp;zarz\u0105dzaj nimi, gromad\u017a surowce i&nbsp;rozwijaj miasto. Zainspirowana seri\u0105 HOMM przygoda z&nbsp;elementami roguelite. Wyruszaj\u0105c w epick\u0105 podr\u00f3\u017c po P\u00f3\u0142wyspie Drairthir \u2013 krainie zniszczonej przez walcz\u0105ce ze sob\u0105 [&hellip;]<\/p>\n","protected":false},"featured_media":661597,"comment_status":"closed","ping_status":"closed","template":"","meta":{"ub_ctt_via":""},"product_cat":[225,222],"product_tag":[218],"class_list":["post-661304","product","type-product","status-publish","has-post-thumbnail","hentry","product_cat-role-playing","product_cat-strategy","product_tag-games","platform-steam-works"],"_links":{"self":[{"href":"https:\/\/neuvee.com\/pl\/wp-json\/wp\/v2\/product\/661304","targetHints":{"allow":["GET"]}}],"collection":[{"href":"https:\/\/neuvee.com\/pl\/wp-json\/wp\/v2\/product"}],"about":[{"href":"https:\/\/neuvee.com\/pl\/wp-json\/wp\/v2\/types\/product"}],"replies":[{"embeddable":true,"href":"https:\/\/neuvee.com\/pl\/wp-json\/wp\/v2\/comments?post=661304"}],"wp:featuredmedia":[{"embeddable":true,"href":"https:\/\/neuvee.com\/pl\/wp-json\/wp\/v2\/media\/661597"}],"wp:attachment":[{"href":"https:\/\/neuvee.com\/pl\/wp-json\/wp\/v2\/media?parent=661304"}],"wp:term":[{"taxonomy":"product_cat","embeddable":true,"href":"https:\/\/neuvee.com\/pl\/wp-json\/wp\/v2\/product_cat?post=661304"},{"taxonomy":"product_tag","embeddable":true,"href":"https:\/\/neuvee.com\/pl\/wp-json\/wp\/v2\/product_tag?post=661304"}],"curies":[{"name":"wp","href":"https:\/\/api.w.org\/{rel}","templated":true}]}}